{"id":28017,"date":"2025-09-23T15:58:46","date_gmt":"2025-09-23T15:58:46","guid":{"rendered":"https:\/\/whitelip.com\/?post_type=product&#038;p=28017"},"modified":"2026-04-21T10:11:38","modified_gmt":"2026-04-21T10:11:38","slug":"x-booster-coffee-caramel-caffeine","status":"publish","type":"product","link":"https:\/\/whitelip.com\/fr\/x-booster\/x-booster-coffee-caramel-caffeine\/","title":{"rendered":"X-BOOSTER Caf\u00e9 &amp; Caramel Caf\u00e9ine"},"content":{"rendered":"<h2 class=\"translation-block\">X-BOOSTER Caf\u00e9 &amp;amp; Caramel Caf\u00e9ine<\/h2>\n<p class=\"\" data-start=\"76\" data-end=\"609\">Les sachets de caf\u00e9ine X-BOOSTER Caf\u00e9 &amp; Caramel offrent une saveur douce et \u00e9quilibr\u00e9e de caf\u00e9 et de caramel. Chaque sachet de caf\u00e9ine blanc et fin contient 80 mg de caf\u00e9ine, offrant un coup de fouet qui convient \u00e0 tous ceux qui appr\u00e9cient une saveur \u00e9quilibr\u00e9e et une intensit\u00e9 constante. Discret, confortable et sans tache, X-BOOSTER Cool Mint Caffeine est fabriqu\u00e9 par 77 Group pour garantir une haute qualit\u00e9, un go\u00fbt audacieux et une exp\u00e9rience sans nicotine.<\/p>\n<table>\n<tbody>\n<tr>\n<td><b>Attribut<\/b><\/td>\n<td><b>D\u00e9tails<\/b><\/td>\n<\/tr>\n<tr>\n<td><b>Contenu par bo\u00eete<\/b><\/td>\n<td><span style=\"font-weight: 400;\">13g (20 sachets)<\/span><\/td>\n<\/tr>\n<tr>\n<td><b>Teneur en nicotine<\/b><\/td>\n<td><span style=\"font-weight: 400;\">80 mg\/pochette<\/span><\/td>\n<\/tr>\n<tr>\n<td><b>Format de la pochette<\/b><\/td>\n<td><span style=\"font-weight: 400;\">Mince<\/span><\/td>\n<\/tr>\n<tr>\n<td><b>Producteur<\/b><\/td>\n<td><span style=\"font-weight: 400;\">77 Groupe<\/span><\/td>\n<\/tr>\n<tr>\n<td><b>Saveur<\/b><\/td>\n<td><span style=\"font-weight: 400;\">Caf\u00e9 et caramel<\/span><\/td>\n<\/tr>\n<tr>\n<td><b>Taper<\/b><\/td>\n<td><span style=\"font-weight: 400;\">Pochette toute blanche<\/span><\/td>\n<\/tr>\n<\/tbody>\n<\/table>","protected":false},"excerpt":{"rendered":"<p class=\"translation-block\">X-BOOSTER Caf\u00e9 &amp; Caramel offre un m\u00e9lange lisse et \u00e9quilibr\u00e9 de caf\u00e9 et caramel. Les minces sachets blancs sont discrets, confortables et sans tache. Chaque sachet contient 80 mg de caf\u00e9ine pour une intensit\u00e9 r\u00e9guli\u00e8re et fiable. Fabriqu\u00e9 par 77 Group pour une qualit\u00e9 sup\u00e9rieure, un go\u00fbt audacieux et une exp\u00e9rience sans nicotine.<\/p>","protected":false},"featured_media":28021,"comment_status":"open","ping_status":"closed","template":"","format":[206],"meta":{"_acf_changed":false},"product_brand":[],"product_cat":[241],"product_tag":[],"flavours":[192,185],"nicotine":[242,243],"class_list":{"0":"post-28017","1":"product","2":"type-product","3":"status-publish","4":"has-post-thumbnail","6":"product_cat-x-booster","7":"pa_quantity-1-pack","8":"pa_quantity-10-pack","9":"pa_quantity-5-pack","10":"flavours-coffee","11":"flavours-candy","12":"format-slim","13":"nicotine-0-mg-g","14":"nicotine-caffeine","16":"first","17":"instock","18":"taxable","19":"shipping-taxable","20":"purchasable","21":"product-type-variable"},"acf":[],"_links":{"self":[{"href":"https:\/\/whitelip.com\/fr\/wp-json\/wp\/v2\/product\/28017","targetHints":{"allow":["GET"]}}],"collection":[{"href":"https:\/\/whitelip.com\/fr\/wp-json\/wp\/v2\/product"}],"about":[{"href":"https:\/\/whitelip.com\/fr\/wp-json\/wp\/v2\/types\/product"}],"replies":[{"embeddable":true,"href":"https:\/\/whitelip.com\/fr\/wp-json\/wp\/v2\/comments?post=28017"}],"wp:featuredmedia":[{"embeddable":true,"href":"https:\/\/whitelip.com\/fr\/wp-json\/wp\/v2\/media\/28021"}],"wp:attachment":[{"href":"https:\/\/whitelip.com\/fr\/wp-json\/wp\/v2\/media?parent=28017"}],"wp:term":[{"taxonomy":"product_brand","embeddable":true,"href":"https:\/\/whitelip.com\/fr\/wp-json\/wp\/v2\/product_brand?post=28017"},{"taxonomy":"product_cat","embeddable":true,"href":"https:\/\/whitelip.com\/fr\/wp-json\/wp\/v2\/product_cat?post=28017"},{"taxonomy":"product_tag","embeddable":true,"href":"https:\/\/whitelip.com\/fr\/wp-json\/wp\/v2\/product_tag?post=28017"},{"taxonomy":"flavours","embeddable":true,"href":"https:\/\/whitelip.com\/fr\/wp-json\/wp\/v2\/flavours?post=28017"},{"taxonomy":"format","embeddable":true,"href":"https:\/\/whitelip.com\/fr\/wp-json\/wp\/v2\/format?post=28017"},{"taxonomy":"nicotine","embeddable":true,"href":"https:\/\/whitelip.com\/fr\/wp-json\/wp\/v2\/nicotine?post=28017"}],"curies":[{"name":"wp","href":"https:\/\/api.w.org\/{rel}","templated":true}]}}