{"id":28010,"date":"2025-09-23T15:58:46","date_gmt":"2025-09-23T15:58:46","guid":{"rendered":"https:\/\/whitelip.com\/?post_type=product&#038;p=28010"},"modified":"2026-04-08T06:26:42","modified_gmt":"2026-04-08T06:26:42","slug":"x-booster-cool-mint-caffeine","status":"publish","type":"product","link":"https:\/\/whitelip.com\/fr\/x-booster\/x-booster-cool-mint-caffeine\/","title":{"rendered":"X-BOOSTER Menthe fra\u00eeche Caf\u00e9ine"},"content":{"rendered":"<h2>X-BOOSTER Menthe fra\u00eeche Caf\u00e9ine<\/h2>\n<p class=\"\" data-start=\"76\" data-end=\"609\">Les sachets de caf\u00e9ine X-BOOSTER Cool Mint offrent une saveur de menthe douce et \u00e9quilibr\u00e9e. Chaque sachet de caf\u00e9ine blanc et fin contient 80 mg de caf\u00e9ine, offrant un coup de fouet qui convient \u00e0 tous ceux qui appr\u00e9cient une saveur \u00e9quilibr\u00e9e et une intensit\u00e9 constante. Discret, confortable et sans tache, X-BOOSTER Cool Mint Caffeine est fabriqu\u00e9 par 77 Group pour garantir une haute qualit\u00e9, un go\u00fbt audacieux et une exp\u00e9rience sans nicotine.<\/p>\n<table>\n<tbody>\n<tr>\n<td><b>Attribut<\/b><\/td>\n<td><b>D\u00e9tails<\/b><\/td>\n<\/tr>\n<tr>\n<td><b>Contenu par bo\u00eete<\/b><\/td>\n<td><span style=\"font-weight: 400;\">13g (20 sachets)<\/span><\/td>\n<\/tr>\n<tr>\n<td><b>Teneur en nicotine<\/b><\/td>\n<td><span style=\"font-weight: 400;\">80 mg\/pochette<\/span><\/td>\n<\/tr>\n<tr>\n<td><b>Format de la pochette<\/b><\/td>\n<td><span style=\"font-weight: 400;\">Mince<\/span><\/td>\n<\/tr>\n<tr>\n<td><b>Producteur<\/b><\/td>\n<td><span style=\"font-weight: 400;\">77 Groupe<\/span><\/td>\n<\/tr>\n<tr>\n<td><b>Saveur<\/b><\/td>\n<td><span style=\"font-weight: 400;\">Menthe<\/span><\/td>\n<\/tr>\n<tr>\n<td><b>Taper<\/b><\/td>\n<td><span style=\"font-weight: 400;\">Pochette toute blanche<\/span><\/td>\n<\/tr>\n<\/tbody>\n<\/table>","protected":false},"excerpt":{"rendered":"<p>X-BOOSTER <strong data-start=\"10\" data-end=\"23\">Menthe fra\u00eeche<\/strong> offre une menthe douce et \u00e9quilibr\u00e9e. Les <strong data-start=\"62\" data-end=\"70\">mince<\/strong>, Les poches blanches sont discr\u00e8tes, confortables et sans taches. Chaque pochette contient <strong data-start=\"149\" data-end=\"167\">80 mg de caf\u00e9ine<\/strong> pour une intensit\u00e9 constante. Fabriqu\u00e9 par le Groupe 77 pour une haute qualit\u00e9, un go\u00fbt audacieux et une exp\u00e9rience sans nicotine.<\/p>","protected":false},"featured_media":28015,"comment_status":"open","ping_status":"closed","template":"","format":[206],"meta":{"_acf_changed":false},"product_brand":[],"product_cat":[241],"product_tag":[],"flavours":[199],"nicotine":[242,243],"class_list":{"0":"post-28010","1":"product","2":"type-product","3":"status-publish","4":"has-post-thumbnail","6":"product_cat-x-booster","7":"pa_quantity-1-pack","8":"pa_quantity-10-pack","9":"pa_quantity-5-pack","10":"flavours-mint","11":"format-slim","12":"nicotine-0-mg-g","13":"nicotine-caffeine","15":"first","16":"instock","17":"taxable","18":"shipping-taxable","19":"purchasable","20":"product-type-variable"},"acf":[],"_links":{"self":[{"href":"https:\/\/whitelip.com\/fr\/wp-json\/wp\/v2\/product\/28010","targetHints":{"allow":["GET"]}}],"collection":[{"href":"https:\/\/whitelip.com\/fr\/wp-json\/wp\/v2\/product"}],"about":[{"href":"https:\/\/whitelip.com\/fr\/wp-json\/wp\/v2\/types\/product"}],"replies":[{"embeddable":true,"href":"https:\/\/whitelip.com\/fr\/wp-json\/wp\/v2\/comments?post=28010"}],"wp:featuredmedia":[{"embeddable":true,"href":"https:\/\/whitelip.com\/fr\/wp-json\/wp\/v2\/media\/28015"}],"wp:attachment":[{"href":"https:\/\/whitelip.com\/fr\/wp-json\/wp\/v2\/media?parent=28010"}],"wp:term":[{"taxonomy":"product_brand","embeddable":true,"href":"https:\/\/whitelip.com\/fr\/wp-json\/wp\/v2\/product_brand?post=28010"},{"taxonomy":"product_cat","embeddable":true,"href":"https:\/\/whitelip.com\/fr\/wp-json\/wp\/v2\/product_cat?post=28010"},{"taxonomy":"product_tag","embeddable":true,"href":"https:\/\/whitelip.com\/fr\/wp-json\/wp\/v2\/product_tag?post=28010"},{"taxonomy":"flavours","embeddable":true,"href":"https:\/\/whitelip.com\/fr\/wp-json\/wp\/v2\/flavours?post=28010"},{"taxonomy":"format","embeddable":true,"href":"https:\/\/whitelip.com\/fr\/wp-json\/wp\/v2\/format?post=28010"},{"taxonomy":"nicotine","embeddable":true,"href":"https:\/\/whitelip.com\/fr\/wp-json\/wp\/v2\/nicotine?post=28010"}],"curies":[{"name":"wp","href":"https:\/\/api.w.org\/{rel}","templated":true}]}}