{"id":27967,"date":"2025-09-23T12:50:06","date_gmt":"2025-09-23T12:50:06","guid":{"rendered":"https:\/\/whitelip.com\/?post_type=product&#038;p=27967"},"modified":"2026-04-21T10:11:46","modified_gmt":"2026-04-21T10:11:46","slug":"bjorn-watermelon-ice","status":"publish","type":"product","link":"https:\/\/whitelip.com\/fr\/bjorn\/bjorn-watermelon-ice\/","title":{"rendered":"Glace \u00e0 la past\u00e8que BJ\u00d6RN"},"content":{"rendered":"<h2><strong>Glace \u00e0 la past\u00e8que BJ\u00d6RN<\/strong><\/h2>\n<p class=\"\" data-start=\"76\" data-end=\"609\">Les sachets de nicotine BJ\u00d6RN Watermelon Ice offrent la douceur juteuse de la past\u00e8que m\u00fbre combin\u00e9e \u00e0 un effet rafra\u00eechissant et glac\u00e9. La saveur est fruit\u00e9e, croquante et revigorante, offrant une exp\u00e9rience rafra\u00eechissante qui se d\u00e9marque des profils classiques. Chaque sachet fin, enti\u00e8rement blanc, contient 19,5 mg de nicotine, ce qui donne un coup de fouet puissant con\u00e7u pour les utilisateurs exp\u00e9riment\u00e9s qui recherchent \u00e0 la fois saveur et intensit\u00e9. Discr\u00e8te, confortable et sans tache, BJ\u00d6RN Watermelon Ice est produite par le Groupe 77 pour garantir une qualit\u00e9 sup\u00e9rieure, un go\u00fbt audacieux et une alternative sans tabac.<\/p>\n<table>\n<tbody>\n<tr>\n<td><b>Attribut<\/b><\/td>\n<td><b>D\u00e9tails<\/b><\/td>\n<\/tr>\n<tr>\n<td><b>Contenu par bo\u00eete<\/b><\/td>\n<td><span style=\"font-weight: 400;\">13g (20 sachets)<\/span><\/td>\n<\/tr>\n<tr>\n<td><b>Teneur en nicotine<\/b><\/td>\n<td><span style=\"font-weight: 400;\">30 mg\/g (19,5 mg par sachet)<\/span><\/td>\n<\/tr>\n<tr>\n<td><b>Format de la pochette<\/b><\/td>\n<td><span style=\"font-weight: 400;\">Mince<\/span><\/td>\n<\/tr>\n<tr>\n<td><b>Producteur<\/b><\/td>\n<td><span style=\"font-weight: 400;\">77 Groupe<\/span><\/td>\n<\/tr>\n<tr>\n<td><b>Saveur<\/b><\/td>\n<td><span style=\"font-weight: 400;\">Past\u00e8que et refroidissement (glace \u00e0 la past\u00e8que)<\/span><\/td>\n<\/tr>\n<tr>\n<td><b>Taper<\/b><\/td>\n<td><span style=\"font-weight: 400;\">Pochette toute blanche<\/span><\/td>\n<\/tr>\n<\/tbody>\n<\/table>","protected":false},"excerpt":{"rendered":"<p>Juteux, m\u00fbr <strong data-start=\"12\" data-end=\"43\">melon d'eau <\/strong>avec un rafra\u00eechissement glac\u00e9 pour un effet fruit\u00e9, croustillant et revigorant. Les <strong data-start=\"87\" data-end=\"106\">mince, <\/strong>Les sachets enti\u00e8rement blancs se placent discr\u00e8tement et confortablement sous la l\u00e8vre pour une utilisation propre, \u00e0 tout moment. Chaque sachet contient <strong data-start=\"204\" data-end=\"224\">19,5 mg de nicotine<\/strong>, Le Groupe 77 a con\u00e7u ce produit sans tabac, qui donne un coup de fouet puissant aux consommateurs exp\u00e9riment\u00e9s.<\/p>","protected":false},"featured_media":27971,"comment_status":"open","ping_status":"closed","template":"","format":[206],"meta":{"_acf_changed":false},"product_brand":[],"product_cat":[239],"product_tag":[16557],"flavours":[196],"nicotine":[221,233],"class_list":{"0":"post-27967","1":"product","2":"type-product","3":"status-publish","4":"has-post-thumbnail","6":"product_cat-bjorn","7":"product_tag-19-5-mg-pouch","8":"pa_quantity-1-pack","9":"pa_quantity-10-pack","10":"pa_quantity-3-pack","11":"pa_quantity-30-pack","12":"pa_quantity-5-pack","13":"pa_quantity-60-pack","14":"flavours-fruits-berries","15":"format-slim","16":"nicotine-30-mg-g","17":"nicotine-extreme","19":"first","20":"instock","21":"taxable","22":"shipping-taxable","23":"purchasable","24":"product-type-variable"},"acf":[],"_links":{"self":[{"href":"https:\/\/whitelip.com\/fr\/wp-json\/wp\/v2\/product\/27967","targetHints":{"allow":["GET"]}}],"collection":[{"href":"https:\/\/whitelip.com\/fr\/wp-json\/wp\/v2\/product"}],"about":[{"href":"https:\/\/whitelip.com\/fr\/wp-json\/wp\/v2\/types\/product"}],"replies":[{"embeddable":true,"href":"https:\/\/whitelip.com\/fr\/wp-json\/wp\/v2\/comments?post=27967"}],"wp:featuredmedia":[{"embeddable":true,"href":"https:\/\/whitelip.com\/fr\/wp-json\/wp\/v2\/media\/27971"}],"wp:attachment":[{"href":"https:\/\/whitelip.com\/fr\/wp-json\/wp\/v2\/media?parent=27967"}],"wp:term":[{"taxonomy":"product_brand","embeddable":true,"href":"https:\/\/whitelip.com\/fr\/wp-json\/wp\/v2\/product_brand?post=27967"},{"taxonomy":"product_cat","embeddable":true,"href":"https:\/\/whitelip.com\/fr\/wp-json\/wp\/v2\/product_cat?post=27967"},{"taxonomy":"product_tag","embeddable":true,"href":"https:\/\/whitelip.com\/fr\/wp-json\/wp\/v2\/product_tag?post=27967"},{"taxonomy":"flavours","embeddable":true,"href":"https:\/\/whitelip.com\/fr\/wp-json\/wp\/v2\/flavours?post=27967"},{"taxonomy":"format","embeddable":true,"href":"https:\/\/whitelip.com\/fr\/wp-json\/wp\/v2\/format?post=27967"},{"taxonomy":"nicotine","embeddable":true,"href":"https:\/\/whitelip.com\/fr\/wp-json\/wp\/v2\/nicotine?post=27967"}],"curies":[{"name":"wp","href":"https:\/\/api.w.org\/{rel}","templated":true}]}}