{"id":27946,"date":"2025-09-23T12:50:07","date_gmt":"2025-09-23T12:50:07","guid":{"rendered":"https:\/\/whitelip.com\/?post_type=product&#038;p=27946"},"modified":"2026-04-21T10:11:46","modified_gmt":"2026-04-21T10:11:46","slug":"bjorn-rhub-elder-punch","status":"publish","type":"product","link":"https:\/\/whitelip.com\/fr\/bjorn\/bjorn-rhub-elder-punch\/","title":{"rendered":"BJ\u00d6RN Punch au rhub-elder"},"content":{"rendered":"<h2><strong>BJ\u00d6RN Punch au rhub-elder<\/strong><\/h2>\n<p class=\"\" data-start=\"76\" data-end=\"609\">Les sachets de nicotine BJ\u00d6RN Rhub-elder Punch offrent une fusion audacieuse et rafra\u00eechissante de rhubarbe acidul\u00e9e et de fleur de sureau sucr\u00e9e, cr\u00e9ant une saveur unique inspir\u00e9e du punch. Le go\u00fbt est fruit\u00e9, acidul\u00e9 et l\u00e9g\u00e8rement floral, offrant une exp\u00e9rience distinctive pour ceux qui aiment les profils complexes et vibrants. Chaque sachet fin, enti\u00e8rement blanc, contient 19,5 mg de nicotine, ce qui donne un coup de fouet puissant con\u00e7u pour les utilisateurs exp\u00e9riment\u00e9s qui pr\u00e9f\u00e8rent \u00e0 la fois l'intensit\u00e9 et l'originalit\u00e9. Discret, confortable et sans tache, BJ\u00d6RN Rhub-elder Punch est produit par le Groupe 77 pour offrir un caract\u00e8re fort, une qualit\u00e9 sup\u00e9rieure et une alternative sans tabac.<\/p>\n<table>\n<tbody>\n<tr>\n<td><b>Attribut<\/b><\/td>\n<td><b>D\u00e9tails<\/b><\/td>\n<\/tr>\n<tr>\n<td><b>Contenu par bo\u00eete<\/b><\/td>\n<td><span style=\"font-weight: 400;\">13g (20 sachets)<\/span><\/td>\n<\/tr>\n<tr>\n<td><b>Teneur en nicotine<\/b><\/td>\n<td><span style=\"font-weight: 400;\">30 mg\/g (19,5 mg par sachet)<\/span><\/td>\n<\/tr>\n<tr>\n<td><b>Format de la pochette<\/b><\/td>\n<td><span style=\"font-weight: 400;\">Mince<\/span><\/td>\n<\/tr>\n<tr>\n<td><b>Producteur<\/b><\/td>\n<td><span style=\"font-weight: 400;\">77 Groupe<\/span><\/td>\n<\/tr>\n<tr>\n<td><b>Saveur<\/b><\/td>\n<td><span style=\"font-weight: 400;\">Rhubarbe &amp; Fleur de Sureau (Rhubarbe-Sureau Punch)<\/span><\/td>\n<\/tr>\n<tr>\n<td><b>Taper<\/b><\/td>\n<td><span style=\"font-weight: 400;\">Pochette toute blanche<\/span><\/td>\n<\/tr>\n<\/tbody>\n<\/table>","protected":false},"excerpt":{"rendered":"<p>Audacieux, rafra\u00eechissant <strong data-start=\"17\" data-end=\"44\">rhubarbe et fleur de sureau<\/strong> avec un punch fruit\u00e9, acidul\u00e9 et l\u00e9g\u00e8rement floral. Les <strong data-start=\"93\" data-end=\"112\">mince, <\/strong>Les sachets enti\u00e8rement blancs se placent discr\u00e8tement et confortablement sous la l\u00e8vre pour une utilisation propre, \u00e0 tout moment. Chaque sachet contient <strong data-start=\"210\" data-end=\"230\">19,5 mg de nicotine<\/strong>, Le Groupe 77 a con\u00e7u ce produit sans tabac, qui donne un coup de fouet puissant aux consommateurs exp\u00e9riment\u00e9s.<\/p>","protected":false},"featured_media":27950,"comment_status":"open","ping_status":"closed","template":"","format":[206],"meta":{"_acf_changed":false},"product_brand":[],"product_cat":[239],"product_tag":[16557],"flavours":[196],"nicotine":[221,232],"class_list":{"0":"post-27946","1":"product","2":"type-product","3":"status-publish","4":"has-post-thumbnail","6":"product_cat-bjorn","7":"product_tag-19-5-mg-pouch","8":"pa_quantity-1-pack","9":"pa_quantity-10-pack","10":"pa_quantity-3-pack","11":"pa_quantity-30-pack","12":"pa_quantity-5-pack","13":"pa_quantity-60-pack","14":"flavours-fruits-berries","15":"format-slim","16":"nicotine-30-mg-g","17":"nicotine-extra-strong","19":"first","20":"instock","21":"taxable","22":"shipping-taxable","23":"purchasable","24":"product-type-variable","25":"has-default-attributes"},"acf":[],"_links":{"self":[{"href":"https:\/\/whitelip.com\/fr\/wp-json\/wp\/v2\/product\/27946","targetHints":{"allow":["GET"]}}],"collection":[{"href":"https:\/\/whitelip.com\/fr\/wp-json\/wp\/v2\/product"}],"about":[{"href":"https:\/\/whitelip.com\/fr\/wp-json\/wp\/v2\/types\/product"}],"replies":[{"embeddable":true,"href":"https:\/\/whitelip.com\/fr\/wp-json\/wp\/v2\/comments?post=27946"}],"wp:featuredmedia":[{"embeddable":true,"href":"https:\/\/whitelip.com\/fr\/wp-json\/wp\/v2\/media\/27950"}],"wp:attachment":[{"href":"https:\/\/whitelip.com\/fr\/wp-json\/wp\/v2\/media?parent=27946"}],"wp:term":[{"taxonomy":"product_brand","embeddable":true,"href":"https:\/\/whitelip.com\/fr\/wp-json\/wp\/v2\/product_brand?post=27946"},{"taxonomy":"product_cat","embeddable":true,"href":"https:\/\/whitelip.com\/fr\/wp-json\/wp\/v2\/product_cat?post=27946"},{"taxonomy":"product_tag","embeddable":true,"href":"https:\/\/whitelip.com\/fr\/wp-json\/wp\/v2\/product_tag?post=27946"},{"taxonomy":"flavours","embeddable":true,"href":"https:\/\/whitelip.com\/fr\/wp-json\/wp\/v2\/flavours?post=27946"},{"taxonomy":"format","embeddable":true,"href":"https:\/\/whitelip.com\/fr\/wp-json\/wp\/v2\/format?post=27946"},{"taxonomy":"nicotine","embeddable":true,"href":"https:\/\/whitelip.com\/fr\/wp-json\/wp\/v2\/nicotine?post=27946"}],"curies":[{"name":"wp","href":"https:\/\/api.w.org\/{rel}","templated":true}]}}