{"id":27941,"date":"2025-09-23T12:50:07","date_gmt":"2025-09-23T12:50:07","guid":{"rendered":"https:\/\/whitelip.com\/?post_type=product&#038;p=27941"},"modified":"2026-04-21T10:11:46","modified_gmt":"2026-04-21T10:11:46","slug":"bjorn-blueberry-ice","status":"publish","type":"product","link":"https:\/\/whitelip.com\/fr\/bjorn\/bjorn-blueberry-ice\/","title":{"rendered":"Glace \u00e0 la myrtille BJ\u00d6RN"},"content":{"rendered":"<h2><strong>Glace \u00e0 la myrtille BJ\u00d6RN<\/strong><\/h2>\n<p class=\"\" data-start=\"76\" data-end=\"609\">Les sachets de nicotine BJ\u00d6RN Blueberry Ice offrent un ar\u00f4me de myrtille doux et juteux, rehauss\u00e9 d'un effet de refroidissement glacial. Cette combinaison cr\u00e9e un profil de go\u00fbt rafra\u00eechissant et fruit\u00e9, \u00e0 la fois doux et revigorant. Chaque sachet fin, enti\u00e8rement blanc, contient 19,5 mg de nicotine, offrant ainsi un coup de fouet puissant qui convient parfaitement aux utilisateurs exp\u00e9riment\u00e9s qui appr\u00e9cient une saveur \u00e9quilibr\u00e9e et une intensit\u00e9 constante. Discret, confortable et sans tache, BJ\u00d6RN Blueberry Ice est fabriqu\u00e9 par le Groupe 77 pour garantir une haute qualit\u00e9, un go\u00fbt audacieux et une exp\u00e9rience sans tabac.<\/p>\n<table>\n<tbody>\n<tr>\n<td><b>Attribut<\/b><\/td>\n<td><b>D\u00e9tails<\/b><\/td>\n<\/tr>\n<tr>\n<td><b>Contenu par bo\u00eete<\/b><\/td>\n<td><span style=\"font-weight: 400;\">13g (20 sachets)<\/span><\/td>\n<\/tr>\n<tr>\n<td><b>Teneur en nicotine<\/b><\/td>\n<td><span style=\"font-weight: 400;\">30 mg\/g (19,5 mg par sachet)<\/span><\/td>\n<\/tr>\n<tr>\n<td><b>Format de la pochette<\/b><\/td>\n<td><span style=\"font-weight: 400;\">Mince<\/span><\/td>\n<\/tr>\n<tr>\n<td><b>Producteur<\/b><\/td>\n<td><span style=\"font-weight: 400;\">77 Groupe<\/span><\/td>\n<\/tr>\n<tr>\n<td><b>Saveur<\/b><\/td>\n<td><span style=\"font-weight: 400;\">Blueberry &amp; Cooling (Blueberry Ice)<\/span><\/td>\n<\/tr>\n<tr>\n<td><b>Taper<\/b><\/td>\n<td><span style=\"font-weight: 400;\">Pochette toute blanche<\/span><\/td>\n<\/tr>\n<\/tbody>\n<\/table>","protected":false},"excerpt":{"rendered":"<p>Onctueux, juteux <strong data-start=\"14\" data-end=\"44\">myrtille <\/strong>avec un rafra\u00eechissement glac\u00e9 pour un effet rafra\u00eechissant et fruit\u00e9. Les <strong data-start=\"79\" data-end=\"98\">mince, <\/strong>Les sachets enti\u00e8rement blancs se placent discr\u00e8tement et confortablement sous la l\u00e8vre pour une utilisation propre, \u00e0 tout moment. Chaque sachet contient <strong data-start=\"196\" data-end=\"216\">19,5 mg de nicotine<\/strong>, Le tabac est un produit de haute qualit\u00e9, qui offre un kick tr\u00e8s puissant, adapt\u00e9 aux utilisateurs exp\u00e9riment\u00e9s. Fabriqu\u00e9 par le Groupe 77 pour un go\u00fbt audacieux et une exp\u00e9rience sans tabac.<\/p>","protected":false},"featured_media":27945,"comment_status":"open","ping_status":"closed","template":"","format":[206],"meta":{"_acf_changed":false},"product_brand":[],"product_cat":[239],"product_tag":[16557],"flavours":[196],"nicotine":[221,233],"class_list":{"0":"post-27941","1":"product","2":"type-product","3":"status-publish","4":"has-post-thumbnail","6":"product_cat-bjorn","7":"product_tag-19-5-mg-pouch","8":"pa_quantity-1-pack","9":"pa_quantity-10-pack","10":"pa_quantity-3-pack","11":"pa_quantity-30-pack","12":"pa_quantity-5-pack","13":"pa_quantity-60-pack","14":"flavours-fruits-berries","15":"format-slim","16":"nicotine-30-mg-g","17":"nicotine-extreme","19":"first","20":"instock","21":"taxable","22":"shipping-taxable","23":"purchasable","24":"product-type-variable","25":"has-default-attributes"},"acf":[],"_links":{"self":[{"href":"https:\/\/whitelip.com\/fr\/wp-json\/wp\/v2\/product\/27941","targetHints":{"allow":["GET"]}}],"collection":[{"href":"https:\/\/whitelip.com\/fr\/wp-json\/wp\/v2\/product"}],"about":[{"href":"https:\/\/whitelip.com\/fr\/wp-json\/wp\/v2\/types\/product"}],"replies":[{"embeddable":true,"href":"https:\/\/whitelip.com\/fr\/wp-json\/wp\/v2\/comments?post=27941"}],"wp:featuredmedia":[{"embeddable":true,"href":"https:\/\/whitelip.com\/fr\/wp-json\/wp\/v2\/media\/27945"}],"wp:attachment":[{"href":"https:\/\/whitelip.com\/fr\/wp-json\/wp\/v2\/media?parent=27941"}],"wp:term":[{"taxonomy":"product_brand","embeddable":true,"href":"https:\/\/whitelip.com\/fr\/wp-json\/wp\/v2\/product_brand?post=27941"},{"taxonomy":"product_cat","embeddable":true,"href":"https:\/\/whitelip.com\/fr\/wp-json\/wp\/v2\/product_cat?post=27941"},{"taxonomy":"product_tag","embeddable":true,"href":"https:\/\/whitelip.com\/fr\/wp-json\/wp\/v2\/product_tag?post=27941"},{"taxonomy":"flavours","embeddable":true,"href":"https:\/\/whitelip.com\/fr\/wp-json\/wp\/v2\/flavours?post=27941"},{"taxonomy":"format","embeddable":true,"href":"https:\/\/whitelip.com\/fr\/wp-json\/wp\/v2\/format?post=27941"},{"taxonomy":"nicotine","embeddable":true,"href":"https:\/\/whitelip.com\/fr\/wp-json\/wp\/v2\/nicotine?post=27941"}],"curies":[{"name":"wp","href":"https:\/\/api.w.org\/{rel}","templated":true}]}}