{"id":27923,"date":"2025-09-23T08:47:07","date_gmt":"2025-09-23T08:47:07","guid":{"rendered":"https:\/\/whitelip.com\/?post_type=product&#038;p=27923"},"modified":"2026-05-09T11:55:47","modified_gmt":"2026-05-09T11:55:47","slug":"77-sour-blizz-medium","status":"publish","type":"product","link":"https:\/\/whitelip.com\/fr\/77\/77-sour-blizz-medium\/","title":{"rendered":"77 Sour Blizz Medium"},"content":{"rendered":"<h2>77 Sour Blizz Medium<\/h2>\n<p class=\"\" data-start=\"76\" data-end=\"609\">77 Sour Blizz Medium nicotine pouches deliver a bold and tangy flavor experience, blending sharp sour notes with a refreshing effect. Cette combinaison cr\u00e9e un profil gustatif vif et revigorant qui sort de l'ordinaire. Chaque sachet fin, enti\u00e8rement blanc, contient 10,4 mg de nicotine, ce qui donne un effet moyennement fort, id\u00e9al pour les utilisateurs r\u00e9guliers qui recherchent \u00e0 la fois la saveur et l'\u00e9quilibre. Discret, confortable et sans tache, 77 Sour Blizz Medium est produit par le Groupe 77 pour r\u00e9pondre \u00e0 des normes \u00e9lev\u00e9es de qualit\u00e9 et de go\u00fbt dans un format sans tabac.<\/p>\n<table>\n<tbody>\n<tr>\n<td><b>Attribut<\/b><\/td>\n<td><b>D\u00e9tails<\/b><\/td>\n<\/tr>\n<tr>\n<td><b>Contenu par bo\u00eete<\/b><\/td>\n<td><span style=\"font-weight: 400;\">13g (20 sachets)<\/span><\/td>\n<\/tr>\n<tr>\n<td><b>Teneur en nicotine<\/b><\/td>\n<td><span style=\"font-weight: 400;\">16 mg\/g (10,4 mg par sachet)<\/span><\/td>\n<\/tr>\n<tr>\n<td><b>Format de la pochette<\/b><\/td>\n<td><span style=\"font-weight: 400;\">Mince<\/span><\/td>\n<\/tr>\n<tr>\n<td><b>Producteur<\/b><\/td>\n<td><span style=\"font-weight: 400;\">77 Groupe<\/span><\/td>\n<\/tr>\n<tr>\n<td><b>Saveur<\/b><\/td>\n<td><span style=\"font-weight: 400;\">Sour &amp; Cooling (Sour Blizz)<\/span><\/td>\n<\/tr>\n<tr>\n<td><b>Taper<\/b><\/td>\n<td><span style=\"font-weight: 400;\">Pochette toute blanche<\/span><\/td>\n<\/tr>\n<\/tbody>\n<\/table>","protected":false},"excerpt":{"rendered":"<p data-start=\"47\" data-end=\"316\">Audacieux, acidul\u00e9 <strong>aigre<\/strong> avec un effet rafra\u00eechissant pour un go\u00fbt vif et vivifiant. <strong>Mince<\/strong>, Les sachets blancs se placent discr\u00e8tement et confortablement sous la l\u00e8vre. Chaque sachet d\u00e9livre <strong data-start=\"227\" data-end=\"247\">10,4 mg de nicotine<\/strong>, Il offre un coup de fouet \u00e9quilibr\u00e9 de force moyenne sans tabac ni taches.<\/p>\n<p data-start=\"318\" data-end=\"327\">","protected":false},"featured_media":27928,"comment_status":"open","ping_status":"closed","template":"","format":[206],"meta":{"_acf_changed":false},"product_brand":[],"product_cat":[23],"product_tag":[16543],"flavours":[190],"nicotine":[213,232],"class_list":{"0":"post-27923","1":"product","2":"type-product","3":"status-publish","4":"has-post-thumbnail","6":"product_cat-23","7":"product_tag-10-4-mg-pouch","8":"pa_quantity-1-pack","9":"pa_quantity-10-pack","10":"pa_quantity-3-pack","11":"pa_quantity-30-pack","12":"pa_quantity-5-pack","13":"pa_quantity-60-pack","14":"flavours-citrus","15":"format-slim","16":"nicotine-16-mg-g","17":"nicotine-extra-strong","19":"first","20":"instock","21":"taxable","22":"shipping-taxable","23":"purchasable","24":"product-type-variable","25":"has-default-attributes"},"acf":[],"_links":{"self":[{"href":"https:\/\/whitelip.com\/fr\/wp-json\/wp\/v2\/product\/27923","targetHints":{"allow":["GET"]}}],"collection":[{"href":"https:\/\/whitelip.com\/fr\/wp-json\/wp\/v2\/product"}],"about":[{"href":"https:\/\/whitelip.com\/fr\/wp-json\/wp\/v2\/types\/product"}],"replies":[{"embeddable":true,"href":"https:\/\/whitelip.com\/fr\/wp-json\/wp\/v2\/comments?post=27923"}],"wp:featuredmedia":[{"embeddable":true,"href":"https:\/\/whitelip.com\/fr\/wp-json\/wp\/v2\/media\/27928"}],"wp:attachment":[{"href":"https:\/\/whitelip.com\/fr\/wp-json\/wp\/v2\/media?parent=27923"}],"wp:term":[{"taxonomy":"product_brand","embeddable":true,"href":"https:\/\/whitelip.com\/fr\/wp-json\/wp\/v2\/product_brand?post=27923"},{"taxonomy":"product_cat","embeddable":true,"href":"https:\/\/whitelip.com\/fr\/wp-json\/wp\/v2\/product_cat?post=27923"},{"taxonomy":"product_tag","embeddable":true,"href":"https:\/\/whitelip.com\/fr\/wp-json\/wp\/v2\/product_tag?post=27923"},{"taxonomy":"flavours","embeddable":true,"href":"https:\/\/whitelip.com\/fr\/wp-json\/wp\/v2\/flavours?post=27923"},{"taxonomy":"format","embeddable":true,"href":"https:\/\/whitelip.com\/fr\/wp-json\/wp\/v2\/format?post=27923"},{"taxonomy":"nicotine","embeddable":true,"href":"https:\/\/whitelip.com\/fr\/wp-json\/wp\/v2\/nicotine?post=27923"}],"curies":[{"name":"wp","href":"https:\/\/api.w.org\/{rel}","templated":true}]}}