{"id":27482,"date":"2025-09-15T10:33:54","date_gmt":"2025-09-15T10:33:54","guid":{"rendered":"https:\/\/whitelip.com\/?post_type=product&#038;p=27482"},"modified":"2026-03-05T11:42:07","modified_gmt":"2026-03-05T11:42:07","slug":"helwit-lime-liquorice","status":"publish","type":"product","link":"https:\/\/whitelip.com\/fr\/helwit\/helwit-lime-liquorice\/","title":{"rendered":"HELWIT R\u00e9glisse au citron vert"},"content":{"rendered":"<h2><b>HELWIT R\u00e9glisse au citron vert<\/b><\/h2>\n<p style=\"text-align: left;\"><span style=\"font-weight: 400;\">Les sachets de nicotine HELWIT R\u00e9glisse au citron vert associent le piquant du citron vert \u00e0 la profondeur riche et sal\u00e9e de la r\u00e9glisse nordique classique. Cette association audacieuse et inattendue cr\u00e9e une exp\u00e9rience gustative unique, \u00e0 la fois rafra\u00eechissante et savoureuse. Chaque sachet au format mince contient 9 mg de nicotine par gramme, ce qui donne une force \u00e9quilibr\u00e9e convenant \u00e0 un usage r\u00e9gulier. Fabriqu\u00e9 par YOIK AB en Su\u00e8de, HELWIT Lime Liquorice est con\u00e7u pour une consommation discr\u00e8te, \u00e9vitant de tacher les dents et offrant un moyen propre et moderne de profiter de la nicotine \u00e0 tout moment et en tout lieu.<\/span><\/p>\n<table>\n<tbody>\n<tr>\n<td><b>Attribut<\/b><\/td>\n<td><b>D\u00e9tails<\/b><\/td>\n<\/tr>\n<tr>\n<td><b>Contenu par bo\u00eete<\/b><\/td>\n<td><span style=\"font-weight: 400;\">10g (20 sachets)<\/span><\/td>\n<\/tr>\n<tr>\n<td><b>Teneur en nicotine<\/b><\/td>\n<td><span style=\"font-weight: 400;\">9 mg\/g (4,5 mg par sachet)<\/span><\/td>\n<\/tr>\n<tr>\n<td><b>Format de la pochette<\/b><\/td>\n<td><span style=\"font-weight: 400;\">Mince<\/span><\/td>\n<\/tr>\n<tr>\n<td><b>Producteur<\/b><\/td>\n<td><span style=\"font-weight: 400;\">YOIK AB<\/span><\/td>\n<\/tr>\n<tr>\n<td><b>Saveur<\/b><\/td>\n<td><span style=\"font-weight: 400;\">Citron vert et r\u00e9glisse<\/span><\/td>\n<\/tr>\n<tr>\n<td><b>Taper<\/b><\/td>\n<td><span style=\"font-weight: 400;\">Pochette toute blanche<\/span><\/td>\n<\/tr>\n<\/tbody>\n<\/table>","protected":false},"excerpt":{"rendered":"<p>Piquant, savoureux <strong data-start=\"14\" data-end=\"32\">r\u00e9glisse au citron vert<\/strong> qui est \u00e0 la fois rafra\u00eechissante et riche. <strong data-start=\"74\" data-end=\"82\">Mince<\/strong>, Les sachets, enti\u00e8rement blancs et sans tabac, se placent discr\u00e8tement sous la l\u00e8vre sans tacher les dents. Chaque sachet contient <strong data-start=\"189\" data-end=\"208\">9 mg\/g de nicotine<\/strong>, La force \u00e9quilibr\u00e9e de l'outil permet de l'utiliser r\u00e9guli\u00e8rement. Fabriqu\u00e9 par YOIK AB en Su\u00e8de.<\/p>","protected":false},"featured_media":27486,"comment_status":"open","ping_status":"closed","template":"","format":[206],"meta":{"_acf_changed":false},"product_brand":[],"product_cat":[52],"product_tag":[16595],"flavours":[190,198],"nicotine":[231,236],"class_list":{"0":"post-27482","1":"product","2":"type-product","3":"status-publish","4":"has-post-thumbnail","6":"product_cat-helwit","7":"product_tag-4-5-mg-pouch","8":"pa_quantity-1-pack","9":"pa_quantity-10-pack","10":"pa_quantity-3-pack","11":"pa_quantity-30-pack","12":"pa_quantity-5-pack","13":"pa_quantity-60-pack","14":"flavours-citrus","15":"flavours-licorice","16":"format-slim","17":"nicotine-9-mg-g","18":"nicotine-strong","20":"first","21":"outofstock","22":"taxable","23":"shipping-taxable","24":"purchasable","25":"product-type-variable","26":"has-default-attributes"},"acf":[],"_links":{"self":[{"href":"https:\/\/whitelip.com\/fr\/wp-json\/wp\/v2\/product\/27482","targetHints":{"allow":["GET"]}}],"collection":[{"href":"https:\/\/whitelip.com\/fr\/wp-json\/wp\/v2\/product"}],"about":[{"href":"https:\/\/whitelip.com\/fr\/wp-json\/wp\/v2\/types\/product"}],"replies":[{"embeddable":true,"href":"https:\/\/whitelip.com\/fr\/wp-json\/wp\/v2\/comments?post=27482"}],"wp:featuredmedia":[{"embeddable":true,"href":"https:\/\/whitelip.com\/fr\/wp-json\/wp\/v2\/media\/27486"}],"wp:attachment":[{"href":"https:\/\/whitelip.com\/fr\/wp-json\/wp\/v2\/media?parent=27482"}],"wp:term":[{"taxonomy":"product_brand","embeddable":true,"href":"https:\/\/whitelip.com\/fr\/wp-json\/wp\/v2\/product_brand?post=27482"},{"taxonomy":"product_cat","embeddable":true,"href":"https:\/\/whitelip.com\/fr\/wp-json\/wp\/v2\/product_cat?post=27482"},{"taxonomy":"product_tag","embeddable":true,"href":"https:\/\/whitelip.com\/fr\/wp-json\/wp\/v2\/product_tag?post=27482"},{"taxonomy":"flavours","embeddable":true,"href":"https:\/\/whitelip.com\/fr\/wp-json\/wp\/v2\/flavours?post=27482"},{"taxonomy":"format","embeddable":true,"href":"https:\/\/whitelip.com\/fr\/wp-json\/wp\/v2\/format?post=27482"},{"taxonomy":"nicotine","embeddable":true,"href":"https:\/\/whitelip.com\/fr\/wp-json\/wp\/v2\/nicotine?post=27482"}],"curies":[{"name":"wp","href":"https:\/\/api.w.org\/{rel}","templated":true}]}}