{"id":26829,"date":"2025-09-24T11:03:13","date_gmt":"2025-09-24T11:03:13","guid":{"rendered":"https:\/\/whitelip.com\/?post_type=product&#038;p=26829"},"modified":"2026-04-18T17:52:19","modified_gmt":"2026-04-18T17:52:19","slug":"vont-lemon-lime-extra-strong","status":"publish","type":"product","link":"https:\/\/whitelip.com\/fr\/vont\/vont-lemon-lime-extra-strong\/","title":{"rendered":"VONT Lemon Lime Extra Fort"},"content":{"rendered":"<h2><strong>VONT Lemon Lime Extra Fort<\/strong><\/h2>\n<p><span style=\"font-weight: 400;\">Les sachets de nicotine VONT Lemon Lime Extra Strong offrent un m\u00e9lange d'agrumes vibrant et piquant de citron et de lime, rehauss\u00e9 d'une force de nicotine maximale. La saveur est rafra\u00eechissante, piquante et croquante, offrant une exp\u00e9rience \u00e9nergisante aux utilisateurs qui appr\u00e9cient les notes d'agrumes audacieuses. Con\u00e7u dans un format mince pour une utilisation discr\u00e8te et confortable, chaque sachet fournit 24 mg de nicotine par gramme, ce qui \u00e9quivaut \u00e0 environ 12 mg par sachet. Id\u00e9al pour les utilisateurs exp\u00e9riment\u00e9s, Lemon Lime Extra Strong combine un go\u00fbt vif et une intensit\u00e9 \u00e9lev\u00e9e tout en \u00e9vitant de tacher les dents. Produite par VONT AB en Su\u00e8de, la marque est connue pour son design moderne, sa qualit\u00e9 constante et ses saveurs innovantes.<\/span><\/p>\n<table>\n<tbody>\n<tr>\n<td><b>Attribut<\/b><\/td>\n<td><b>D\u00e9tails<\/b><\/td>\n<\/tr>\n<tr>\n<td><b>Contenu par bo\u00eete<\/b><\/td>\n<td><span style=\"font-weight: 400;\">10g (20 sachets)<\/span><\/td>\n<\/tr>\n<tr>\n<td><b>Teneur en nicotine<\/b><\/td>\n<td><span style=\"font-weight: 400;\">24 mg\/g (12 mg par sachet)<\/span><\/td>\n<\/tr>\n<tr>\n<td><b>Format de la pochette<\/b><\/td>\n<td><span style=\"font-weight: 400;\">Mince<\/span><\/td>\n<\/tr>\n<tr>\n<td><b>Producteur<\/b><\/td>\n<td><span style=\"font-weight: 400;\">VONT AB<\/span><\/td>\n<\/tr>\n<tr>\n<td><b>Saveur<\/b><\/td>\n<td><span style=\"font-weight: 400;\">Citron et citron vert<\/span><\/td>\n<\/tr>\n<tr>\n<td><b>Taper<\/b><\/td>\n<td><span style=\"font-weight: 400;\">Pochette toute blanche<\/span><\/td>\n<\/tr>\n<\/tbody>\n<\/table>","protected":false},"excerpt":{"rendered":"<p>VONT <strong data-start=\"5\" data-end=\"19\">Citron vert<\/strong> <strong data-start=\"20\" data-end=\"36\">Extra fort<\/strong> offre un m\u00e9lange vibrant et zest\u00e9 de citron et de lime avec une finale vive et \u00e9nergisante. Les <strong data-start=\"117\" data-end=\"125\">mince<\/strong> sont discr\u00e8tes et confortables tout en \u00e9vitant de tacher les dents. Chaque sachet contient <strong>12 mg de nicotine<\/strong> (24 mg\/g) pour un coup de fouet puissant. Produit par VONT AB en Su\u00e8de, connu pour son design moderne, sa qualit\u00e9 constante et ses saveurs innovantes.<\/p>","protected":false},"featured_media":26833,"comment_status":"open","ping_status":"closed","template":"","format":[206],"meta":{"_acf_changed":false},"product_brand":[],"product_cat":[238],"product_tag":[16561],"flavours":[190],"nicotine":[232,217],"class_list":{"0":"post-26829","1":"product","2":"type-product","3":"status-publish","4":"has-post-thumbnail","6":"product_cat-vont","7":"product_tag-12-mg-pouch","8":"pa_quantity-1-pack","9":"pa_quantity-10-pack","10":"pa_quantity-3-pack","11":"pa_quantity-30-pack","12":"pa_quantity-5-pack","13":"pa_quantity-60-pack","14":"flavours-citrus","15":"format-slim","16":"nicotine-extra-strong","17":"nicotine-24-mg-g","19":"first","20":"instock","21":"taxable","22":"shipping-taxable","23":"purchasable","24":"product-type-variable"},"acf":[],"_links":{"self":[{"href":"https:\/\/whitelip.com\/fr\/wp-json\/wp\/v2\/product\/26829","targetHints":{"allow":["GET"]}}],"collection":[{"href":"https:\/\/whitelip.com\/fr\/wp-json\/wp\/v2\/product"}],"about":[{"href":"https:\/\/whitelip.com\/fr\/wp-json\/wp\/v2\/types\/product"}],"replies":[{"embeddable":true,"href":"https:\/\/whitelip.com\/fr\/wp-json\/wp\/v2\/comments?post=26829"}],"wp:featuredmedia":[{"embeddable":true,"href":"https:\/\/whitelip.com\/fr\/wp-json\/wp\/v2\/media\/26833"}],"wp:attachment":[{"href":"https:\/\/whitelip.com\/fr\/wp-json\/wp\/v2\/media?parent=26829"}],"wp:term":[{"taxonomy":"product_brand","embeddable":true,"href":"https:\/\/whitelip.com\/fr\/wp-json\/wp\/v2\/product_brand?post=26829"},{"taxonomy":"product_cat","embeddable":true,"href":"https:\/\/whitelip.com\/fr\/wp-json\/wp\/v2\/product_cat?post=26829"},{"taxonomy":"product_tag","embeddable":true,"href":"https:\/\/whitelip.com\/fr\/wp-json\/wp\/v2\/product_tag?post=26829"},{"taxonomy":"flavours","embeddable":true,"href":"https:\/\/whitelip.com\/fr\/wp-json\/wp\/v2\/flavours?post=26829"},{"taxonomy":"format","embeddable":true,"href":"https:\/\/whitelip.com\/fr\/wp-json\/wp\/v2\/format?post=26829"},{"taxonomy":"nicotine","embeddable":true,"href":"https:\/\/whitelip.com\/fr\/wp-json\/wp\/v2\/nicotine?post=26829"}],"curies":[{"name":"wp","href":"https:\/\/api.w.org\/{rel}","templated":true}]}}