{"id":26812,"date":"2025-09-24T11:03:13","date_gmt":"2025-09-24T11:03:13","guid":{"rendered":"https:\/\/whitelip.com\/?post_type=product&#038;p=26812"},"modified":"2026-04-14T09:10:11","modified_gmt":"2026-04-14T09:10:11","slug":"vont-creamy-strawberry-extra-strong","status":"publish","type":"product","link":"https:\/\/whitelip.com\/fr\/vont\/vont-creamy-strawberry-extra-strong\/","title":{"rendered":"VONT Creamy Strawberry Extra Strong (fraise cr\u00e9meuse)"},"content":{"rendered":"<h2><strong>VONT Creamy Strawberry Extra Strong (fraise cr\u00e9meuse)<\/strong><\/h2>\n<p><span style=\"font-weight: 400;\">Les sachets de nicotine Creamy Strawberry Extra Strong de VONT associent la douceur des fraises m\u00fbres \u00e0 une note cr\u00e9meuse et onctueuse, avec une nicotine encore plus puissante. Propos\u00e9s dans un format mince pour une utilisation discr\u00e8te et confortable, chaque sachet d\u00e9livre 24 mg de nicotine par gramme, ce qui \u00e9quivaut \u00e0 environ 12 mg par sachet. Id\u00e9ales pour les utilisateurs exp\u00e9riment\u00e9s qui recherchent une saveur fruit\u00e9e et cr\u00e9meuse en m\u00eame temps qu'une puissance \u00e9lev\u00e9e, ces pochettes conservent leur fra\u00eecheur tout en \u00e9vitant de tacher les dents. Produite par VONT AB en Su\u00e8de, la marque est connue pour son design moderne, ses saveurs innovantes et sa qualit\u00e9 constante.<\/span><\/p>\n<table>\n<tbody>\n<tr>\n<td><b>Attribut<\/b><\/td>\n<td><b>D\u00e9tails<\/b><\/td>\n<\/tr>\n<tr>\n<td><b>Contenu par bo\u00eete<\/b><\/td>\n<td><span style=\"font-weight: 400;\">10g (20 sachets)<\/span><\/td>\n<\/tr>\n<tr>\n<td><b>Teneur en nicotine<\/b><\/td>\n<td><span style=\"font-weight: 400;\">24 mg\/g (12 mg par sachet)<\/span><\/td>\n<\/tr>\n<tr>\n<td><b>Format de la pochette<\/b><\/td>\n<td><span style=\"font-weight: 400;\">Mince<\/span><\/td>\n<\/tr>\n<tr>\n<td><b>Producteur<\/b><\/td>\n<td><span style=\"font-weight: 400;\">VONT AB<\/span><\/td>\n<\/tr>\n<tr>\n<td><b>Saveur<\/b><\/td>\n<td><span style=\"font-weight: 400;\">Fraise et cr\u00e8me<\/span><\/td>\n<\/tr>\n<tr>\n<td><b>Taper<\/b><\/td>\n<td><span style=\"font-weight: 400;\">Pochette toute blanche<\/span><\/td>\n<\/tr>\n<\/tbody>\n<\/table>","protected":false},"excerpt":{"rendered":"<p>VONT <strong data-start=\"5\" data-end=\"26\">Fraise cr\u00e9meuse<\/strong> <strong data-start=\"27\" data-end=\"43\">Extra fort<\/strong> m\u00e9lange la fraise m\u00fbre et sucr\u00e9e avec une note cr\u00e9meuse et douce. Les <strong data-start=\"104\" data-end=\"112\">mince<\/strong> sont discrets et \u00e9vitent de tacher les dents. Chaque sachet contient <strong data-start=\"180\" data-end=\"198\">12 mg de nicotine<\/strong> (24 mg\/g) pour un coup de fouet puissant. Produit par VONT AB en Su\u00e8de, connu pour son design moderne, ses saveurs innovantes et sa qualit\u00e9 constante.<\/p>","protected":false},"featured_media":26817,"comment_status":"open","ping_status":"closed","template":"","format":[206],"meta":{"_acf_changed":false},"product_brand":[],"product_cat":[238],"product_tag":[16561],"flavours":[196],"nicotine":[232,217],"class_list":{"0":"post-26812","1":"product","2":"type-product","3":"status-publish","4":"has-post-thumbnail","6":"product_cat-vont","7":"product_tag-12-mg-pouch","8":"pa_quantity-1-pack","9":"pa_quantity-10-pack","10":"pa_quantity-3-pack","11":"pa_quantity-30-pack","12":"pa_quantity-5-pack","13":"pa_quantity-60-pack","14":"flavours-fruits-berries","15":"format-slim","16":"nicotine-extra-strong","17":"nicotine-24-mg-g","19":"first","20":"instock","21":"taxable","22":"shipping-taxable","23":"purchasable","24":"product-type-variable"},"acf":[],"_links":{"self":[{"href":"https:\/\/whitelip.com\/fr\/wp-json\/wp\/v2\/product\/26812","targetHints":{"allow":["GET"]}}],"collection":[{"href":"https:\/\/whitelip.com\/fr\/wp-json\/wp\/v2\/product"}],"about":[{"href":"https:\/\/whitelip.com\/fr\/wp-json\/wp\/v2\/types\/product"}],"replies":[{"embeddable":true,"href":"https:\/\/whitelip.com\/fr\/wp-json\/wp\/v2\/comments?post=26812"}],"wp:featuredmedia":[{"embeddable":true,"href":"https:\/\/whitelip.com\/fr\/wp-json\/wp\/v2\/media\/26817"}],"wp:attachment":[{"href":"https:\/\/whitelip.com\/fr\/wp-json\/wp\/v2\/media?parent=26812"}],"wp:term":[{"taxonomy":"product_brand","embeddable":true,"href":"https:\/\/whitelip.com\/fr\/wp-json\/wp\/v2\/product_brand?post=26812"},{"taxonomy":"product_cat","embeddable":true,"href":"https:\/\/whitelip.com\/fr\/wp-json\/wp\/v2\/product_cat?post=26812"},{"taxonomy":"product_tag","embeddable":true,"href":"https:\/\/whitelip.com\/fr\/wp-json\/wp\/v2\/product_tag?post=26812"},{"taxonomy":"flavours","embeddable":true,"href":"https:\/\/whitelip.com\/fr\/wp-json\/wp\/v2\/flavours?post=26812"},{"taxonomy":"format","embeddable":true,"href":"https:\/\/whitelip.com\/fr\/wp-json\/wp\/v2\/format?post=26812"},{"taxonomy":"nicotine","embeddable":true,"href":"https:\/\/whitelip.com\/fr\/wp-json\/wp\/v2\/nicotine?post=26812"}],"curies":[{"name":"wp","href":"https:\/\/api.w.org\/{rel}","templated":true}]}}