{"id":26807,"date":"2025-09-24T11:03:14","date_gmt":"2025-09-24T11:03:14","guid":{"rendered":"https:\/\/whitelip.com\/?post_type=product&#038;p=26807"},"modified":"2026-03-24T14:10:04","modified_gmt":"2026-03-24T14:10:04","slug":"vont-banana-extra-strong","status":"publish","type":"product","link":"https:\/\/whitelip.com\/fr\/vont\/vont-banana-extra-strong\/","title":{"rendered":"VONT Banane extra forte"},"content":{"rendered":"<h2><strong>VONT Banane extra forte<\/strong><\/h2>\n<p><span style=\"font-weight: 400;\">Les sachets de nicotine VONT Banana Extra Strong offrent la m\u00eame saveur riche et sucr\u00e9e de banane que la version Strong, mais avec une dose de nicotine plus importante. Con\u00e7us pour les utilisateurs exp\u00e9riment\u00e9s qui recherchent \u00e0 la fois une saveur audacieuse et une force maximale, chaque sachet de format mince fournit 24 mg de nicotine par gramme, ce qui \u00e9quivaut \u00e0 environ 12 mg par sachet. Con\u00e7ue pour une utilisation discr\u00e8te sans tacher les dents, Banana Extra Strong associe une douceur fruit\u00e9e \u00e0 une nicotine puissante. Produite par VONT AB en Su\u00e8de, la marque est r\u00e9put\u00e9e pour son design \u00e9pur\u00e9, ses saveurs innovantes et sa qualit\u00e9 sans compromis.<\/span><\/p>\n<table>\n<tbody>\n<tr>\n<td><b>Attribut<\/b><\/td>\n<td><b>D\u00e9tails<\/b><\/td>\n<\/tr>\n<tr>\n<td><b>Contenu par bo\u00eete<\/b><\/td>\n<td><span style=\"font-weight: 400;\">10g (20 sachets)<\/span><\/td>\n<\/tr>\n<tr>\n<td><b>Teneur en nicotine<\/b><\/td>\n<td><span style=\"font-weight: 400;\">24 mg\/g (12 mg par sachet)<\/span><\/td>\n<\/tr>\n<tr>\n<td><b>Format de la pochette<\/b><\/td>\n<td><span style=\"font-weight: 400;\">Mince<\/span><\/td>\n<\/tr>\n<tr>\n<td><b>Producteur<\/b><\/td>\n<td><span style=\"font-weight: 400;\">VONT AB<\/span><\/td>\n<\/tr>\n<tr>\n<td><b>Saveur<\/b><\/td>\n<td><span style=\"font-weight: 400;\">Banane<\/span><\/td>\n<\/tr>\n<tr>\n<td><b>Taper<\/b><\/td>\n<td><span style=\"font-weight: 400;\">Pochette toute blanche<\/span><\/td>\n<\/tr>\n<\/tbody>\n<\/table>","protected":false},"excerpt":{"rendered":"<p>VONT <strong data-start=\"5\" data-end=\"15\">Banane<\/strong> <strong data-start=\"16\" data-end=\"32\">Extra fort<\/strong> sert une banane riche et sucr\u00e9e comme la version Strong, mais avec une intensit\u00e9 plus \u00e9lev\u00e9e. La version <strong data-start=\"115\" data-end=\"123\">mince<\/strong> sont discrets et \u00e9vitent de tacher les dents. Chaque sachet contient <strong data-start=\"191\" data-end=\"209\">12 mg de nicotine<\/strong> (24 mg\/g) pour un coup de fouet puissant. Produit par VONT AB en Su\u00e8de, connu pour son design \u00e9pur\u00e9, ses saveurs innovantes et sa qualit\u00e9.<\/p>","protected":false},"featured_media":26811,"comment_status":"open","ping_status":"closed","template":"","format":[206],"meta":{"_acf_changed":false},"product_brand":[],"product_cat":[238],"product_tag":[16561],"flavours":[196],"nicotine":[232,217],"class_list":{"0":"post-26807","1":"product","2":"type-product","3":"status-publish","4":"has-post-thumbnail","6":"product_cat-vont","7":"product_tag-12-mg-pouch","8":"pa_quantity-1-pack","9":"pa_quantity-10-pack","10":"pa_quantity-3-pack","11":"pa_quantity-30-pack","12":"pa_quantity-5-pack","13":"pa_quantity-60-pack","14":"flavours-fruits-berries","15":"format-slim","16":"nicotine-extra-strong","17":"nicotine-24-mg-g","19":"first","20":"instock","21":"taxable","22":"shipping-taxable","23":"purchasable","24":"product-type-variable","25":"has-default-attributes"},"acf":[],"_links":{"self":[{"href":"https:\/\/whitelip.com\/fr\/wp-json\/wp\/v2\/product\/26807","targetHints":{"allow":["GET"]}}],"collection":[{"href":"https:\/\/whitelip.com\/fr\/wp-json\/wp\/v2\/product"}],"about":[{"href":"https:\/\/whitelip.com\/fr\/wp-json\/wp\/v2\/types\/product"}],"replies":[{"embeddable":true,"href":"https:\/\/whitelip.com\/fr\/wp-json\/wp\/v2\/comments?post=26807"}],"wp:featuredmedia":[{"embeddable":true,"href":"https:\/\/whitelip.com\/fr\/wp-json\/wp\/v2\/media\/26811"}],"wp:attachment":[{"href":"https:\/\/whitelip.com\/fr\/wp-json\/wp\/v2\/media?parent=26807"}],"wp:term":[{"taxonomy":"product_brand","embeddable":true,"href":"https:\/\/whitelip.com\/fr\/wp-json\/wp\/v2\/product_brand?post=26807"},{"taxonomy":"product_cat","embeddable":true,"href":"https:\/\/whitelip.com\/fr\/wp-json\/wp\/v2\/product_cat?post=26807"},{"taxonomy":"product_tag","embeddable":true,"href":"https:\/\/whitelip.com\/fr\/wp-json\/wp\/v2\/product_tag?post=26807"},{"taxonomy":"flavours","embeddable":true,"href":"https:\/\/whitelip.com\/fr\/wp-json\/wp\/v2\/flavours?post=26807"},{"taxonomy":"format","embeddable":true,"href":"https:\/\/whitelip.com\/fr\/wp-json\/wp\/v2\/format?post=26807"},{"taxonomy":"nicotine","embeddable":true,"href":"https:\/\/whitelip.com\/fr\/wp-json\/wp\/v2\/nicotine?post=26807"}],"curies":[{"name":"wp","href":"https:\/\/api.w.org\/{rel}","templated":true}]}}