{"id":26802,"date":"2025-09-24T11:03:14","date_gmt":"2025-09-24T11:03:14","guid":{"rendered":"https:\/\/whitelip.com\/?post_type=product&#038;p=26802"},"modified":"2026-04-06T02:17:55","modified_gmt":"2026-04-06T02:17:55","slug":"vont-lemon-lime-strong","status":"publish","type":"product","link":"https:\/\/whitelip.com\/fr\/vont\/vont-lemon-lime-strong\/","title":{"rendered":"VONT Lemon Lime Strong"},"content":{"rendered":"<h2><strong>VONT Lemon Lime Strong<\/strong><\/h2>\n<p><span style=\"font-weight: 400;\">Les sachets de nicotine VONT Lemon Lime Strong offrent un m\u00e9lange d'agrumes zest\u00e9 et rafra\u00eechissant qui \u00e9quilibre l'acuit\u00e9 du citron avec le go\u00fbt croquant du citron vert. Le r\u00e9sultat est une saveur vive, piquante et revigorante qui stimule les sens. Con\u00e7u dans un format mince pour une utilisation discr\u00e8te et confortable, chaque sachet fournit une forte dose de nicotine de 14 mg par gramme, ce qui \u00e9quivaut \u00e0 environ 7 mg par sachet. Id\u00e9al pour les utilisateurs exp\u00e9riment\u00e9s, Lemon Lime Strong offre un profil de saveur vif associ\u00e9 \u00e0 une puissance fiable. Produite par VONT AB en Su\u00e8de, la marque est r\u00e9put\u00e9e pour son style moderne, ses exp\u00e9riences gustatives innovantes et sa qualit\u00e9 constante.<\/span><\/p>\n<table>\n<tbody>\n<tr>\n<td><b>Attribut<\/b><\/td>\n<td><b>D\u00e9tails<\/b><\/td>\n<\/tr>\n<tr>\n<td><b>Contenu par bo\u00eete<\/b><\/td>\n<td><span style=\"font-weight: 400;\">10g (20 sachets)<\/span><\/td>\n<\/tr>\n<tr>\n<td><b>Teneur en nicotine<\/b><\/td>\n<td><span style=\"font-weight: 400;\">14 mg\/g (7 mg par sachet)<\/span><\/td>\n<\/tr>\n<tr>\n<td><b>Format de la pochette<\/b><\/td>\n<td><span style=\"font-weight: 400;\">Mince<\/span><\/td>\n<\/tr>\n<tr>\n<td><b>Producteur<\/b><\/td>\n<td><span style=\"font-weight: 400;\">VONT AB<\/span><\/td>\n<\/tr>\n<tr>\n<td><b>Saveur<\/b><\/td>\n<td><span style=\"font-weight: 400;\">Citron et citron vert<\/span><\/td>\n<\/tr>\n<tr>\n<td><b>Taper<\/b><\/td>\n<td><span style=\"font-weight: 400;\">Pochette toute blanche<\/span><\/td>\n<\/tr>\n<\/tbody>\n<\/table>","protected":false},"excerpt":{"rendered":"<p>VONT <strong data-start=\"5\" data-end=\"19\">Citron vert<\/strong> <strong data-start=\"20\" data-end=\"30\">Fort<\/strong> offre un m\u00e9lange zest\u00e9 et rafra\u00eechissant qui \u00e9quilibre le citron vif et le citron vert croquant pour un effet vif et acidul\u00e9. Les <strong data-start=\"138\" data-end=\"146\">mince<\/strong> permettent une utilisation discr\u00e8te et confortable pour les utilisateurs exp\u00e9riment\u00e9s. Chaque pochette contient <strong data-start=\"230\" data-end=\"247\">7 mg de nicotine<\/strong> (14 mg\/g) pour un kick fort et fiable. Produit par VONT AB en Su\u00e8de, connu pour son style moderne, ses saveurs innovantes et sa qualit\u00e9 constante.<\/p>","protected":false},"featured_media":26806,"comment_status":"open","ping_status":"closed","template":"","format":[206],"meta":{"_acf_changed":false},"product_brand":[],"product_cat":[238],"product_tag":[16640],"flavours":[190],"nicotine":[211,236],"class_list":{"0":"post-26802","1":"product","2":"type-product","3":"status-publish","4":"has-post-thumbnail","6":"product_cat-vont","7":"product_tag-7-mg-pouch","8":"pa_quantity-1-pack","9":"pa_quantity-10-pack","10":"pa_quantity-3-pack","11":"pa_quantity-30-pack","12":"pa_quantity-5-pack","13":"pa_quantity-60-pack","14":"flavours-citrus","15":"format-slim","16":"nicotine-14-mg-g","17":"nicotine-strong","19":"first","20":"instock","21":"taxable","22":"shipping-taxable","23":"purchasable","24":"product-type-variable","25":"has-default-attributes"},"acf":[],"_links":{"self":[{"href":"https:\/\/whitelip.com\/fr\/wp-json\/wp\/v2\/product\/26802","targetHints":{"allow":["GET"]}}],"collection":[{"href":"https:\/\/whitelip.com\/fr\/wp-json\/wp\/v2\/product"}],"about":[{"href":"https:\/\/whitelip.com\/fr\/wp-json\/wp\/v2\/types\/product"}],"replies":[{"embeddable":true,"href":"https:\/\/whitelip.com\/fr\/wp-json\/wp\/v2\/comments?post=26802"}],"wp:featuredmedia":[{"embeddable":true,"href":"https:\/\/whitelip.com\/fr\/wp-json\/wp\/v2\/media\/26806"}],"wp:attachment":[{"href":"https:\/\/whitelip.com\/fr\/wp-json\/wp\/v2\/media?parent=26802"}],"wp:term":[{"taxonomy":"product_brand","embeddable":true,"href":"https:\/\/whitelip.com\/fr\/wp-json\/wp\/v2\/product_brand?post=26802"},{"taxonomy":"product_cat","embeddable":true,"href":"https:\/\/whitelip.com\/fr\/wp-json\/wp\/v2\/product_cat?post=26802"},{"taxonomy":"product_tag","embeddable":true,"href":"https:\/\/whitelip.com\/fr\/wp-json\/wp\/v2\/product_tag?post=26802"},{"taxonomy":"flavours","embeddable":true,"href":"https:\/\/whitelip.com\/fr\/wp-json\/wp\/v2\/flavours?post=26802"},{"taxonomy":"format","embeddable":true,"href":"https:\/\/whitelip.com\/fr\/wp-json\/wp\/v2\/format?post=26802"},{"taxonomy":"nicotine","embeddable":true,"href":"https:\/\/whitelip.com\/fr\/wp-json\/wp\/v2\/nicotine?post=26802"}],"curies":[{"name":"wp","href":"https:\/\/api.w.org\/{rel}","templated":true}]}}