{"id":14226,"date":"2025-08-20T11:05:21","date_gmt":"2025-08-20T11:05:21","guid":{"rendered":"https:\/\/whitelip.com\/?post_type=product&#038;p=14226"},"modified":"2026-04-08T12:50:32","modified_gmt":"2026-04-08T12:50:32","slug":"nois-extreme-50mg","status":"publish","type":"product","link":"https:\/\/whitelip.com\/fr\/nois\/nois-extreme-50mg\/","title":{"rendered":"NOIS Extr\u00eame 50mg"},"content":{"rendered":"<h2><strong>NOIS Extr\u00eame 50mg<\/strong><\/h2>\n<p><span style=\"font-weight: 400;\">NOIS Extreme 50mg d\u00e9livre une <\/span><b>sensation de menthe intense et foudroyante<\/b><span style=\"font-weight: 400;\"> con\u00e7u pour les utilisateurs de nicotine les plus exp\u00e9riment\u00e9s. Avec une formule \u00e0 puissance maximale, ce sachet n'est pas pour les timor\u00e9s. Chaque sachet mince contient une quantit\u00e9 stup\u00e9fiante de <\/span><b>25 mg de nicotine<\/b><span style=\"font-weight: 400;\"> (50 mg\/g), offrant une lib\u00e9ration rapide et durable qui frappe fort et vite.<\/span><\/p>\n<p><span style=\"font-weight: 400;\">Ces sachets enti\u00e8rement blancs, sans tabac, sont fabriqu\u00e9s \u00e0 partir d'ingr\u00e9dients v\u00e9g\u00e9taux de premi\u00e8re qualit\u00e9, garantissant une exp\u00e9rience propre et puissante sans tacher les dents. Le format fin s'ins\u00e8re discr\u00e8tement sous la l\u00e8vre et procure un puissant coup de fouet \u00e0 chaque utilisation. NOIS Extreme 50mg est le choix ultime pour les utilisateurs exigeant la plus haute intensit\u00e9 disponible.<\/span><\/p>\n<table>\n<tbody>\n<tr>\n<td><b>Attribut<\/b><\/td>\n<td><b>D\u00e9tails<\/b><\/td>\n<\/tr>\n<tr>\n<td><b>Marque<\/b><\/td>\n<td><span style=\"font-weight: 400;\">NOIS<\/span><\/td>\n<\/tr>\n<tr>\n<td><b>Type de produit<\/b><\/td>\n<td><span style=\"font-weight: 400;\">Tous les sachets de nicotine blancs<\/span><\/td>\n<\/tr>\n<tr>\n<td><b>Format<\/b><\/td>\n<td><span style=\"font-weight: 400;\">Mince<\/span><\/td>\n<\/tr>\n<tr>\n<td><b>Saveur<\/b><\/td>\n<td><span style=\"font-weight: 400;\">Menthe<\/span><\/td>\n<\/tr>\n<tr>\n<td><b>Intensit\u00e9 de la nicotine<\/b><\/td>\n<td><span style=\"font-weight: 400;\">25 mg par sachet (50 mg\/g)<\/span><\/td>\n<\/tr>\n<tr>\n<td><b>Poids de la portion<\/b><\/td>\n<td><span style=\"font-weight: 400;\">0,5 grammes<\/span><\/td>\n<\/tr>\n<tr>\n<td><b>Nombre de portions<\/b><\/td>\n<td><span style=\"font-weight: 400;\">27 par bo\u00eete<\/span><\/td>\n<\/tr>\n<tr>\n<td><b>Poids total de la bo\u00eete<\/b><\/td>\n<td><span style=\"font-weight: 400;\">11 grammes<\/span><\/td>\n<\/tr>\n<tr>\n<td><b>Fabricant<\/b><\/td>\n<td><span style=\"font-weight: 400;\">HRJ Production O\u00dc<\/span><\/td>\n<\/tr>\n<tr>\n<td><b>Caract\u00e9ristiques notables<\/b><\/td>\n<td><span style=\"font-weight: 400;\">Sans tabac, format mince, ar\u00f4me de menthe extr\u00eamement fort, con\u00e7u pour les utilisateurs avanc\u00e9s<\/span><\/td>\n<\/tr>\n<\/tbody>\n<\/table>","protected":false},"excerpt":{"rendered":"<p><span style=\"font-weight: 400;\">NOIS Extreme 50mg d\u00e9livre une <\/span><b>sensation de menthe intense et foudroyante<\/b><span style=\"font-weight: 400;\"> con\u00e7u pour les utilisateurs de nicotine les plus exp\u00e9riment\u00e9s. Avec une formule \u00e0 puissance maximale, ce sachet n'est pas pour les timor\u00e9s. Chaque sachet mince contient une quantit\u00e9 stup\u00e9fiante de <\/span><b>25 mg de nicotine<\/b><span style=\"font-weight: 400;\"> (50 mg\/g), offrant une lib\u00e9ration rapide et durable qui frappe fort et vite.<\/span><\/p>","protected":false},"featured_media":14230,"comment_status":"open","ping_status":"closed","template":"","format":[206],"meta":{"_acf_changed":false},"product_brand":[],"product_cat":[127],"product_tag":[16510,16589],"flavours":[199],"nicotine":[226,233],"class_list":{"0":"post-14226","1":"product","2":"type-product","3":"status-publish","4":"has-post-thumbnail","6":"product_cat-nois","7":"product_tag-12-off","8":"product_tag-25-mg-pouch","9":"pa_quantity-1-pack","10":"pa_quantity-10-pack","11":"pa_quantity-3-pack","12":"pa_quantity-30-pack","13":"pa_quantity-5-pack","14":"pa_quantity-60-pack","15":"flavours-mint","16":"format-slim","17":"nicotine-50-mg-g","18":"nicotine-extreme","20":"first","21":"outofstock","22":"sale","23":"taxable","24":"shipping-taxable","25":"purchasable","26":"product-type-variable","27":"has-default-attributes"},"acf":[],"_links":{"self":[{"href":"https:\/\/whitelip.com\/fr\/wp-json\/wp\/v2\/product\/14226","targetHints":{"allow":["GET"]}}],"collection":[{"href":"https:\/\/whitelip.com\/fr\/wp-json\/wp\/v2\/product"}],"about":[{"href":"https:\/\/whitelip.com\/fr\/wp-json\/wp\/v2\/types\/product"}],"replies":[{"embeddable":true,"href":"https:\/\/whitelip.com\/fr\/wp-json\/wp\/v2\/comments?post=14226"}],"wp:featuredmedia":[{"embeddable":true,"href":"https:\/\/whitelip.com\/fr\/wp-json\/wp\/v2\/media\/14230"}],"wp:attachment":[{"href":"https:\/\/whitelip.com\/fr\/wp-json\/wp\/v2\/media?parent=14226"}],"wp:term":[{"taxonomy":"product_brand","embeddable":true,"href":"https:\/\/whitelip.com\/fr\/wp-json\/wp\/v2\/product_brand?post=14226"},{"taxonomy":"product_cat","embeddable":true,"href":"https:\/\/whitelip.com\/fr\/wp-json\/wp\/v2\/product_cat?post=14226"},{"taxonomy":"product_tag","embeddable":true,"href":"https:\/\/whitelip.com\/fr\/wp-json\/wp\/v2\/product_tag?post=14226"},{"taxonomy":"flavours","embeddable":true,"href":"https:\/\/whitelip.com\/fr\/wp-json\/wp\/v2\/flavours?post=14226"},{"taxonomy":"format","embeddable":true,"href":"https:\/\/whitelip.com\/fr\/wp-json\/wp\/v2\/format?post=14226"},{"taxonomy":"nicotine","embeddable":true,"href":"https:\/\/whitelip.com\/fr\/wp-json\/wp\/v2\/nicotine?post=14226"}],"curies":[{"name":"wp","href":"https:\/\/api.w.org\/{rel}","templated":true}]}}