{"id":14216,"date":"2025-08-20T11:05:21","date_gmt":"2025-08-20T11:05:21","guid":{"rendered":"https:\/\/whitelip.com\/?post_type=product&#038;p=14216"},"modified":"2026-05-06T10:11:25","modified_gmt":"2026-05-06T10:11:25","slug":"nois-cherry-ice-25mg","status":"publish","type":"product","link":"https:\/\/whitelip.com\/fr\/nois\/nois-cherry-ice-25mg\/","title":{"rendered":"NOIS Cerise Glac\u00e9e 25mg"},"content":{"rendered":"<h2><strong>NOIS Cerise Glac\u00e9e 25mg<\/strong><\/h2>\n<p><span style=\"font-weight: 400;\">NOIS Cherry Ice 25mg d\u00e9livre une <\/span><b>ar\u00f4me audacieux de cerise fusionn\u00e9 avec du menthol glac\u00e9<\/b><span style=\"font-weight: 400;\">, Le produit a \u00e9t\u00e9 con\u00e7u pour offrir une sensation fruit\u00e9e et rafra\u00eechissante dans chaque sachet. Con\u00e7u pour les utilisateurs exp\u00e9riment\u00e9s, ce produit combine <\/span><b>notes sucr\u00e9es de baies avec un effet rafra\u00eechissant puissant<\/b><span style=\"font-weight: 400;\"> pour offrir une exp\u00e9rience nicotinique dynamique. Chaque sachet mince contient <\/span><b>12,5 mg de nicotine<\/b><span style=\"font-weight: 400;\"> (25 mg\/g), ce qui en fait l'une des meilleures options de la gamme NOIS.<\/span><\/p>\n<p><span style=\"font-weight: 400;\">Ces sachets sans tabac, enti\u00e8rement blancs, sont con\u00e7us pour une utilisation propre sans tacher les dents. Le design fin assure une tenue confortable et discr\u00e8te sous la l\u00e8vre. NOIS Cherry Ice 25mg est id\u00e9al pour les utilisateurs \u00e0 la recherche d'une saveur \u00e0 fort impact et d'un taux de nicotine \u00e9lev\u00e9 dans un seul sachet puissant.<\/span><\/p>\n<table>\n<tbody>\n<tr>\n<td><b>Attribut<\/b><\/td>\n<td><b>D\u00e9tails<\/b><\/td>\n<\/tr>\n<tr>\n<td><b>Marque<\/b><\/td>\n<td><span style=\"font-weight: 400;\">NOIS<\/span><\/td>\n<\/tr>\n<tr>\n<td><b>Type de produit<\/b><\/td>\n<td><span style=\"font-weight: 400;\">Tous les sachets de nicotine blancs<\/span><\/td>\n<\/tr>\n<tr>\n<td><b>Format<\/b><\/td>\n<td><span style=\"font-weight: 400;\">Mince<\/span><\/td>\n<\/tr>\n<tr>\n<td><b>Saveur<\/b><\/td>\n<td><span style=\"font-weight: 400;\">Cerise, Menthol<\/span><\/td>\n<\/tr>\n<tr>\n<td><b>Intensit\u00e9 de la nicotine<\/b><\/td>\n<td><span style=\"font-weight: 400;\">12,5 mg par sachet (25 mg\/g)<\/span><\/td>\n<\/tr>\n<tr>\n<td><b>Poids de la portion<\/b><\/td>\n<td><span style=\"font-weight: 400;\">0,5 grammes<\/span><\/td>\n<\/tr>\n<tr>\n<td><b>Nombre de portions<\/b><\/td>\n<td><span style=\"font-weight: 400;\">22 par bo\u00eete<\/span><\/td>\n<\/tr>\n<tr>\n<td><b>Poids total de la bo\u00eete<\/b><\/td>\n<td><span style=\"font-weight: 400;\">11 grammes<\/span><\/td>\n<\/tr>\n<tr>\n<td><b>Fabricant<\/b><\/td>\n<td><span style=\"font-weight: 400;\">HRJ Production O\u00dc<\/span><\/td>\n<\/tr>\n<tr>\n<td><b>Caract\u00e9ristiques notables<\/b><\/td>\n<td><span style=\"font-weight: 400;\">Sans tabac, format mince, ar\u00f4me fort de cerise-menthol, taux de nicotine tr\u00e8s \u00e9lev\u00e9<\/span><\/td>\n<\/tr>\n<\/tbody>\n<\/table>","protected":false},"excerpt":{"rendered":"<p><span style=\"font-weight: 400;\">NOIS Cherry Ice 25mg d\u00e9livre une <\/span><b>ar\u00f4me audacieux de cerise fusionn\u00e9 avec du menthol glac\u00e9<\/b><span style=\"font-weight: 400;\">, Le produit a \u00e9t\u00e9 con\u00e7u pour offrir une sensation fruit\u00e9e et rafra\u00eechissante dans chaque sachet. Con\u00e7u pour les utilisateurs exp\u00e9riment\u00e9s, ce produit combine <\/span><b>notes sucr\u00e9es de baies avec un effet rafra\u00eechissant puissant<\/b><span style=\"font-weight: 400;\"> pour offrir une exp\u00e9rience nicotinique dynamique. Chaque sachet mince contient <\/span><b>12,5 mg de nicotine<\/b><span style=\"font-weight: 400;\"> (25 mg\/g), ce qui en fait l'une des meilleures options de la gamme NOIS.<\/span><\/p>","protected":false},"featured_media":14220,"comment_status":"open","ping_status":"closed","template":"","format":[206],"meta":{"_acf_changed":false},"product_brand":[],"product_cat":[127],"product_tag":[16775,16510],"flavours":[196,199],"nicotine":[232,219],"class_list":{"0":"post-14216","1":"product","2":"type-product","3":"status-publish","4":"has-post-thumbnail","6":"product_cat-nois","7":"product_tag-12-5-mg-pouch","8":"product_tag-12-off","9":"pa_quantity-1-pack","10":"pa_quantity-10-pack","11":"pa_quantity-3-pack","12":"pa_quantity-30-pack","13":"pa_quantity-5-pack","14":"pa_quantity-60-pack","15":"flavours-fruits-berries","16":"flavours-mint","17":"format-slim","18":"nicotine-extra-strong","19":"nicotine-25-mg-g","21":"first","22":"outofstock","23":"sale","24":"taxable","25":"shipping-taxable","26":"purchasable","27":"product-type-variable","28":"has-default-attributes"},"acf":[],"_links":{"self":[{"href":"https:\/\/whitelip.com\/fr\/wp-json\/wp\/v2\/product\/14216","targetHints":{"allow":["GET"]}}],"collection":[{"href":"https:\/\/whitelip.com\/fr\/wp-json\/wp\/v2\/product"}],"about":[{"href":"https:\/\/whitelip.com\/fr\/wp-json\/wp\/v2\/types\/product"}],"replies":[{"embeddable":true,"href":"https:\/\/whitelip.com\/fr\/wp-json\/wp\/v2\/comments?post=14216"}],"wp:featuredmedia":[{"embeddable":true,"href":"https:\/\/whitelip.com\/fr\/wp-json\/wp\/v2\/media\/14220"}],"wp:attachment":[{"href":"https:\/\/whitelip.com\/fr\/wp-json\/wp\/v2\/media?parent=14216"}],"wp:term":[{"taxonomy":"product_brand","embeddable":true,"href":"https:\/\/whitelip.com\/fr\/wp-json\/wp\/v2\/product_brand?post=14216"},{"taxonomy":"product_cat","embeddable":true,"href":"https:\/\/whitelip.com\/fr\/wp-json\/wp\/v2\/product_cat?post=14216"},{"taxonomy":"product_tag","embeddable":true,"href":"https:\/\/whitelip.com\/fr\/wp-json\/wp\/v2\/product_tag?post=14216"},{"taxonomy":"flavours","embeddable":true,"href":"https:\/\/whitelip.com\/fr\/wp-json\/wp\/v2\/flavours?post=14216"},{"taxonomy":"format","embeddable":true,"href":"https:\/\/whitelip.com\/fr\/wp-json\/wp\/v2\/format?post=14216"},{"taxonomy":"nicotine","embeddable":true,"href":"https:\/\/whitelip.com\/fr\/wp-json\/wp\/v2\/nicotine?post=14216"}],"curies":[{"name":"wp","href":"https:\/\/api.w.org\/{rel}","templated":true}]}}