{"id":14210,"date":"2025-08-20T11:05:21","date_gmt":"2025-08-20T11:05:21","guid":{"rendered":"https:\/\/whitelip.com\/?post_type=product&#038;p=14210"},"modified":"2026-04-15T12:12:32","modified_gmt":"2026-04-15T12:12:32","slug":"nois-mint-20mg","status":"publish","type":"product","link":"https:\/\/whitelip.com\/fr\/nois\/nois-mint-20mg\/","title":{"rendered":"NOIS Menthe 20mg"},"content":{"rendered":"<h2><strong>NOIS Menthe 20mg<\/strong><\/h2>\n<p><span style=\"font-weight: 400;\">NOIS Mint 20mg d\u00e9livre une <\/span><b>ar\u00f4me de menthe intens\u00e9ment frais et rafra\u00eechissant<\/b><span style=\"font-weight: 400;\">, Les sachets \u00e0 la menthe sont con\u00e7us pour \u00e9veiller vos sens avec une sensation de fra\u00eecheur et de propret\u00e9. Parfait pour les utilisateurs qui aiment les sachets menthol\u00e9s classiques avec une nicotine extra-forte, chaque sachet mince offre une exp\u00e9rience rapide et satisfaisante. Avec <\/span><b>10 mg de nicotine par sachet<\/b><span style=\"font-weight: 400;\"> (20 mg\/g), il est con\u00e7u pour les utilisateurs chevronn\u00e9s qui recherchent des performances \u00e9lev\u00e9es et un rafra\u00eechissement glac\u00e9.<\/span><\/p>\n<p><span style=\"font-weight: 400;\">Ces sachets enti\u00e8rement blancs s'ins\u00e8rent discr\u00e8tement sous la l\u00e8vre et sont con\u00e7us pour \u00e9viter de tacher les dents ou d'occasionner une g\u00eane. Sans tabac et fabriqu\u00e9 \u00e0 partir d'ingr\u00e9dients v\u00e9g\u00e9taux de premi\u00e8re qualit\u00e9, NOIS Mint 20mg est le choix id\u00e9al pour tous ceux qui recherchent une alternative nicotinique propre, forte et revigorante.<\/span><\/p>\n<p><b>Sp\u00e9cifications<\/b><\/p>\n<table>\n<tbody>\n<tr>\n<td><b>Attribut<\/b><\/td>\n<td><b>D\u00e9tails<\/b><\/td>\n<\/tr>\n<tr>\n<td><b>Marque<\/b><\/td>\n<td><span style=\"font-weight: 400;\">NOIS<\/span><\/td>\n<\/tr>\n<tr>\n<td><b>Type de produit<\/b><\/td>\n<td><span style=\"font-weight: 400;\">Tous les sachets de nicotine blancs<\/span><\/td>\n<\/tr>\n<tr>\n<td><b>Format<\/b><\/td>\n<td><span style=\"font-weight: 400;\">Mince<\/span><\/td>\n<\/tr>\n<tr>\n<td><b>Saveur<\/b><\/td>\n<td><span style=\"font-weight: 400;\">Menthe<\/span><\/td>\n<\/tr>\n<tr>\n<td><b>Intensit\u00e9 de la nicotine<\/b><\/td>\n<td><span style=\"font-weight: 400;\">10 mg par sachet (20 mg\/g)<\/span><\/td>\n<\/tr>\n<tr>\n<td><b>Poids de la portion<\/b><\/td>\n<td><span style=\"font-weight: 400;\">0,5 grammes<\/span><\/td>\n<\/tr>\n<tr>\n<td><b>Nombre de portions<\/b><\/td>\n<td><span style=\"font-weight: 400;\">22 par bo\u00eete<\/span><\/td>\n<\/tr>\n<tr>\n<td><b>Poids total de la bo\u00eete<\/b><\/td>\n<td><span style=\"font-weight: 400;\">11 grammes<\/span><\/td>\n<\/tr>\n<tr>\n<td><b>Fabricant<\/b><\/td>\n<td><span style=\"font-weight: 400;\">HRJ Production O\u00dc<\/span><\/td>\n<\/tr>\n<tr>\n<td><b>Caract\u00e9ristiques notables<\/b><\/td>\n<td><span style=\"font-weight: 400;\">Sans tabac, format mince, go\u00fbt menthe ultra rafra\u00eechissant avec nicotine extra-forte<\/span><\/td>\n<\/tr>\n<\/tbody>\n<\/table>","protected":false},"excerpt":{"rendered":"<p><span style=\"font-weight: 400;\">NOIS Mint 20mg d\u00e9livre une <\/span><b>ar\u00f4me de menthe intens\u00e9ment frais et rafra\u00eechissant<\/b><span style=\"font-weight: 400;\">, Les sachets \u00e0 la menthe sont con\u00e7us pour \u00e9veiller vos sens avec une sensation de fra\u00eecheur et de propret\u00e9. Parfait pour les utilisateurs qui aiment les sachets menthol\u00e9s classiques avec une nicotine extra-forte, chaque sachet mince offre une exp\u00e9rience rapide et satisfaisante. Avec <\/span><b>10 mg de nicotine par sachet<\/b><span style=\"font-weight: 400;\"> (20 mg\/g), il est con\u00e7u pour les utilisateurs chevronn\u00e9s qui recherchent des performances \u00e9lev\u00e9es et un rafra\u00eechissement glac\u00e9.<\/span><\/p>","protected":false},"featured_media":14214,"comment_status":"open","ping_status":"closed","template":"","format":[206],"meta":{"_acf_changed":false},"product_brand":[],"product_cat":[127],"product_tag":[16587,16510],"flavours":[199],"nicotine":[218,232],"class_list":{"0":"post-14210","1":"product","2":"type-product","3":"status-publish","4":"has-post-thumbnail","6":"product_cat-nois","7":"product_tag-10-mg-pouch","8":"product_tag-12-off","9":"pa_quantity-1-pack","10":"pa_quantity-10-pack","11":"pa_quantity-3-pack","12":"pa_quantity-30-pack","13":"pa_quantity-5-pack","14":"pa_quantity-60-pack","15":"flavours-mint","16":"format-slim","17":"nicotine-20-mg-g","18":"nicotine-extra-strong","20":"first","21":"instock","22":"sale","23":"taxable","24":"shipping-taxable","25":"purchasable","26":"product-type-variable","27":"has-default-attributes"},"acf":[],"_links":{"self":[{"href":"https:\/\/whitelip.com\/fr\/wp-json\/wp\/v2\/product\/14210","targetHints":{"allow":["GET"]}}],"collection":[{"href":"https:\/\/whitelip.com\/fr\/wp-json\/wp\/v2\/product"}],"about":[{"href":"https:\/\/whitelip.com\/fr\/wp-json\/wp\/v2\/types\/product"}],"replies":[{"embeddable":true,"href":"https:\/\/whitelip.com\/fr\/wp-json\/wp\/v2\/comments?post=14210"}],"wp:featuredmedia":[{"embeddable":true,"href":"https:\/\/whitelip.com\/fr\/wp-json\/wp\/v2\/media\/14214"}],"wp:attachment":[{"href":"https:\/\/whitelip.com\/fr\/wp-json\/wp\/v2\/media?parent=14210"}],"wp:term":[{"taxonomy":"product_brand","embeddable":true,"href":"https:\/\/whitelip.com\/fr\/wp-json\/wp\/v2\/product_brand?post=14210"},{"taxonomy":"product_cat","embeddable":true,"href":"https:\/\/whitelip.com\/fr\/wp-json\/wp\/v2\/product_cat?post=14210"},{"taxonomy":"product_tag","embeddable":true,"href":"https:\/\/whitelip.com\/fr\/wp-json\/wp\/v2\/product_tag?post=14210"},{"taxonomy":"flavours","embeddable":true,"href":"https:\/\/whitelip.com\/fr\/wp-json\/wp\/v2\/flavours?post=14210"},{"taxonomy":"format","embeddable":true,"href":"https:\/\/whitelip.com\/fr\/wp-json\/wp\/v2\/format?post=14210"},{"taxonomy":"nicotine","embeddable":true,"href":"https:\/\/whitelip.com\/fr\/wp-json\/wp\/v2\/nicotine?post=14210"}],"curies":[{"name":"wp","href":"https:\/\/api.w.org\/{rel}","templated":true}]}}