{"id":14204,"date":"2025-08-20T11:05:22","date_gmt":"2025-08-20T11:05:22","guid":{"rendered":"https:\/\/whitelip.com\/?post_type=product&#038;p=14204"},"modified":"2026-04-11T00:34:02","modified_gmt":"2026-04-11T00:34:02","slug":"nois-blackcurrant-16mg","status":"publish","type":"product","link":"https:\/\/whitelip.com\/fr\/nois\/nois-blackcurrant-16mg\/","title":{"rendered":"NOIS Cassis 16mg"},"content":{"rendered":"<h2><strong>NOIS Cassis 16mg<\/strong><\/h2>\n<p><span style=\"font-weight: 400;\">NOIS Cassis 16mg d\u00e9livre une <\/span><b>Saveur de cassis audacieuse et juteuse<\/b><span style=\"font-weight: 400;\">, Le tabac \u00e0 l'\u00e9tat pur est une exp\u00e9rience riche en baies, avec une finale acidul\u00e9e et sucr\u00e9e. Con\u00e7u pour les utilisateurs qui appr\u00e9cient les profils fruit\u00e9s intenses, chaque sachet fournit une nicotine constante et puissante. Avec <\/span><b>8 mg de nicotine par sachet<\/b><span style=\"font-weight: 400;\"> (16 mg\/g), il est con\u00e7u pour ceux qui recherchent un effet fort et durable.<\/span><\/p>\n<p><span style=\"font-weight: 400;\">Ces pochettes fines et enti\u00e8rement blanches sont con\u00e7ues pour une utilisation discr\u00e8te et confortable. Elles se placent facilement sous la l\u00e8vre sans tacher les dents ni provoquer d'irritation. Fabriqu\u00e9s par HRJ Production O\u00dc, les sachets NOIS refl\u00e8tent un haut niveau de qualit\u00e9, utilisant des mat\u00e9riaux sans tabac et \u00e0 base de plantes pour une alternative moderne, propre et satisfaisante.<\/span><\/p>\n<table>\n<tbody>\n<tr>\n<td><b>Attribut<\/b><\/td>\n<td><b>D\u00e9tails<\/b><\/td>\n<\/tr>\n<tr>\n<td><b>Marque<\/b><\/td>\n<td><span style=\"font-weight: 400;\">NOIS<\/span><\/td>\n<\/tr>\n<tr>\n<td><b>Type de produit<\/b><\/td>\n<td><span style=\"font-weight: 400;\">Tous les sachets de nicotine blancs<\/span><\/td>\n<\/tr>\n<tr>\n<td><b>Format<\/b><\/td>\n<td><span style=\"font-weight: 400;\">Mince<\/span><\/td>\n<\/tr>\n<tr>\n<td><b>Saveur<\/b><\/td>\n<td><span style=\"font-weight: 400;\">Cassis<\/span><\/td>\n<\/tr>\n<tr>\n<td><b>Intensit\u00e9 de la nicotine<\/b><\/td>\n<td><span style=\"font-weight: 400;\">8 mg par sachet (16 mg\/g)<\/span><\/td>\n<\/tr>\n<tr>\n<td><b>Poids de la portion<\/b><\/td>\n<td><span style=\"font-weight: 400;\">0,5 grammes<\/span><\/td>\n<\/tr>\n<tr>\n<td><b>Nombre de portions<\/b><\/td>\n<td><span style=\"font-weight: 400;\">22 par bo\u00eete<\/span><\/td>\n<\/tr>\n<tr>\n<td><b>Poids total de la bo\u00eete<\/b><\/td>\n<td><span style=\"font-weight: 400;\">11 grammes<\/span><\/td>\n<\/tr>\n<tr>\n<td><b>Fabricant<\/b><\/td>\n<td><span style=\"font-weight: 400;\">HRJ Production O\u00dc<\/span><\/td>\n<\/tr>\n<tr>\n<td><b>Caract\u00e9ristiques notables<\/b><\/td>\n<td><span style=\"font-weight: 400;\">Sans tabac, format mince, go\u00fbt riche de cassis avec un fort effet de nicotine<\/span><\/td>\n<\/tr>\n<\/tbody>\n<\/table>","protected":false},"excerpt":{"rendered":"<p><span style=\"font-weight: 400;\">NOIS Cassis 16mg d\u00e9livre une <\/span><b>Saveur de cassis audacieuse et juteuse<\/b><span style=\"font-weight: 400;\">, Le tabac \u00e0 l'\u00e9tat pur est une exp\u00e9rience riche en baies, avec une finale acidul\u00e9e et sucr\u00e9e. Con\u00e7u pour les utilisateurs qui appr\u00e9cient les profils fruit\u00e9s intenses, chaque sachet fournit une nicotine constante et puissante. Avec <\/span><b>8 mg de nicotine par sachet<\/b><span style=\"font-weight: 400;\"> (16 mg\/g), il est con\u00e7u pour ceux qui recherchent un effet fort et durable.<\/span><\/p>","protected":false},"featured_media":14208,"comment_status":"open","ping_status":"closed","template":"","format":[206],"meta":{"_acf_changed":false},"product_brand":[],"product_cat":[127],"product_tag":[16510,16583],"flavours":[196],"nicotine":[213,232],"class_list":{"0":"post-14204","1":"product","2":"type-product","3":"status-publish","4":"has-post-thumbnail","6":"product_cat-nois","7":"product_tag-12-off","8":"product_tag-8-mg-pouch","9":"pa_quantity-1-pack","10":"pa_quantity-10-pack","11":"pa_quantity-3-pack","12":"pa_quantity-30-pack","13":"pa_quantity-5-pack","14":"pa_quantity-60-pack","15":"flavours-fruits-berries","16":"format-slim","17":"nicotine-16-mg-g","18":"nicotine-extra-strong","20":"first","21":"instock","22":"sale","23":"taxable","24":"shipping-taxable","25":"purchasable","26":"product-type-variable","27":"has-default-attributes"},"acf":[],"_links":{"self":[{"href":"https:\/\/whitelip.com\/fr\/wp-json\/wp\/v2\/product\/14204","targetHints":{"allow":["GET"]}}],"collection":[{"href":"https:\/\/whitelip.com\/fr\/wp-json\/wp\/v2\/product"}],"about":[{"href":"https:\/\/whitelip.com\/fr\/wp-json\/wp\/v2\/types\/product"}],"replies":[{"embeddable":true,"href":"https:\/\/whitelip.com\/fr\/wp-json\/wp\/v2\/comments?post=14204"}],"wp:featuredmedia":[{"embeddable":true,"href":"https:\/\/whitelip.com\/fr\/wp-json\/wp\/v2\/media\/14208"}],"wp:attachment":[{"href":"https:\/\/whitelip.com\/fr\/wp-json\/wp\/v2\/media?parent=14204"}],"wp:term":[{"taxonomy":"product_brand","embeddable":true,"href":"https:\/\/whitelip.com\/fr\/wp-json\/wp\/v2\/product_brand?post=14204"},{"taxonomy":"product_cat","embeddable":true,"href":"https:\/\/whitelip.com\/fr\/wp-json\/wp\/v2\/product_cat?post=14204"},{"taxonomy":"product_tag","embeddable":true,"href":"https:\/\/whitelip.com\/fr\/wp-json\/wp\/v2\/product_tag?post=14204"},{"taxonomy":"flavours","embeddable":true,"href":"https:\/\/whitelip.com\/fr\/wp-json\/wp\/v2\/flavours?post=14204"},{"taxonomy":"format","embeddable":true,"href":"https:\/\/whitelip.com\/fr\/wp-json\/wp\/v2\/format?post=14204"},{"taxonomy":"nicotine","embeddable":true,"href":"https:\/\/whitelip.com\/fr\/wp-json\/wp\/v2\/nicotine?post=14204"}],"curies":[{"name":"wp","href":"https:\/\/api.w.org\/{rel}","templated":true}]}}