{"id":10725,"date":"2025-06-23T10:40:18","date_gmt":"2025-06-23T10:40:18","guid":{"rendered":"https:\/\/whitelip.com\/pablo-gold-edition-tropical-punch\/"},"modified":"2026-04-09T15:01:54","modified_gmt":"2026-04-09T15:01:54","slug":"pablo-gold-edition-tropical-punch","status":"publish","type":"product","link":"https:\/\/whitelip.com\/fr\/pablo\/pablo-gold-edition-tropical-punch\/","title":{"rendered":"PABLO Gold Edition Tropical Punch"},"content":{"rendered":"<h2><strong>PABLO Gold Edition Tropical Punch<\/strong><\/h2>\n<p class=\"\" data-start=\"100\" data-end=\"587\">Les sachets de nicotine PABLO Gold Edition Tropical Punch explosent avec un m\u00e9lange vibrant d'ar\u00f4mes de fruits tropicaux - pensez \u00e0 la mangue juteuse, \u00e0 l'ananas et au fruit de la passion - m\u00e9lang\u00e9s \u00e0 un froid rafra\u00eechissant. Avec une forte dose de nicotine de 28 mg\/g (17 mg par sachet), ce sachet est destin\u00e9 aux utilisateurs exp\u00e9riment\u00e9s qui appr\u00e9cient le go\u00fbt audacieux et l'intensit\u00e9. Mince et discret, PABLO Tropical Punch offre une saveur exotique et de la puissance dans un sachet propre et sans tabac.<\/p>\n<table>\n<tbody>\n<tr>\n<td><b>Attribut<\/b><\/td>\n<td><b>D\u00e9tails<\/b><\/td>\n<\/tr>\n<tr>\n<td><b>Contenu par bo\u00eete<\/b><\/td>\n<td><span style=\"font-weight: 400;\">15g (20 sachets)<\/span><\/td>\n<\/tr>\n<tr>\n<td><b>Teneur en nicotine<\/b><\/td>\n<td><span style=\"font-weight: 400;\">28 mg\/g (17 mg par sachet)<\/span><\/td>\n<\/tr>\n<tr>\n<td><b>Format de la pochette<\/b><\/td>\n<td><span style=\"font-weight: 400;\">Mince<\/span><\/td>\n<\/tr>\n<tr>\n<td><b>Producteur<\/b><\/td>\n<td><span style=\"font-weight: 400;\">N.G.P. Empire<\/span><\/td>\n<\/tr>\n<tr>\n<td><b>Saveur<\/b><\/td>\n<td><span style=\"font-weight: 400;\">Punch tropical (mangue, ananas, fruit de la passion)<\/span><\/td>\n<\/tr>\n<tr>\n<td><b>Taper<\/b><\/td>\n<td><span style=\"font-weight: 400;\">Pochette enti\u00e8rement blanche, sans tabac<\/span><\/td>\n<\/tr>\n<\/tbody>\n<\/table>","protected":false},"excerpt":{"rendered":"<p>Les sachets de nicotine PABLO Gold Edition Tropical Punch offrent un go\u00fbt vibrant de Tropical Punch avec une fra\u00eecheur rafra\u00eechissante. Mince, discret et sans tabac pour une utilisation propre et puissante adapt\u00e9e aux utilisateurs exp\u00e9riment\u00e9s. Chaque sachet contient 17 mg de nicotine (28 mg\/g).<\/p>","protected":false},"featured_media":10726,"comment_status":"open","ping_status":"closed","template":"","format":[206],"meta":{"_acf_changed":false},"product_brand":[],"product_cat":[44],"product_tag":[16996],"flavours":[196],"nicotine":[220,232],"class_list":{"0":"post-10725","1":"product","2":"type-product","3":"status-publish","4":"has-post-thumbnail","6":"product_cat-pablo","7":"product_tag-17-mg-pouch","8":"pa_quantity-1-pack","9":"pa_quantity-10-pack","10":"pa_quantity-3-pack","11":"pa_quantity-30-pack","12":"pa_quantity-5-pack","13":"pa_quantity-60-pack","14":"flavours-fruits-berries","15":"format-slim","16":"nicotine-28-mg-g","17":"nicotine-extra-strong","19":"first","20":"outofstock","21":"taxable","22":"shipping-taxable","23":"purchasable","24":"product-type-variable","25":"has-default-attributes"},"acf":[],"_links":{"self":[{"href":"https:\/\/whitelip.com\/fr\/wp-json\/wp\/v2\/product\/10725","targetHints":{"allow":["GET"]}}],"collection":[{"href":"https:\/\/whitelip.com\/fr\/wp-json\/wp\/v2\/product"}],"about":[{"href":"https:\/\/whitelip.com\/fr\/wp-json\/wp\/v2\/types\/product"}],"replies":[{"embeddable":true,"href":"https:\/\/whitelip.com\/fr\/wp-json\/wp\/v2\/comments?post=10725"}],"wp:featuredmedia":[{"embeddable":true,"href":"https:\/\/whitelip.com\/fr\/wp-json\/wp\/v2\/media\/10726"}],"wp:attachment":[{"href":"https:\/\/whitelip.com\/fr\/wp-json\/wp\/v2\/media?parent=10725"}],"wp:term":[{"taxonomy":"product_brand","embeddable":true,"href":"https:\/\/whitelip.com\/fr\/wp-json\/wp\/v2\/product_brand?post=10725"},{"taxonomy":"product_cat","embeddable":true,"href":"https:\/\/whitelip.com\/fr\/wp-json\/wp\/v2\/product_cat?post=10725"},{"taxonomy":"product_tag","embeddable":true,"href":"https:\/\/whitelip.com\/fr\/wp-json\/wp\/v2\/product_tag?post=10725"},{"taxonomy":"flavours","embeddable":true,"href":"https:\/\/whitelip.com\/fr\/wp-json\/wp\/v2\/flavours?post=10725"},{"taxonomy":"format","embeddable":true,"href":"https:\/\/whitelip.com\/fr\/wp-json\/wp\/v2\/format?post=10725"},{"taxonomy":"nicotine","embeddable":true,"href":"https:\/\/whitelip.com\/fr\/wp-json\/wp\/v2\/nicotine?post=10725"}],"curies":[{"name":"wp","href":"https:\/\/api.w.org\/{rel}","templated":true}]}}