{"id":10715,"date":"2025-06-11T12:26:12","date_gmt":"2025-06-11T12:26:12","guid":{"rendered":"https:\/\/whitelip.com\/helwit-raspberry-liquorice\/"},"modified":"2026-04-27T10:10:39","modified_gmt":"2026-04-27T10:10:39","slug":"helwit-raspberry-liquorice","status":"publish","type":"product","link":"https:\/\/whitelip.com\/fr\/helwit\/helwit-raspberry-liquorice\/","title":{"rendered":"HELWIT R\u00e9glisse framboise"},"content":{"rendered":"<h2><b>HELWIT R\u00e9glisse framboise<\/b><\/h2>\n<p><span style=\"font-weight: 400;\">Les sachets de nicotine HELWIT Raspberry Liquorice associent la saveur sucr\u00e9e et acidul\u00e9e des framboises m\u00fbres \u00e0 la profondeur riche et sal\u00e9e de la r\u00e9glisse nordique classique. Ce m\u00e9lange audacieux et \u00e9quilibr\u00e9 cr\u00e9e une exp\u00e9rience gustative scandinave unique - fruit\u00e9e, savoureuse et satisfaisante. Chaque sachet de format fin contient 7 mg de nicotine par gramme, offrant une lib\u00e9ration mod\u00e9r\u00e9e et r\u00e9guli\u00e8re, parfaite pour un usage quotidien. Fabriqu\u00e9s par YOIK AB en Su\u00e8de, ces sachets sont con\u00e7us pour \u00eatre discrets, sans taches et confortables sous la l\u00e8vre, refl\u00e9tant l'engagement d'HELWIT pour des alternatives de nicotine propres et savoureuses.<\/span><\/p>\n<table>\n<tbody>\n<tr>\n<td><b>Attribut<\/b><\/td>\n<td><b>D\u00e9tails<\/b><\/td>\n<\/tr>\n<tr>\n<td><b>Contenu par bo\u00eete<\/b><\/td>\n<td><span style=\"font-weight: 400;\">10g (20 sachets)<\/span><\/td>\n<\/tr>\n<tr>\n<td><b>Teneur en nicotine<\/b><\/td>\n<td><span style=\"font-weight: 400;\">7 mg\/g (3,5 mg par sachet)<\/span><\/td>\n<\/tr>\n<tr>\n<td><b>Format de la pochette<\/b><\/td>\n<td><span style=\"font-weight: 400;\">Mince<\/span><\/td>\n<\/tr>\n<tr>\n<td><b>Producteur<\/b><\/td>\n<td><span style=\"font-weight: 400;\">YOIK AB<\/span><\/td>\n<\/tr>\n<tr>\n<td><b>Saveur<\/b><\/td>\n<td><span style=\"font-weight: 400;\">Framboise et r\u00e9glisse<\/span><\/td>\n<\/tr>\n<tr>\n<td><b>Taper<\/b><\/td>\n<td><span style=\"font-weight: 400;\">Pochette toute blanche<\/span><\/td>\n<\/tr>\n<\/tbody>\n<\/table>","protected":false},"excerpt":{"rendered":"<p>Doux-tangr\u00e9 <strong data-start=\"12\" data-end=\"35\">framboise r\u00e9glisse<\/strong> m\u00e9lange de framboise m\u00fbre et de r\u00e9glisse nordique riche et sal\u00e9e. <strong data-start=\"94\" data-end=\"102\">Mince<\/strong>, Les sachets sans tabac et sans tache se placent discr\u00e8tement sous la l\u00e8vre pour une utilisation confortable et moderne. Chaque pochette contient <strong data-start=\"215\" data-end=\"234\">7 mg\/g de nicotine<\/strong>, L'eau de pluie est un \u00e9l\u00e9ment essentiel de l'alimentation en eau potable, qui permet une lib\u00e9ration mod\u00e9r\u00e9e et r\u00e9guli\u00e8re.<\/p>","protected":false},"featured_media":10716,"comment_status":"open","ping_status":"closed","template":"","format":[206],"meta":{"_acf_changed":false},"product_brand":[],"product_cat":[52],"product_tag":[16597],"flavours":[196],"nicotine":[229,235],"class_list":{"0":"post-10715","1":"product","2":"type-product","3":"status-publish","4":"has-post-thumbnail","6":"product_cat-helwit","7":"product_tag-3-5-mg-pouch","8":"pa_quantity-1-pack","9":"pa_quantity-10-pack","10":"pa_quantity-3-pack","11":"pa_quantity-30-pack","12":"pa_quantity-5-pack","13":"pa_quantity-60-pack","14":"flavours-fruits-berries","15":"format-slim","16":"nicotine-7-mg-g","17":"nicotine-normal","19":"first","20":"instock","21":"taxable","22":"shipping-taxable","23":"purchasable","24":"product-type-variable","25":"has-default-attributes"},"acf":[],"_links":{"self":[{"href":"https:\/\/whitelip.com\/fr\/wp-json\/wp\/v2\/product\/10715","targetHints":{"allow":["GET"]}}],"collection":[{"href":"https:\/\/whitelip.com\/fr\/wp-json\/wp\/v2\/product"}],"about":[{"href":"https:\/\/whitelip.com\/fr\/wp-json\/wp\/v2\/types\/product"}],"replies":[{"embeddable":true,"href":"https:\/\/whitelip.com\/fr\/wp-json\/wp\/v2\/comments?post=10715"}],"wp:featuredmedia":[{"embeddable":true,"href":"https:\/\/whitelip.com\/fr\/wp-json\/wp\/v2\/media\/10716"}],"wp:attachment":[{"href":"https:\/\/whitelip.com\/fr\/wp-json\/wp\/v2\/media?parent=10715"}],"wp:term":[{"taxonomy":"product_brand","embeddable":true,"href":"https:\/\/whitelip.com\/fr\/wp-json\/wp\/v2\/product_brand?post=10715"},{"taxonomy":"product_cat","embeddable":true,"href":"https:\/\/whitelip.com\/fr\/wp-json\/wp\/v2\/product_cat?post=10715"},{"taxonomy":"product_tag","embeddable":true,"href":"https:\/\/whitelip.com\/fr\/wp-json\/wp\/v2\/product_tag?post=10715"},{"taxonomy":"flavours","embeddable":true,"href":"https:\/\/whitelip.com\/fr\/wp-json\/wp\/v2\/flavours?post=10715"},{"taxonomy":"format","embeddable":true,"href":"https:\/\/whitelip.com\/fr\/wp-json\/wp\/v2\/format?post=10715"},{"taxonomy":"nicotine","embeddable":true,"href":"https:\/\/whitelip.com\/fr\/wp-json\/wp\/v2\/nicotine?post=10715"}],"curies":[{"name":"wp","href":"https:\/\/api.w.org\/{rel}","templated":true}]}}