{"id":10660,"date":"2025-06-11T12:32:04","date_gmt":"2025-06-11T12:32:04","guid":{"rendered":"https:\/\/whitelip.com\/denssi-brain-freeze-8mg\/"},"modified":"2026-05-09T10:11:11","modified_gmt":"2026-05-09T10:11:11","slug":"denssi-brain-freeze-8mg","status":"publish","type":"product","link":"https:\/\/whitelip.com\/fr\/denssi\/denssi-brain-freeze-8mg\/","title":{"rendered":"DENSSI Brain Freeze 8mg"},"content":{"rendered":"<h2><strong>DENSSI Brain Freeze 8mg<\/strong><\/h2>\n<p><span style=\"font-weight: 400;\">Les sachets de nicotine 8mg de DENSSI Brain Freeze offrent une exp\u00e9rience ultra rafra\u00eechissante con\u00e7ue pour \u00e9veiller vos sens. Avec un puissant m\u00e9lange de menthe et de menthol, ce m\u00e9lange glac\u00e9 procure une sensation de fra\u00eecheur intense \u00e0 chaque sachet. Le profil de saveur est net, audacieux et revigorant - parfait pour ceux qui ont envie d'un coup de fouet rafra\u00eechissant sans tabac. Avec 5,6 mg de nicotine par sachet, Brain Freeze offre une lib\u00e9ration satisfaisante dans un format mince et discret qui se place confortablement sous la l\u00e8vre et ne tache pas les dents.<\/span><\/p>\n<table>\n<tbody>\n<tr>\n<td><b>Attribut<\/b><\/td>\n<td><b>D\u00e9tails<\/b><\/td>\n<\/tr>\n<tr>\n<td><span style=\"font-weight: 400;\">Contenu par bo\u00eete<\/span><\/td>\n<td><span style=\"font-weight: 400;\">10g (20 sachets)<\/span><\/td>\n<\/tr>\n<tr>\n<td><span style=\"font-weight: 400;\">Teneur en nicotine<\/span><\/td>\n<td><span style=\"font-weight: 400;\">8 mg\/g (5,6 mg par sachet)<\/span><\/td>\n<\/tr>\n<tr>\n<td><span style=\"font-weight: 400;\">Format de la pochette<\/span><\/td>\n<td><span style=\"font-weight: 400;\">Mince<\/span><\/td>\n<\/tr>\n<tr>\n<td><span style=\"font-weight: 400;\">Producteur<\/span><\/td>\n<td><span style=\"font-weight: 400;\">DENSSI<\/span><\/td>\n<\/tr>\n<tr>\n<td><span style=\"font-weight: 400;\">Saveur<\/span><\/td>\n<td><span style=\"font-weight: 400;\">Menthe intense et menthol<\/span><\/td>\n<\/tr>\n<tr>\n<td><span style=\"font-weight: 400;\">Taper<\/span><\/td>\n<td><span style=\"font-weight: 400;\">Pochette enti\u00e8rement blanche, sans tabac<\/span><\/td>\n<\/tr>\n<\/tbody>\n<\/table>","protected":false},"excerpt":{"rendered":"<p>Ultra rafra\u00eechissant <strong data-start=\"17\" data-end=\"37\">menthe et menthol<\/strong> pour une sensation de fra\u00eecheur nette et audacieuse. Les <strong data-start=\"67\" data-end=\"92\">mince, <\/strong>Le format discret se place confortablement sous la l\u00e8vre pour une sensation d'hygi\u00e8ne dentaire et de faible \u00e9coulement. Chaque sachet contient <strong data-start=\"181\" data-end=\"210\">5,6 mg de nicotine par sachet<\/strong>, Le tabac est un produit de consommation courante, qui procure un coup de fouet satisfaisant et revigorant, sans aucune trace de tabac.<\/p>","protected":false},"featured_media":10661,"comment_status":"open","ping_status":"closed","template":"","format":[206],"meta":{"_acf_changed":false},"product_brand":[],"product_cat":[115],"product_tag":[16575],"flavours":[199],"nicotine":[230,236],"class_list":{"0":"post-10660","1":"product","2":"type-product","3":"status-publish","4":"has-post-thumbnail","6":"product_cat-denssi","7":"product_tag-5-6-mg-pouch","8":"pa_quantity-1-pack","9":"pa_quantity-10-pack","10":"pa_quantity-3-pack","11":"pa_quantity-30-pack","12":"pa_quantity-5-pack","13":"pa_quantity-60-pack","14":"flavours-mint","15":"format-slim","16":"nicotine-8-mg-g","17":"nicotine-strong","19":"first","20":"instock","21":"taxable","22":"shipping-taxable","23":"purchasable","24":"product-type-variable"},"acf":[],"_links":{"self":[{"href":"https:\/\/whitelip.com\/fr\/wp-json\/wp\/v2\/product\/10660","targetHints":{"allow":["GET"]}}],"collection":[{"href":"https:\/\/whitelip.com\/fr\/wp-json\/wp\/v2\/product"}],"about":[{"href":"https:\/\/whitelip.com\/fr\/wp-json\/wp\/v2\/types\/product"}],"replies":[{"embeddable":true,"href":"https:\/\/whitelip.com\/fr\/wp-json\/wp\/v2\/comments?post=10660"}],"wp:featuredmedia":[{"embeddable":true,"href":"https:\/\/whitelip.com\/fr\/wp-json\/wp\/v2\/media\/10661"}],"wp:attachment":[{"href":"https:\/\/whitelip.com\/fr\/wp-json\/wp\/v2\/media?parent=10660"}],"wp:term":[{"taxonomy":"product_brand","embeddable":true,"href":"https:\/\/whitelip.com\/fr\/wp-json\/wp\/v2\/product_brand?post=10660"},{"taxonomy":"product_cat","embeddable":true,"href":"https:\/\/whitelip.com\/fr\/wp-json\/wp\/v2\/product_cat?post=10660"},{"taxonomy":"product_tag","embeddable":true,"href":"https:\/\/whitelip.com\/fr\/wp-json\/wp\/v2\/product_tag?post=10660"},{"taxonomy":"flavours","embeddable":true,"href":"https:\/\/whitelip.com\/fr\/wp-json\/wp\/v2\/flavours?post=10660"},{"taxonomy":"format","embeddable":true,"href":"https:\/\/whitelip.com\/fr\/wp-json\/wp\/v2\/format?post=10660"},{"taxonomy":"nicotine","embeddable":true,"href":"https:\/\/whitelip.com\/fr\/wp-json\/wp\/v2\/nicotine?post=10660"}],"curies":[{"name":"wp","href":"https:\/\/api.w.org\/{rel}","templated":true}]}}