{"id":10650,"date":"2025-06-11T12:32:05","date_gmt":"2025-06-11T12:32:05","guid":{"rendered":"https:\/\/whitelip.com\/denssi-strawberry-freeze-8mg\/"},"modified":"2026-05-09T10:11:11","modified_gmt":"2026-05-09T10:11:11","slug":"denssi-strawberry-freeze-8mg","status":"publish","type":"product","link":"https:\/\/whitelip.com\/fr\/denssi\/denssi-strawberry-freeze-8mg\/","title":{"rendered":"DENSSI Gel de fraises 8mg"},"content":{"rendered":"<h2><strong>DENSSI Gel de fraises 8mg<\/strong><\/h2>\n<p><span style=\"font-weight: 400;\">Les sachets DENSSI Strawberry Freeze 8mg de nicotine combinent le go\u00fbt sucr\u00e9 et juteux des fraises m\u00fbres avec une sensation rafra\u00eechissante de menthe glac\u00e9e. Le r\u00e9sultat est une exp\u00e9rience fruit\u00e9e et fra\u00eeche qui offre \u00e0 la fois saveur et fra\u00eecheur dans chaque sachet. Con\u00e7us dans un format fin et enti\u00e8rement blanc, ces sachets offrent une utilisation discr\u00e8te et confortable tout en restant doux pour les dents. Avec 5,6 mg de nicotine par sachet, ils fournissent un hit \u00e9quilibr\u00e9 qui convient aux utilisateurs r\u00e9guliers qui appr\u00e9cient les m\u00e9langes savoureux avec une pointe de fra\u00eecheur.<\/span><\/p>\n<table>\n<tbody>\n<tr>\n<td><b>Attribut<\/b><\/td>\n<td><b>D\u00e9tails<\/b><\/td>\n<\/tr>\n<tr>\n<td><span style=\"font-weight: 400;\">Contenu par bo\u00eete<\/span><\/td>\n<td><span style=\"font-weight: 400;\">10g (20 sachets)<\/span><\/td>\n<\/tr>\n<tr>\n<td><span style=\"font-weight: 400;\">Teneur en nicotine<\/span><\/td>\n<td><span style=\"font-weight: 400;\">8 mg\/g (5,6 mg par sachet)<\/span><\/td>\n<\/tr>\n<tr>\n<td><span style=\"font-weight: 400;\">Format de la pochette<\/span><\/td>\n<td><span style=\"font-weight: 400;\">Mince<\/span><\/td>\n<\/tr>\n<tr>\n<td><span style=\"font-weight: 400;\">Producteur<\/span><\/td>\n<td><span style=\"font-weight: 400;\">DENSSI<\/span><\/td>\n<\/tr>\n<tr>\n<td><span style=\"font-weight: 400;\">Saveur<\/span><\/td>\n<td><span style=\"font-weight: 400;\">Fraise et menthe rafra\u00eechissante<\/span><\/td>\n<\/tr>\n<tr>\n<td><span style=\"font-weight: 400;\">Taper<\/span><\/td>\n<td><span style=\"font-weight: 400;\">Pochette enti\u00e8rement blanche, sans tabac<\/span><\/td>\n<\/tr>\n<\/tbody>\n<\/table>","protected":false},"excerpt":{"rendered":"<p>Sucr\u00e9, juteux <strong data-start=\"13\" data-end=\"41\">fraise et menthe<\/strong> pour un effet fruit\u00e9 et rafra\u00eechissant. Les <strong data-start=\"81\" data-end=\"100\">mince, <\/strong>Les sachets enti\u00e8rement blancs se placent discr\u00e8tement sous la l\u00e8vre pour une utilisation confortable et respectueuse des dents. Chaque sachet contient <strong data-start=\"195\" data-end=\"224\">5,6 mg de nicotine par sachet<\/strong>, Les consommateurs r\u00e9guliers b\u00e9n\u00e9ficient ainsi d'une exp\u00e9rience \u00e9quilibr\u00e9e et savoureuse.<\/p>","protected":false},"featured_media":10651,"comment_status":"open","ping_status":"closed","template":"","format":[206],"meta":{"_acf_changed":false},"product_brand":[],"product_cat":[115],"product_tag":[16575],"flavours":[196,199],"nicotine":[230,236],"class_list":{"0":"post-10650","1":"product","2":"type-product","3":"status-publish","4":"has-post-thumbnail","6":"product_cat-denssi","7":"product_tag-5-6-mg-pouch","8":"pa_quantity-1-pack","9":"pa_quantity-10-pack","10":"pa_quantity-3-pack","11":"pa_quantity-30-pack","12":"pa_quantity-5-pack","13":"pa_quantity-60-pack","14":"flavours-fruits-berries","15":"flavours-mint","16":"format-slim","17":"nicotine-8-mg-g","18":"nicotine-strong","20":"first","21":"instock","22":"taxable","23":"shipping-taxable","24":"purchasable","25":"product-type-variable","26":"has-default-attributes"},"acf":[],"_links":{"self":[{"href":"https:\/\/whitelip.com\/fr\/wp-json\/wp\/v2\/product\/10650","targetHints":{"allow":["GET"]}}],"collection":[{"href":"https:\/\/whitelip.com\/fr\/wp-json\/wp\/v2\/product"}],"about":[{"href":"https:\/\/whitelip.com\/fr\/wp-json\/wp\/v2\/types\/product"}],"replies":[{"embeddable":true,"href":"https:\/\/whitelip.com\/fr\/wp-json\/wp\/v2\/comments?post=10650"}],"wp:featuredmedia":[{"embeddable":true,"href":"https:\/\/whitelip.com\/fr\/wp-json\/wp\/v2\/media\/10651"}],"wp:attachment":[{"href":"https:\/\/whitelip.com\/fr\/wp-json\/wp\/v2\/media?parent=10650"}],"wp:term":[{"taxonomy":"product_brand","embeddable":true,"href":"https:\/\/whitelip.com\/fr\/wp-json\/wp\/v2\/product_brand?post=10650"},{"taxonomy":"product_cat","embeddable":true,"href":"https:\/\/whitelip.com\/fr\/wp-json\/wp\/v2\/product_cat?post=10650"},{"taxonomy":"product_tag","embeddable":true,"href":"https:\/\/whitelip.com\/fr\/wp-json\/wp\/v2\/product_tag?post=10650"},{"taxonomy":"flavours","embeddable":true,"href":"https:\/\/whitelip.com\/fr\/wp-json\/wp\/v2\/flavours?post=10650"},{"taxonomy":"format","embeddable":true,"href":"https:\/\/whitelip.com\/fr\/wp-json\/wp\/v2\/format?post=10650"},{"taxonomy":"nicotine","embeddable":true,"href":"https:\/\/whitelip.com\/fr\/wp-json\/wp\/v2\/nicotine?post=10650"}],"curies":[{"name":"wp","href":"https:\/\/api.w.org\/{rel}","templated":true}]}}