{"id":10625,"date":"2025-05-23T12:57:14","date_gmt":"2025-05-23T12:57:14","guid":{"rendered":"https:\/\/whitelip.com\/77-ghost-mango-mini\/"},"modified":"2026-04-22T10:11:41","modified_gmt":"2026-04-22T10:11:41","slug":"77-ghost-mango-mini","status":"publish","type":"product","link":"https:\/\/whitelip.com\/fr\/77\/77-ghost-mango-mini\/","title":{"rendered":"77 Ghost Mango Mini"},"content":{"rendered":"<h2><strong>77 Ghost Mango Mini<\/strong><\/h2>\n<p class=\"\" data-start=\"62\" data-end=\"607\">77 Ghost Mango Mini sachets de nicotine offrent une saveur audacieuse et puissante avec un m\u00e9lange unique de mangue intense et de douceur subtile. Chaque mini-pochette enti\u00e8rement blanche contient 20 mg de nicotine, offrant une exp\u00e9rience forte et satisfaisante adapt\u00e9e aux utilisateurs chevronn\u00e9s. Le design discret assure une tenue confortable sous la l\u00e8vre, permettant une utilisation facile sans risque de tacher les dents. Fabriqu\u00e9s par le Groupe 77, ces sachets sans tabac r\u00e9pondent \u00e0 des normes de haute qualit\u00e9, offrant \u00e0 la fois une saveur intense et une exp\u00e9rience propre et pratique.<\/p>\n<table>\n<tbody>\n<tr>\n<td><b>Attribut<\/b><\/td>\n<td><b>D\u00e9tails<\/b><\/td>\n<\/tr>\n<tr>\n<td><b>Contenu par bo\u00eete<\/b><\/td>\n<td><span style=\"font-weight: 400;\">13g (24 sachets)<\/span><\/td>\n<\/tr>\n<tr>\n<td><b>Teneur en nicotine<\/b><\/td>\n<td><span style=\"font-weight: 400;\">40 mg\/g (20 mg par sachet)<\/span><\/td>\n<\/tr>\n<tr>\n<td><b>Format de la pochette<\/b><\/td>\n<td><span style=\"font-weight: 400;\">Mini<\/span><\/td>\n<\/tr>\n<tr>\n<td><b>Producteur<\/b><\/td>\n<td><span style=\"font-weight: 400;\">77 Groupe<\/span><\/td>\n<\/tr>\n<tr>\n<td><b>Saveur<\/b><\/td>\n<td><span style=\"font-weight: 400;\">Mangue<\/span><\/td>\n<\/tr>\n<tr>\n<td><b>Taper<\/b><\/td>\n<td><span style=\"font-weight: 400;\">Pochette toute blanche<\/span><\/td>\n<\/tr>\n<\/tbody>\n<\/table>","protected":false},"excerpt":{"rendered":"<p>Intense <strong>mangue<\/strong> avec une touche de douceur pour un go\u00fbt audacieux et puissant. Les <strong>mini<\/strong>, Les sachets blancs se placent discr\u00e8tement et confortablement sous la l\u00e8vre pour une utilisation propre et sans tache. Chaque sachet d\u00e9livre <strong data-start=\"234\" data-end=\"252\">20 mg de nicotine<\/strong>, La nouvelle version de l'appareil est con\u00e7ue pour les utilisateurs chevronn\u00e9s \u00e0 la recherche d'un coup de fouet puissant.<\/p>","protected":false},"featured_media":10626,"comment_status":"open","ping_status":"closed","template":"","format":[205],"meta":{"_acf_changed":false},"product_brand":[],"product_cat":[23],"product_tag":[16545],"flavours":[185,196],"nicotine":[225,233],"class_list":{"0":"post-10625","1":"product","2":"type-product","3":"status-publish","4":"has-post-thumbnail","6":"product_cat-23","7":"product_tag-20-mg-pouch","8":"pa_quantity-1-pack","9":"pa_quantity-10-pack","10":"pa_quantity-3-pack","11":"pa_quantity-30-pack","12":"pa_quantity-5-pack","13":"pa_quantity-60-pack","14":"flavours-candy","15":"flavours-fruits-berries","16":"format-mini","17":"nicotine-40-mg-g","18":"nicotine-extreme","20":"first","21":"instock","22":"taxable","23":"shipping-taxable","24":"purchasable","25":"product-type-variable","26":"has-default-attributes"},"acf":[],"_links":{"self":[{"href":"https:\/\/whitelip.com\/fr\/wp-json\/wp\/v2\/product\/10625","targetHints":{"allow":["GET"]}}],"collection":[{"href":"https:\/\/whitelip.com\/fr\/wp-json\/wp\/v2\/product"}],"about":[{"href":"https:\/\/whitelip.com\/fr\/wp-json\/wp\/v2\/types\/product"}],"replies":[{"embeddable":true,"href":"https:\/\/whitelip.com\/fr\/wp-json\/wp\/v2\/comments?post=10625"}],"wp:featuredmedia":[{"embeddable":true,"href":"https:\/\/whitelip.com\/fr\/wp-json\/wp\/v2\/media\/10626"}],"wp:attachment":[{"href":"https:\/\/whitelip.com\/fr\/wp-json\/wp\/v2\/media?parent=10625"}],"wp:term":[{"taxonomy":"product_brand","embeddable":true,"href":"https:\/\/whitelip.com\/fr\/wp-json\/wp\/v2\/product_brand?post=10625"},{"taxonomy":"product_cat","embeddable":true,"href":"https:\/\/whitelip.com\/fr\/wp-json\/wp\/v2\/product_cat?post=10625"},{"taxonomy":"product_tag","embeddable":true,"href":"https:\/\/whitelip.com\/fr\/wp-json\/wp\/v2\/product_tag?post=10625"},{"taxonomy":"flavours","embeddable":true,"href":"https:\/\/whitelip.com\/fr\/wp-json\/wp\/v2\/flavours?post=10625"},{"taxonomy":"format","embeddable":true,"href":"https:\/\/whitelip.com\/fr\/wp-json\/wp\/v2\/format?post=10625"},{"taxonomy":"nicotine","embeddable":true,"href":"https:\/\/whitelip.com\/fr\/wp-json\/wp\/v2\/nicotine?post=10625"}],"curies":[{"name":"wp","href":"https:\/\/api.w.org\/{rel}","templated":true}]}}