{"id":10590,"date":"2025-05-21T09:04:14","date_gmt":"2025-05-21T09:04:14","guid":{"rendered":"https:\/\/whitelip.com\/iceberg-cheesecake-pie\/"},"modified":"2026-04-29T10:11:18","modified_gmt":"2026-04-29T10:11:18","slug":"iceberg-cheesecake-pie","status":"publish","type":"product","link":"https:\/\/whitelip.com\/fr\/iceberg\/iceberg-cheesecake-pie\/","title":{"rendered":"Tarte au fromage ICEBERG"},"content":{"rendered":"<h2><strong>Tarte au fromage ICEBERG<\/strong><\/h2>\n<p class=\"\" data-start=\"89\" data-end=\"754\">Les sachets de nicotine ICEBERG Cheesecake Pie offrent une saveur cr\u00e9meuse, semblable \u00e0 celle d'un dessert, qui m\u00e9lange une riche garniture de cheesecake avec des notes de vanille et une cro\u00fbte beurr\u00e9e. Ce profil de saveur indulgent est con\u00e7u pour satisfaire les utilisateurs \u00e0 la recherche d'une exp\u00e9rience sucr\u00e9e, inspir\u00e9e de la p\u00e2tisserie, avec une force s\u00e9rieuse. Chaque sachet contient 50 mg de nicotine par gramme, soit environ 35 mg par sachet, ce qui en fait un produit id\u00e9al pour les utilisateurs exp\u00e9riment\u00e9s qui appr\u00e9cient les saveurs audacieuses et les effets intenses. La bo\u00eete unique en forme de tranche de tarte contient 40 sachets de format fin qui assurent une tenue discr\u00e8te et confortable sous la l\u00e8vre tout en ajoutant un \u00e9l\u00e9ment visuel cr\u00e9atif. Produits par Neoptolem en Pologne, ces sachets sans tabac offrent une vision amusante et savoureuse d'une satisfaction nicotinique forte.<\/p>\n<p><b>Sp\u00e9cifications<\/b><\/p>\n<table>\n<tbody>\n<tr>\n<td><b>Attribut<\/b><\/td>\n<td><b>D\u00e9tails<\/b><\/td>\n<\/tr>\n<tr>\n<td><b>Contenu par bo\u00eete<\/b><\/td>\n<td><span style=\"font-weight: 400;\">13g (20 sachets)<\/span><\/td>\n<\/tr>\n<tr>\n<td><b>Teneur en nicotine<\/b><\/td>\n<td><span style=\"font-weight: 400;\">50 mg\/g (35 mg par sachet)<\/span><\/td>\n<\/tr>\n<tr>\n<td><b>Format de la pochette<\/b><\/td>\n<td><span style=\"font-weight: 400;\">Slim (en forme de tarte)<\/span><\/td>\n<\/tr>\n<tr>\n<td><b>Producteur<\/b><\/td>\n<td><span style=\"font-weight: 400;\">N\u00e9optol\u00e8me<\/span><\/td>\n<\/tr>\n<tr>\n<td><b>Saveur<\/b><\/td>\n<td><span style=\"font-weight: 400;\">Tarte au fromage (fromage \u00e0 la cr\u00e8me, vanille, p\u00e2te)<\/span><\/td>\n<\/tr>\n<tr>\n<td><b>Taper<\/b><\/td>\n<td><span style=\"font-weight: 400;\">Pochette toute blanche<\/span><\/td>\n<\/tr>\n<\/tbody>\n<\/table>","protected":false},"excerpt":{"rendered":"<p>Les sachets de nicotine ICEBERG Cheesecake Pie offrent une saveur cr\u00e9meuse, semblable \u00e0 celle d'un dessert, qui m\u00e9lange une riche garniture de cheesecake avec des notes de vanille et une cro\u00fbte beurr\u00e9e. Ce profil de saveur indulgent est con\u00e7u pour satisfaire les utilisateurs \u00e0 la recherche d'une exp\u00e9rience sucr\u00e9e, inspir\u00e9e de la p\u00e2tisserie, avec une force s\u00e9rieuse. Chaque sachet contient 50 mg de nicotine par gramme, soit environ 35 mg par sachet, ce qui en fait un produit id\u00e9al pour les utilisateurs exp\u00e9riment\u00e9s qui appr\u00e9cient les saveurs audacieuses et les effets intenses. La bo\u00eete unique en forme de tranche de tarte contient 40 sachets de format fin qui assurent une tenue discr\u00e8te et confortable sous la l\u00e8vre tout en ajoutant un \u00e9l\u00e9ment visuel cr\u00e9atif. Produits par Neoptolem en Pologne, ces sachets sans tabac offrent une vision amusante et savoureuse d'une satisfaction nicotinique forte.<\/p>","protected":false},"featured_media":10591,"comment_status":"open","ping_status":"closed","template":"","format":[206],"meta":{"_acf_changed":false},"product_brand":[],"product_cat":[50],"product_tag":[16603],"flavours":[196],"nicotine":[226,233],"class_list":{"0":"post-10590","1":"product","2":"type-product","3":"status-publish","4":"has-post-thumbnail","6":"product_cat-iceberg","7":"product_tag-35-mg-pouch","8":"pa_quantity-1-pack","9":"pa_quantity-10-pack","10":"pa_quantity-2-pack","11":"pa_quantity-3-pack","12":"pa_quantity-30-pack","13":"pa_quantity-5-pack","14":"pa_quantity-60-pack","15":"flavours-fruits-berries","16":"format-slim","17":"nicotine-50-mg-g","18":"nicotine-extreme","20":"first","21":"outofstock","22":"taxable","23":"shipping-taxable","24":"purchasable","25":"product-type-variable","26":"has-default-attributes"},"acf":[],"_links":{"self":[{"href":"https:\/\/whitelip.com\/fr\/wp-json\/wp\/v2\/product\/10590","targetHints":{"allow":["GET"]}}],"collection":[{"href":"https:\/\/whitelip.com\/fr\/wp-json\/wp\/v2\/product"}],"about":[{"href":"https:\/\/whitelip.com\/fr\/wp-json\/wp\/v2\/types\/product"}],"replies":[{"embeddable":true,"href":"https:\/\/whitelip.com\/fr\/wp-json\/wp\/v2\/comments?post=10590"}],"wp:featuredmedia":[{"embeddable":true,"href":"https:\/\/whitelip.com\/fr\/wp-json\/wp\/v2\/media\/10591"}],"wp:attachment":[{"href":"https:\/\/whitelip.com\/fr\/wp-json\/wp\/v2\/media?parent=10590"}],"wp:term":[{"taxonomy":"product_brand","embeddable":true,"href":"https:\/\/whitelip.com\/fr\/wp-json\/wp\/v2\/product_brand?post=10590"},{"taxonomy":"product_cat","embeddable":true,"href":"https:\/\/whitelip.com\/fr\/wp-json\/wp\/v2\/product_cat?post=10590"},{"taxonomy":"product_tag","embeddable":true,"href":"https:\/\/whitelip.com\/fr\/wp-json\/wp\/v2\/product_tag?post=10590"},{"taxonomy":"flavours","embeddable":true,"href":"https:\/\/whitelip.com\/fr\/wp-json\/wp\/v2\/flavours?post=10590"},{"taxonomy":"format","embeddable":true,"href":"https:\/\/whitelip.com\/fr\/wp-json\/wp\/v2\/format?post=10590"},{"taxonomy":"nicotine","embeddable":true,"href":"https:\/\/whitelip.com\/fr\/wp-json\/wp\/v2\/nicotine?post=10590"}],"curies":[{"name":"wp","href":"https:\/\/api.w.org\/{rel}","templated":true}]}}