{"id":10570,"date":"2025-05-21T07:39:02","date_gmt":"2025-05-21T07:39:02","guid":{"rendered":"https:\/\/whitelip.com\/iceberg-apple-pie\/"},"modified":"2026-05-16T10:10:51","modified_gmt":"2026-05-16T10:10:51","slug":"iceberg-apple-pie","status":"publish","type":"product","link":"https:\/\/whitelip.com\/fr\/iceberg\/iceberg-apple-pie\/","title":{"rendered":"Tarte aux pommes ICEBERG"},"content":{"rendered":"<h2><strong>Tarte aux pommes ICEBERG<\/strong><\/h2>\n<p class=\"\" data-start=\"89\" data-end=\"754\">Les sachets de nicotine ICEBERG Apple Pie apportent une touche chaleureuse et nostalgique au plaisir moderne de la nicotine avec leur saveur sucr\u00e9e et \u00e9pic\u00e9e de tarte aux pommes. M\u00e9lange de pommes cuites, de cannelle et d'un soup\u00e7on de p\u00e2te au beurre, chaque sachet offre une exp\u00e9rience d'inspiration de dessert unique en son genre. Avec une teneur \u00e9lev\u00e9e en nicotine de 50 mg par gramme, soit environ 35 mg par sachet, ces sachets sont con\u00e7us pour les utilisateurs exp\u00e9riment\u00e9s \u00e0 la recherche d'une saveur audacieuse et d'une intensit\u00e9 s\u00e9rieuse. De forme unique, comme une part de tarte contenant 40 morceaux, ils offrent une sensation distinctive avec un ajustement fin et discret sous la l\u00e8vre. Fabriqu\u00e9 par Neoptolem, l'un des principaux fabricants polonais, ICEBERG Apple Pie est une innovation sans tabac qui allie confort, force et cr\u00e9ativit\u00e9.<\/p>\n<p><b>Sp\u00e9cifications<\/b><\/p>\n<table>\n<tbody>\n<tr>\n<td><b>Attribut<\/b><\/td>\n<td><b>D\u00e9tails<\/b><\/td>\n<\/tr>\n<tr>\n<td><b>Contenu par bo\u00eete<\/b><\/td>\n<td><span style=\"font-weight: 400;\">13g (20 sachets)<\/span><\/td>\n<\/tr>\n<tr>\n<td><b>Teneur en nicotine<\/b><\/td>\n<td><span style=\"font-weight: 400;\">50 mg\/g (35 mg par sachet)<\/span><\/td>\n<\/tr>\n<tr>\n<td><b>Format de la pochette<\/b><\/td>\n<td><span style=\"font-weight: 400;\">Mince<\/span><\/td>\n<\/tr>\n<tr>\n<td><b>Producteur<\/b><\/td>\n<td><span style=\"font-weight: 400;\">N\u00e9optol\u00e8me<\/span><\/td>\n<\/tr>\n<tr>\n<td><b>Saveur<\/b><\/td>\n<td><span style=\"font-weight: 400;\">Tarte aux pommes (pommes au four, cannelle, p\u00e2te)<\/span><\/td>\n<\/tr>\n<tr>\n<td><b>Taper<\/b><\/td>\n<td><span style=\"font-weight: 400;\">Pochette toute blanche<\/span><\/td>\n<\/tr>\n<\/tbody>\n<\/table>","protected":false},"excerpt":{"rendered":"<p>Les sachets de nicotine ICEBERG Apple Pie apportent une touche chaleureuse et nostalgique au plaisir moderne de la nicotine avec leur saveur sucr\u00e9e et \u00e9pic\u00e9e de tarte aux pommes. M\u00e9lange de pommes cuites, de cannelle et d'un soup\u00e7on de p\u00e2te au beurre, chaque sachet offre une exp\u00e9rience d'inspiration de dessert unique en son genre. Avec une teneur \u00e9lev\u00e9e en nicotine de 50 mg par gramme, soit environ 35 mg par sachet, ces sachets sont con\u00e7us pour les utilisateurs exp\u00e9riment\u00e9s \u00e0 la recherche d'une saveur audacieuse et d'une intensit\u00e9 s\u00e9rieuse. De forme unique, comme une part de tarte contenant 40 morceaux, ils offrent une sensation distinctive avec un ajustement fin et discret sous la l\u00e8vre. Fabriqu\u00e9 par Neoptolem, l'un des principaux fabricants polonais, ICEBERG Apple Pie est une innovation sans tabac qui allie confort, force et cr\u00e9ativit\u00e9.<\/p>","protected":false},"featured_media":10571,"comment_status":"open","ping_status":"closed","template":"","format":[206],"meta":{"_acf_changed":false},"product_brand":[],"product_cat":[50],"product_tag":[16603],"flavours":[196],"nicotine":[226,233],"class_list":{"0":"post-10570","1":"product","2":"type-product","3":"status-publish","4":"has-post-thumbnail","6":"product_cat-iceberg","7":"product_tag-35-mg-pouch","8":"pa_quantity-1-pack","9":"pa_quantity-10-pack","10":"pa_quantity-2-pack","11":"pa_quantity-3-pack","12":"pa_quantity-30-pack","13":"pa_quantity-5-pack","14":"pa_quantity-60-pack","15":"flavours-fruits-berries","16":"format-slim","17":"nicotine-50-mg-g","18":"nicotine-extreme","20":"first","21":"outofstock","22":"taxable","23":"shipping-taxable","24":"purchasable","25":"product-type-variable","26":"has-default-attributes"},"acf":[],"_links":{"self":[{"href":"https:\/\/whitelip.com\/fr\/wp-json\/wp\/v2\/product\/10570","targetHints":{"allow":["GET"]}}],"collection":[{"href":"https:\/\/whitelip.com\/fr\/wp-json\/wp\/v2\/product"}],"about":[{"href":"https:\/\/whitelip.com\/fr\/wp-json\/wp\/v2\/types\/product"}],"replies":[{"embeddable":true,"href":"https:\/\/whitelip.com\/fr\/wp-json\/wp\/v2\/comments?post=10570"}],"wp:featuredmedia":[{"embeddable":true,"href":"https:\/\/whitelip.com\/fr\/wp-json\/wp\/v2\/media\/10571"}],"wp:attachment":[{"href":"https:\/\/whitelip.com\/fr\/wp-json\/wp\/v2\/media?parent=10570"}],"wp:term":[{"taxonomy":"product_brand","embeddable":true,"href":"https:\/\/whitelip.com\/fr\/wp-json\/wp\/v2\/product_brand?post=10570"},{"taxonomy":"product_cat","embeddable":true,"href":"https:\/\/whitelip.com\/fr\/wp-json\/wp\/v2\/product_cat?post=10570"},{"taxonomy":"product_tag","embeddable":true,"href":"https:\/\/whitelip.com\/fr\/wp-json\/wp\/v2\/product_tag?post=10570"},{"taxonomy":"flavours","embeddable":true,"href":"https:\/\/whitelip.com\/fr\/wp-json\/wp\/v2\/flavours?post=10570"},{"taxonomy":"format","embeddable":true,"href":"https:\/\/whitelip.com\/fr\/wp-json\/wp\/v2\/format?post=10570"},{"taxonomy":"nicotine","embeddable":true,"href":"https:\/\/whitelip.com\/fr\/wp-json\/wp\/v2\/nicotine?post=10570"}],"curies":[{"name":"wp","href":"https:\/\/api.w.org\/{rel}","templated":true}]}}