{"id":10565,"date":"2025-05-20T09:42:02","date_gmt":"2025-05-20T09:42:02","guid":{"rendered":"https:\/\/whitelip.com\/zyn-cool-mint-ice-16-5mg\/"},"modified":"2026-04-16T05:08:56","modified_gmt":"2026-04-16T05:08:56","slug":"zyn-cool-mint-ice-16-5mg","status":"publish","type":"product","link":"https:\/\/whitelip.com\/fr\/zyn\/zyn-cool-mint-ice-16-5mg\/","title":{"rendered":"ZYN Cool Mint Ice 16.5mg"},"content":{"rendered":"<h2><b>ZYN Cool Mint Ice 16.5mg<\/b><\/h2>\n<p><span style=\"font-weight: 400;\">ZYN Cool Mint Ice 16.5mg offre une exp\u00e9rience de refroidissement extra intense avec une combinaison audacieuse de menthol glac\u00e9 et de menthe poivr\u00e9e croustillante. Con\u00e7u pour les utilisateurs qui recherchent un maximum de rafra\u00eechissement et de force, chaque sachet mince et enti\u00e8rement blanc contient 16,5 mg de nicotine, offrant une lib\u00e9ration puissante et r\u00e9guli\u00e8re qui frappe rapidement et dure longtemps.<\/span><\/p>\n<p><span style=\"font-weight: 400;\">Le format fin permet une adaptation discr\u00e8te et confortable sous la l\u00e8vre, garantissant une utilisation propre sans taches. Fabriqu\u00e9 \u00e0 partir d'ingr\u00e9dients v\u00e9g\u00e9taux de haute qualit\u00e9 et enti\u00e8rement sans tabac, ZYN Cool Mint Ice est une alternative forte et moderne pour les utilisateurs qui ont envie d'un ar\u00f4me de menthe intense et d'un fort impact nicotinique.<\/span><\/p>\n<table>\n<tbody>\n<tr>\n<td><b>Attribut<\/b><\/td>\n<td><b>D\u00e9tails<\/b><\/td>\n<\/tr>\n<tr>\n<td><span style=\"font-weight: 400;\">Marque<\/span><\/td>\n<td><span style=\"font-weight: 400;\">ZYN<\/span><\/td>\n<\/tr>\n<tr>\n<td><span style=\"font-weight: 400;\">Type de produit<\/span><\/td>\n<td><span style=\"font-weight: 400;\">Tous les sachets de nicotine blancs<\/span><\/td>\n<\/tr>\n<tr>\n<td><span style=\"font-weight: 400;\">Format<\/span><\/td>\n<td><span style=\"font-weight: 400;\">Mince<\/span><\/td>\n<\/tr>\n<tr>\n<td><span style=\"font-weight: 400;\">Saveur<\/span><\/td>\n<td><span style=\"font-weight: 400;\">Menthol et menthe poivr\u00e9e<\/span><\/td>\n<\/tr>\n<tr>\n<td><span style=\"font-weight: 400;\">Intensit\u00e9 de la nicotine<\/span><\/td>\n<td><span style=\"font-weight: 400;\">16,5 mg par sachet (23,5 mg\/g)<\/span><\/td>\n<\/tr>\n<tr>\n<td><span style=\"font-weight: 400;\">Poids de la portion<\/span><\/td>\n<td><span style=\"font-weight: 400;\">0,7 grammes<\/span><\/td>\n<\/tr>\n<tr>\n<td><span style=\"font-weight: 400;\">Nombre de portions<\/span><\/td>\n<td><span style=\"font-weight: 400;\">21 par bo\u00eete<\/span><\/td>\n<\/tr>\n<tr>\n<td><span style=\"font-weight: 400;\">Poids total de la bo\u00eete<\/span><\/td>\n<td><span style=\"font-weight: 400;\">14,7 grammes<\/span><\/td>\n<\/tr>\n<tr>\n<td><span style=\"font-weight: 400;\">Fabricant<\/span><\/td>\n<td><span style=\"font-weight: 400;\">Swedish Match<\/span><\/td>\n<\/tr>\n<tr>\n<td><span style=\"font-weight: 400;\">Caract\u00e9ristiques notables<\/span><\/td>\n<td><span style=\"font-weight: 400;\">Sans tabac, format mince, saveur menthe extra-fra\u00eeche avec un fort taux de nicotine<\/span><\/td>\n<\/tr>\n<\/tbody>\n<\/table>","protected":false},"excerpt":{"rendered":"<p>ZYN <strong data-start=\"4\" data-end=\"21\">Glace \u00e0 la menthe<\/strong> <strong data-start=\"22\" data-end=\"30\">mince<\/strong> offre un rafra\u00eechissement extra intense gr\u00e2ce au menthol glac\u00e9 et \u00e0 la menthe poivr\u00e9e croquante. Con\u00e7u pour offrir un maximum de rafra\u00eechissement et de force, chaque sachet contient <strong data-start=\"165\" data-end=\"185\">16,5 mg de nicotine<\/strong> pour une lib\u00e9ration rapide, puissante et durable.<\/p>","protected":false},"featured_media":10566,"comment_status":"open","ping_status":"closed","template":"","format":[206],"meta":{"_acf_changed":false},"product_brand":[],"product_cat":[37],"product_tag":[16701],"flavours":[199],"nicotine":[217,232],"class_list":{"0":"post-10565","1":"product","2":"type-product","3":"status-publish","4":"has-post-thumbnail","6":"product_cat-zyn","7":"product_tag-16-5-mg-pouch","8":"pa_quantity-1-pack","9":"pa_quantity-10-pack","10":"pa_quantity-3-pack","11":"pa_quantity-30-pack","12":"pa_quantity-5-pack","13":"pa_quantity-60-pack","14":"flavours-mint","15":"format-slim","16":"nicotine-24-mg-g","17":"nicotine-extra-strong","19":"first","20":"instock","21":"taxable","22":"shipping-taxable","23":"purchasable","24":"product-type-variable","25":"has-default-attributes"},"acf":[],"_links":{"self":[{"href":"https:\/\/whitelip.com\/fr\/wp-json\/wp\/v2\/product\/10565","targetHints":{"allow":["GET"]}}],"collection":[{"href":"https:\/\/whitelip.com\/fr\/wp-json\/wp\/v2\/product"}],"about":[{"href":"https:\/\/whitelip.com\/fr\/wp-json\/wp\/v2\/types\/product"}],"replies":[{"embeddable":true,"href":"https:\/\/whitelip.com\/fr\/wp-json\/wp\/v2\/comments?post=10565"}],"wp:featuredmedia":[{"embeddable":true,"href":"https:\/\/whitelip.com\/fr\/wp-json\/wp\/v2\/media\/10566"}],"wp:attachment":[{"href":"https:\/\/whitelip.com\/fr\/wp-json\/wp\/v2\/media?parent=10565"}],"wp:term":[{"taxonomy":"product_brand","embeddable":true,"href":"https:\/\/whitelip.com\/fr\/wp-json\/wp\/v2\/product_brand?post=10565"},{"taxonomy":"product_cat","embeddable":true,"href":"https:\/\/whitelip.com\/fr\/wp-json\/wp\/v2\/product_cat?post=10565"},{"taxonomy":"product_tag","embeddable":true,"href":"https:\/\/whitelip.com\/fr\/wp-json\/wp\/v2\/product_tag?post=10565"},{"taxonomy":"flavours","embeddable":true,"href":"https:\/\/whitelip.com\/fr\/wp-json\/wp\/v2\/flavours?post=10565"},{"taxonomy":"format","embeddable":true,"href":"https:\/\/whitelip.com\/fr\/wp-json\/wp\/v2\/format?post=10565"},{"taxonomy":"nicotine","embeddable":true,"href":"https:\/\/whitelip.com\/fr\/wp-json\/wp\/v2\/nicotine?post=10565"}],"curies":[{"name":"wp","href":"https:\/\/api.w.org\/{rel}","templated":true}]}}