{"id":10550,"date":"2025-05-19T13:49:26","date_gmt":"2025-05-19T13:49:26","guid":{"rendered":"https:\/\/whitelip.com\/on-plus-raspberry-lemon-slim-strong\/"},"modified":"2026-04-20T15:31:03","modified_gmt":"2026-04-20T15:31:03","slug":"on-plus-raspberry-lemon-slim-strong","status":"publish","type":"product","link":"https:\/\/whitelip.com\/fr\/on\/on-plus-raspberry-lemon-slim-strong\/","title":{"rendered":"Sur ! Plus Raspberry Lemon Slim Strong"},"content":{"rendered":"<h2><b>Sur ! Plus Raspberry Lemon Slim Strong<\/b><\/h2>\n<p><span style=\"font-weight: 400;\">Les sachets de nicotine On ! Plus Raspberry Lemon Slim Strong offrent un m\u00e9lange rafra\u00eechissant de framboise juteuse et de citron acidul\u00e9, offrant une explosion fruit\u00e9e et croustillante \u00e0 chaque sachet. Associ\u00e9e \u00e0 un fort taux de nicotine, cette combinaison d'ar\u00f4mes est \u00e0 la fois piquante et satisfaisante. Ces sachets minces, sans tabac, sont con\u00e7us pour le confort et la discr\u00e9tion, offrant une exp\u00e9rience propre et douce, id\u00e9ale pour un usage quotidien.<\/span><\/p>\n<table>\n<tbody>\n<tr>\n<td><b>Attribut<\/b><\/td>\n<td><b>D\u00e9tails<\/b><\/td>\n<\/tr>\n<tr>\n<td><span style=\"font-weight: 400;\">Contenu par bo\u00eete<\/span><\/td>\n<td><span style=\"font-weight: 400;\">16,8g (20 sachets)<\/span><\/td>\n<\/tr>\n<tr>\n<td><span style=\"font-weight: 400;\">Teneur en nicotine<\/span><\/td>\n<td><span style=\"font-weight: 400;\">14 mg\/g (11,2 mg par sachet)<\/span><\/td>\n<\/tr>\n<tr>\n<td><span style=\"font-weight: 400;\">Format de la pochette<\/span><\/td>\n<td><span style=\"font-weight: 400;\">Mince<\/span><\/td>\n<\/tr>\n<tr>\n<td><span style=\"font-weight: 400;\">Producteur<\/span><\/td>\n<td><span style=\"font-weight: 400;\">Groupe Altria<\/span><\/td>\n<\/tr>\n<tr>\n<td><span style=\"font-weight: 400;\">Saveur<\/span><\/td>\n<td><span style=\"font-weight: 400;\">Framboise et citron<\/span><\/td>\n<\/tr>\n<tr>\n<td><span style=\"font-weight: 400;\">Taper<\/span><\/td>\n<td><span style=\"font-weight: 400;\">Pochette enti\u00e8rement blanche, sans tabac<\/span><\/td>\n<\/tr>\n<\/tbody>\n<\/table>","protected":false},"excerpt":{"rendered":"<p>Les sachets de nicotine On ! Plus Raspberry Lemon Slim Strong offrent une sensation de fra\u00eecheur et de bien-\u00eatre. <strong data-start=\"75\" data-end=\"94\">Framboise Citron<\/strong> avec un \u00e9clat fruit\u00e9 et croustillant. <strong data-start=\"130\" data-end=\"138\">Mince<\/strong>, Des sachets sans tabac pour une utilisation discr\u00e8te et confortable et une exp\u00e9rience propre et douce. Une nicotine forte pour un coup de fouet piquant et satisfaisant. Chaque sachet contient <strong data-start=\"289\" data-end=\"309\">11,2 mg de nicotine<\/strong>.<\/p>","protected":false},"featured_media":3412,"comment_status":"open","ping_status":"closed","template":"","format":[206],"meta":{"_acf_changed":false},"product_brand":[],"product_cat":[79],"product_tag":[16577],"flavours":[190,196],"nicotine":[210,232],"class_list":{"0":"post-10550","1":"product","2":"type-product","3":"status-publish","4":"has-post-thumbnail","6":"product_cat-on","7":"product_tag-11-2-mg-pouch","8":"pa_quantity-1-pack","9":"pa_quantity-10-pack","10":"pa_quantity-3-pack","11":"pa_quantity-30-pack","12":"pa_quantity-5-pack","13":"pa_quantity-60-pack","14":"flavours-citrus","15":"flavours-fruits-berries","16":"format-slim","17":"nicotine-13-mg-g","18":"nicotine-extra-strong","20":"first","21":"outofstock","22":"taxable","23":"shipping-taxable","24":"purchasable","25":"product-type-variable","26":"has-default-attributes"},"acf":[],"_links":{"self":[{"href":"https:\/\/whitelip.com\/fr\/wp-json\/wp\/v2\/product\/10550","targetHints":{"allow":["GET"]}}],"collection":[{"href":"https:\/\/whitelip.com\/fr\/wp-json\/wp\/v2\/product"}],"about":[{"href":"https:\/\/whitelip.com\/fr\/wp-json\/wp\/v2\/types\/product"}],"replies":[{"embeddable":true,"href":"https:\/\/whitelip.com\/fr\/wp-json\/wp\/v2\/comments?post=10550"}],"wp:featuredmedia":[{"embeddable":true,"href":"https:\/\/whitelip.com\/fr\/wp-json\/wp\/v2\/media\/3412"}],"wp:attachment":[{"href":"https:\/\/whitelip.com\/fr\/wp-json\/wp\/v2\/media?parent=10550"}],"wp:term":[{"taxonomy":"product_brand","embeddable":true,"href":"https:\/\/whitelip.com\/fr\/wp-json\/wp\/v2\/product_brand?post=10550"},{"taxonomy":"product_cat","embeddable":true,"href":"https:\/\/whitelip.com\/fr\/wp-json\/wp\/v2\/product_cat?post=10550"},{"taxonomy":"product_tag","embeddable":true,"href":"https:\/\/whitelip.com\/fr\/wp-json\/wp\/v2\/product_tag?post=10550"},{"taxonomy":"flavours","embeddable":true,"href":"https:\/\/whitelip.com\/fr\/wp-json\/wp\/v2\/flavours?post=10550"},{"taxonomy":"format","embeddable":true,"href":"https:\/\/whitelip.com\/fr\/wp-json\/wp\/v2\/format?post=10550"},{"taxonomy":"nicotine","embeddable":true,"href":"https:\/\/whitelip.com\/fr\/wp-json\/wp\/v2\/nicotine?post=10550"}],"curies":[{"name":"wp","href":"https:\/\/api.w.org\/{rel}","templated":true}]}}