{"id":10545,"date":"2025-05-19T13:43:34","date_gmt":"2025-05-19T13:43:34","guid":{"rendered":"https:\/\/whitelip.com\/chainpop-raspberry-lemon\/"},"modified":"2026-03-09T17:47:06","modified_gmt":"2026-03-09T17:47:06","slug":"chainpop-raspberry-lemon","status":"publish","type":"product","link":"https:\/\/whitelip.com\/fr\/chainpop\/chainpop-raspberry-lemon\/","title":{"rendered":"CHAINPOP Framboise et citron"},"content":{"rendered":"<h2><strong>CHAINPOP Framboise et citron<\/strong><\/h2>\n<p class=\"\" data-start=\"114\" data-end=\"625\">M\u00e9lange le go\u00fbt sucr\u00e9 et juteux des framboises avec une touche piquante de citron pour une exp\u00e9rience fruit\u00e9e et lumineuse qui est \u00e0 la fois rafra\u00eechissante et satisfaisante. Cette saveur bien \u00e9quilibr\u00e9e offre un profil doux et l\u00e9g\u00e8rement acidul\u00e9, donnant \u00e0 chaque sachet l'impression d'une explosion d'\u00e9t\u00e9. La texture mi-s\u00e8che assure un \u00e9coulement propre et faible sous la l\u00e8vre tout en lib\u00e9rant une saveur et une nicotine r\u00e9guli\u00e8res. Fabriqu\u00e9 en Su\u00e8de avec des ingr\u00e9dients de premi\u00e8re qualit\u00e9, c'est un excellent choix pour les utilisateurs qui appr\u00e9cient les m\u00e9langes de fruits naturels et audacieux avec une finition croquante.<\/p>\n<table>\n<tbody>\n<tr>\n<td><b>Attribut<\/b><\/td>\n<td><b>D\u00e9tails<\/b><\/td>\n<\/tr>\n<tr>\n<td><b>Contenu par bo\u00eete<\/b><\/td>\n<td><span style=\"font-weight: 400;\">10g (20 sachets)<\/span><\/td>\n<\/tr>\n<tr>\n<td><b>Teneur en nicotine<\/b><\/td>\n<td><span style=\"font-weight: 400;\">15 mg\/g (9 mg par sachet)<\/span><\/td>\n<\/tr>\n<tr>\n<td><b>Format de la pochette<\/b><\/td>\n<td><span style=\"font-weight: 400;\">Mince<\/span><\/td>\n<\/tr>\n<tr>\n<td><b>Producteur<\/b><\/td>\n<td><span style=\"font-weight: 400;\">Chainpop AB<\/span><\/td>\n<\/tr>\n<tr>\n<td><b>Saveur<\/b><\/td>\n<td><span style=\"font-weight: 400;\">Framboise et citron<\/span><\/td>\n<\/tr>\n<tr>\n<td><b>Taper<\/b><\/td>\n<td><span style=\"font-weight: 400;\">Pochette toute blanche<\/span><\/td>\n<\/tr>\n<\/tbody>\n<\/table>","protected":false},"excerpt":{"rendered":"<p>Vif, fruit\u00e9 <strong data-start=\"15\" data-end=\"36\">framboise et citron<\/strong> avec un profil doux, l\u00e9g\u00e8rement acidul\u00e9 et une finale croustillante. Les sachets moyennement secs et \u00e0 faible goutte se placent proprement sous la l\u00e8vre tout en lib\u00e9rant une saveur et une nicotine r\u00e9guli\u00e8res. Chaque sachet contient <strong data-start=\"222\" data-end=\"249\">9 mg de nicotine par sachet<\/strong>, Les produits de l'Union europ\u00e9enne sont fabriqu\u00e9s en Su\u00e8de \u00e0 partir d'ingr\u00e9dients de premi\u00e8re qualit\u00e9 pour une exp\u00e9rience quotidienne rafra\u00eechissante et satisfaisante.<\/p>","protected":false},"featured_media":3411,"comment_status":"open","ping_status":"closed","template":"","format":[206],"meta":{"_acf_changed":false},"product_brand":[],"product_cat":[106],"product_tag":[16563],"flavours":[190,196],"nicotine":[212,232],"class_list":{"0":"post-10545","1":"product","2":"type-product","3":"status-publish","4":"has-post-thumbnail","6":"product_cat-chainpop","7":"product_tag-9-mg-pouch","8":"pa_quantity-1-pack","9":"pa_quantity-10-pack","10":"pa_quantity-3-pack","11":"pa_quantity-30-pack","12":"pa_quantity-5-pack","13":"pa_quantity-60-pack","14":"flavours-citrus","15":"flavours-fruits-berries","16":"format-slim","17":"nicotine-15-mg-g","18":"nicotine-extra-strong","20":"first","21":"outofstock","22":"taxable","23":"shipping-taxable","24":"purchasable","25":"product-type-variable","26":"has-default-attributes"},"acf":[],"_links":{"self":[{"href":"https:\/\/whitelip.com\/fr\/wp-json\/wp\/v2\/product\/10545","targetHints":{"allow":["GET"]}}],"collection":[{"href":"https:\/\/whitelip.com\/fr\/wp-json\/wp\/v2\/product"}],"about":[{"href":"https:\/\/whitelip.com\/fr\/wp-json\/wp\/v2\/types\/product"}],"replies":[{"embeddable":true,"href":"https:\/\/whitelip.com\/fr\/wp-json\/wp\/v2\/comments?post=10545"}],"wp:featuredmedia":[{"embeddable":true,"href":"https:\/\/whitelip.com\/fr\/wp-json\/wp\/v2\/media\/3411"}],"wp:attachment":[{"href":"https:\/\/whitelip.com\/fr\/wp-json\/wp\/v2\/media?parent=10545"}],"wp:term":[{"taxonomy":"product_brand","embeddable":true,"href":"https:\/\/whitelip.com\/fr\/wp-json\/wp\/v2\/product_brand?post=10545"},{"taxonomy":"product_cat","embeddable":true,"href":"https:\/\/whitelip.com\/fr\/wp-json\/wp\/v2\/product_cat?post=10545"},{"taxonomy":"product_tag","embeddable":true,"href":"https:\/\/whitelip.com\/fr\/wp-json\/wp\/v2\/product_tag?post=10545"},{"taxonomy":"flavours","embeddable":true,"href":"https:\/\/whitelip.com\/fr\/wp-json\/wp\/v2\/flavours?post=10545"},{"taxonomy":"format","embeddable":true,"href":"https:\/\/whitelip.com\/fr\/wp-json\/wp\/v2\/format?post=10545"},{"taxonomy":"nicotine","embeddable":true,"href":"https:\/\/whitelip.com\/fr\/wp-json\/wp\/v2\/nicotine?post=10545"}],"curies":[{"name":"wp","href":"https:\/\/api.w.org\/{rel}","templated":true}]}}