{"id":10529,"date":"2025-05-07T11:33:38","date_gmt":"2025-05-07T11:33:38","guid":{"rendered":"https:\/\/whitelip.com\/pablo-exclusive-blue-raspberry-50mg\/"},"modified":"2026-04-21T10:11:35","modified_gmt":"2026-04-21T10:11:35","slug":"pablo-exclusive-blue-raspberry-50mg","status":"publish","type":"product","link":"https:\/\/whitelip.com\/fr\/pablo\/pablo-exclusive-blue-raspberry-50mg\/","title":{"rendered":"PABLO Exclusive Framboise Bleue 50mg"},"content":{"rendered":"<h2><strong>PABLO Exclusive Framboise Bleue 50mg<\/strong><\/h2>\n<p class=\"\" data-start=\"100\" data-end=\"587\">Les sachets de nicotine PABLO Exclusive Blue Raspberry 50mg offrent un m\u00e9lange vibrant d'ar\u00f4mes de baies sucr\u00e9es et acidul\u00e9es avec un fini glac\u00e9, con\u00e7u pour exciter les sens. Avec son go\u00fbt audacieux de bonbon et sa teneur en nicotine ultra-forte, ce sachet est con\u00e7u pour les utilisateurs exp\u00e9riment\u00e9s qui exigent \u00e0 la fois saveur et intensit\u00e9. Mince et sans tabac, PABLO Blue Raspberry offre une exp\u00e9rience nicotinique discr\u00e8te et puissante dans chaque sachet.<\/p>\n<table>\n<tbody>\n<tr>\n<td><b>Attribut<\/b><\/td>\n<td><b>D\u00e9tails<\/b><\/td>\n<\/tr>\n<tr>\n<td><b>Contenu par bo\u00eete<\/b><\/td>\n<td><span style=\"font-weight: 400;\">15g (20 sachets)<\/span><\/td>\n<\/tr>\n<tr>\n<td><b>Teneur en nicotine<\/b><\/td>\n<td><span style=\"font-weight: 400;\">50 mg\/g (30 mg par sachet)<\/span><\/td>\n<\/tr>\n<tr>\n<td><b>Format de la pochette<\/b><\/td>\n<td><span style=\"font-weight: 400;\">Mince<\/span><\/td>\n<\/tr>\n<tr>\n<td><b>Producteur<\/b><\/td>\n<td><span style=\"font-weight: 400;\">N.G.P. Empire<\/span><\/td>\n<\/tr>\n<tr>\n<td><b>Saveur<\/b><\/td>\n<td><span style=\"font-weight: 400;\">Framboise bleue (baie sucr\u00e9e et acidul\u00e9e)<\/span><\/td>\n<\/tr>\n<tr>\n<td><b>Taper<\/b><\/td>\n<td><span style=\"font-weight: 400;\">Pochette enti\u00e8rement blanche, sans tabac<\/span><\/td>\n<\/tr>\n<\/tbody>\n<\/table>","protected":false},"excerpt":{"rendered":"<p>Les sachets de nicotine PABLO Exclusive Blue Raspberry 50mg offrent une saveur vibrante, sucr\u00e9e et acidul\u00e9e. <strong data-start=\"83\" data-end=\"101\">Framboise bleue<\/strong> avec une finale glac\u00e9e. <strong data-start=\"129\" data-end=\"137\">Mince<\/strong>, Un format sans tabac pour une utilisation discr\u00e8te et puissante. Chaque sachet contient <strong>30 mg de nicotine<\/strong>.<\/p>","protected":false},"featured_media":10530,"comment_status":"open","ping_status":"closed","template":"","format":[206],"meta":{"_acf_changed":false},"product_brand":[],"product_cat":[44],"product_tag":[16605],"flavours":[196],"nicotine":[226,233],"class_list":{"0":"post-10529","1":"product","2":"type-product","3":"status-publish","4":"has-post-thumbnail","6":"product_cat-pablo","7":"product_tag-30-mg-pouch","8":"pa_quantity-1-pack","9":"pa_quantity-10-pack","10":"pa_quantity-3-pack","11":"pa_quantity-30-pack","12":"pa_quantity-5-pack","13":"pa_quantity-60-pack","14":"flavours-fruits-berries","15":"format-slim","16":"nicotine-50-mg-g","17":"nicotine-extreme","19":"first","20":"instock","21":"taxable","22":"shipping-taxable","23":"purchasable","24":"product-type-variable","25":"has-default-attributes"},"acf":[],"_links":{"self":[{"href":"https:\/\/whitelip.com\/fr\/wp-json\/wp\/v2\/product\/10529","targetHints":{"allow":["GET"]}}],"collection":[{"href":"https:\/\/whitelip.com\/fr\/wp-json\/wp\/v2\/product"}],"about":[{"href":"https:\/\/whitelip.com\/fr\/wp-json\/wp\/v2\/types\/product"}],"replies":[{"embeddable":true,"href":"https:\/\/whitelip.com\/fr\/wp-json\/wp\/v2\/comments?post=10529"}],"wp:featuredmedia":[{"embeddable":true,"href":"https:\/\/whitelip.com\/fr\/wp-json\/wp\/v2\/media\/10530"}],"wp:attachment":[{"href":"https:\/\/whitelip.com\/fr\/wp-json\/wp\/v2\/media?parent=10529"}],"wp:term":[{"taxonomy":"product_brand","embeddable":true,"href":"https:\/\/whitelip.com\/fr\/wp-json\/wp\/v2\/product_brand?post=10529"},{"taxonomy":"product_cat","embeddable":true,"href":"https:\/\/whitelip.com\/fr\/wp-json\/wp\/v2\/product_cat?post=10529"},{"taxonomy":"product_tag","embeddable":true,"href":"https:\/\/whitelip.com\/fr\/wp-json\/wp\/v2\/product_tag?post=10529"},{"taxonomy":"flavours","embeddable":true,"href":"https:\/\/whitelip.com\/fr\/wp-json\/wp\/v2\/flavours?post=10529"},{"taxonomy":"format","embeddable":true,"href":"https:\/\/whitelip.com\/fr\/wp-json\/wp\/v2\/format?post=10529"},{"taxonomy":"nicotine","embeddable":true,"href":"https:\/\/whitelip.com\/fr\/wp-json\/wp\/v2\/nicotine?post=10529"}],"curies":[{"name":"wp","href":"https:\/\/api.w.org\/{rel}","templated":true}]}}