{"id":10519,"date":"2025-05-06T11:58:41","date_gmt":"2025-05-06T11:58:41","guid":{"rendered":"https:\/\/whitelip.com\/helwit-strawberry\/"},"modified":"2026-05-06T10:11:22","modified_gmt":"2026-05-06T10:11:22","slug":"helwit-strawberry","status":"publish","type":"product","link":"https:\/\/whitelip.com\/fr\/helwit\/helwit-strawberry\/","title":{"rendered":"HELWIT Fraise"},"content":{"rendered":"<h2><b>HELWIT Fraise<\/b><\/h2>\n<p><span style=\"font-weight: 400;\">Les sachets de nicotine HELWIT Strawberry offrent une saveur de fraise juteuse et sucr\u00e9e, capturant le go\u00fbt des baies fra\u00eechement cueillies dans chaque sachet. Avec un profil doux et \u00e9quilibr\u00e9, ces sachets offrent une exp\u00e9rience accessible mais satisfaisante. Chaque sachet de format fin contient 9 mg de nicotine par gramme, ce qui en fait un produit id\u00e9al pour les utilisateurs r\u00e9guliers qui pr\u00e9f\u00e8rent une touche fruit\u00e9e. Con\u00e7us pour une utilisation discr\u00e8te et pour \u00e9viter de tacher les dents, ils sont parfaits pour une utilisation \u00e0 tout moment et en tout lieu. Produit par YOIK AB en Su\u00e8de, HELWIT Strawberry associe une fabrication moderne \u00e0 un engagement en faveur d'alternatives propres et savoureuses.<\/span><\/p>\n<table>\n<tbody>\n<tr>\n<td><b>Attribut<\/b><\/td>\n<td><b>D\u00e9tails<\/b><\/td>\n<\/tr>\n<tr>\n<td><b>Contenu par bo\u00eete<\/b><\/td>\n<td><span style=\"font-weight: 400;\">10g (20 sachets)<\/span><\/td>\n<\/tr>\n<tr>\n<td><b>Teneur en nicotine<\/b><\/td>\n<td><span style=\"font-weight: 400;\">9 mg\/g (4,5 mg par sachet)<\/span><\/td>\n<\/tr>\n<tr>\n<td><b>Format de la pochette<\/b><\/td>\n<td><span style=\"font-weight: 400;\">Mince<\/span><\/td>\n<\/tr>\n<tr>\n<td><b>Producteur<\/b><\/td>\n<td><span style=\"font-weight: 400;\">YOIK AB<\/span><\/td>\n<\/tr>\n<tr>\n<td><b>Saveur<\/b><\/td>\n<td><span style=\"font-weight: 400;\">Fraise<\/span><\/td>\n<\/tr>\n<tr>\n<td><b>Taper<\/b><\/td>\n<td><span style=\"font-weight: 400;\">Pochette toute blanche<\/span><\/td>\n<\/tr>\n<\/tbody>\n<\/table>","protected":false},"excerpt":{"rendered":"<p>Juteux, sucr\u00e9 <strong data-start=\"13\" data-end=\"27\">fraise<\/strong> avec un profil de fra\u00eecheur, de douceur et d'\u00e9quilibre. <strong data-start=\"75\" data-end=\"83\">Mince<\/strong>, Les sachets blancs sans tabac se placent discr\u00e8tement sous la l\u00e8vre et ne tachent pas les dents. Chaque sachet contient <strong data-start=\"189\" data-end=\"208\">9 mg\/g de nicotine<\/strong>, Le r\u00e9sultat est un album accessible et satisfaisant. Produit par YOIK AB (Su\u00e8de).<\/p>","protected":false},"featured_media":10520,"comment_status":"open","ping_status":"closed","template":"","format":[206],"meta":{"_acf_changed":false},"product_brand":[],"product_cat":[52],"product_tag":[16595],"flavours":[196],"nicotine":[231,236],"class_list":{"0":"post-10519","1":"product","2":"type-product","3":"status-publish","4":"has-post-thumbnail","6":"product_cat-helwit","7":"product_tag-4-5-mg-pouch","8":"pa_quantity-1-pack","9":"pa_quantity-10-pack","10":"pa_quantity-3-pack","11":"pa_quantity-30-pack","12":"pa_quantity-5-pack","13":"pa_quantity-60-pack","14":"flavours-fruits-berries","15":"format-slim","16":"nicotine-9-mg-g","17":"nicotine-strong","19":"first","20":"instock","21":"taxable","22":"shipping-taxable","23":"purchasable","24":"product-type-variable","25":"has-default-attributes"},"acf":[],"_links":{"self":[{"href":"https:\/\/whitelip.com\/fr\/wp-json\/wp\/v2\/product\/10519","targetHints":{"allow":["GET"]}}],"collection":[{"href":"https:\/\/whitelip.com\/fr\/wp-json\/wp\/v2\/product"}],"about":[{"href":"https:\/\/whitelip.com\/fr\/wp-json\/wp\/v2\/types\/product"}],"replies":[{"embeddable":true,"href":"https:\/\/whitelip.com\/fr\/wp-json\/wp\/v2\/comments?post=10519"}],"wp:featuredmedia":[{"embeddable":true,"href":"https:\/\/whitelip.com\/fr\/wp-json\/wp\/v2\/media\/10520"}],"wp:attachment":[{"href":"https:\/\/whitelip.com\/fr\/wp-json\/wp\/v2\/media?parent=10519"}],"wp:term":[{"taxonomy":"product_brand","embeddable":true,"href":"https:\/\/whitelip.com\/fr\/wp-json\/wp\/v2\/product_brand?post=10519"},{"taxonomy":"product_cat","embeddable":true,"href":"https:\/\/whitelip.com\/fr\/wp-json\/wp\/v2\/product_cat?post=10519"},{"taxonomy":"product_tag","embeddable":true,"href":"https:\/\/whitelip.com\/fr\/wp-json\/wp\/v2\/product_tag?post=10519"},{"taxonomy":"flavours","embeddable":true,"href":"https:\/\/whitelip.com\/fr\/wp-json\/wp\/v2\/flavours?post=10519"},{"taxonomy":"format","embeddable":true,"href":"https:\/\/whitelip.com\/fr\/wp-json\/wp\/v2\/format?post=10519"},{"taxonomy":"nicotine","embeddable":true,"href":"https:\/\/whitelip.com\/fr\/wp-json\/wp\/v2\/nicotine?post=10519"}],"curies":[{"name":"wp","href":"https:\/\/api.w.org\/{rel}","templated":true}]}}