{"id":10496,"date":"2025-04-17T11:47:23","date_gmt":"2025-04-17T11:47:23","guid":{"rendered":"https:\/\/whitelip.com\/stng-berry-seltzer-max\/"},"modified":"2026-04-29T14:17:59","modified_gmt":"2026-04-29T14:17:59","slug":"stng-berry-seltzer-max","status":"publish","type":"product","link":"https:\/\/whitelip.com\/fr\/stng\/stng-berry-seltzer-max\/","title":{"rendered":"STNG Berry Seltzer Max"},"content":{"rendered":"<h2><strong>ST<\/strong><strong>NG Berry Seltzer Max<\/strong><\/h2>\n<p><span style=\"font-size: 16px;\">Les sachets de nicotine STNG Berry Seltzer Max combinent le p\u00e9tillement croustillant de l'eau de Seltz avec un m\u00e9lange vibrant de baies sauvages, offrant une saveur rafra\u00eechissante et acidul\u00e9e avec une intensit\u00e9 de nicotine maximale. Chaque sachet mince, enti\u00e8rement blanc, contient 27,5 mg de nicotine, con\u00e7u pour les utilisateurs exp\u00e9riment\u00e9s qui recherchent un go\u00fbt audacieux et une force s\u00e9rieuse. Con\u00e7us pour une utilisation discr\u00e8te, les sachets se placent confortablement sous la l\u00e8vre et ne tachent pas les dents. Produit par STNG, Berry Seltzer Max offre une saveur de fruit p\u00e9tillante avec une performance pleine de puissance.<\/span><\/p>\n<table>\n<tbody>\n<tr>\n<td><b>Attribut<\/b><\/td>\n<td><b>D\u00e9tails<\/b><\/td>\n<\/tr>\n<tr>\n<td><b>Contenu par bo\u00eete<\/b><\/td>\n<td><span style=\"font-weight: 400;\">11g (20 sachets)<\/span><\/td>\n<\/tr>\n<tr>\n<td><b>Teneur en nicotine<\/b><\/td>\n<td><span style=\"font-weight: 400;\">50 mg\/g (27,5 mg par sachet)<\/span><\/td>\n<\/tr>\n<tr>\n<td><b>Format de la pochette<\/b><\/td>\n<td><span style=\"font-weight: 400;\">Mince<\/span><\/td>\n<\/tr>\n<tr>\n<td><b>Producteur<\/b><\/td>\n<td><span style=\"font-weight: 400;\">STNG<\/span><\/td>\n<\/tr>\n<tr>\n<td><b>Saveur<\/b><\/td>\n<td><span style=\"font-weight: 400;\">Eau de Seltz aux baies<\/span><\/td>\n<\/tr>\n<tr>\n<td><b>Taper<\/b><\/td>\n<td><span style=\"font-weight: 400;\">Pochette toute blanche<\/span><\/td>\n<\/tr>\n<\/tbody>\n<\/table>","protected":false},"excerpt":{"rendered":"<p>Les sachets de nicotine STNG Berry Seltzer Max offrent un go\u00fbt croquant et acidul\u00e9. <strong data-start=\"63\" data-end=\"80\">Eau de Seltz aux baies<\/strong> avec un m\u00e9lange vibrant de baies sauvages et une sensation p\u00e9tillante. <strong data-start=\"138\" data-end=\"146\">Mince<\/strong>, Le format enti\u00e8rement blanc permet un confort discret sous la l\u00e8vre et une lib\u00e9ration propre. Chaque sachet contient <strong data-start=\"241\" data-end=\"261\">27,5 mg de nicotine<\/strong>.<\/p>","protected":false},"featured_media":27185,"comment_status":"open","ping_status":"closed","template":"","format":[206],"meta":{"_acf_changed":false},"product_brand":[],"product_cat":[111],"product_tag":[16445,17003],"flavours":[191,196],"nicotine":[226,233],"class_list":{"0":"post-10496","1":"product","2":"type-product","3":"status-publish","4":"has-post-thumbnail","6":"product_cat-stng","7":"product_tag-20-off","8":"product_tag-27-5-mg-pouch","9":"pa_quantity-1-pack","10":"pa_quantity-10-pack","11":"pa_quantity-3-pack","12":"pa_quantity-30-pack","13":"pa_quantity-5-pack","14":"pa_quantity-60-pack","15":"flavours-cocktails","16":"flavours-fruits-berries","17":"format-slim","18":"nicotine-50-mg-g","19":"nicotine-extreme","21":"first","22":"instock","23":"sale","24":"taxable","25":"shipping-taxable","26":"purchasable","27":"product-type-variable"},"acf":[],"_links":{"self":[{"href":"https:\/\/whitelip.com\/fr\/wp-json\/wp\/v2\/product\/10496","targetHints":{"allow":["GET"]}}],"collection":[{"href":"https:\/\/whitelip.com\/fr\/wp-json\/wp\/v2\/product"}],"about":[{"href":"https:\/\/whitelip.com\/fr\/wp-json\/wp\/v2\/types\/product"}],"replies":[{"embeddable":true,"href":"https:\/\/whitelip.com\/fr\/wp-json\/wp\/v2\/comments?post=10496"}],"wp:featuredmedia":[{"embeddable":true,"href":"https:\/\/whitelip.com\/fr\/wp-json\/wp\/v2\/media\/27185"}],"wp:attachment":[{"href":"https:\/\/whitelip.com\/fr\/wp-json\/wp\/v2\/media?parent=10496"}],"wp:term":[{"taxonomy":"product_brand","embeddable":true,"href":"https:\/\/whitelip.com\/fr\/wp-json\/wp\/v2\/product_brand?post=10496"},{"taxonomy":"product_cat","embeddable":true,"href":"https:\/\/whitelip.com\/fr\/wp-json\/wp\/v2\/product_cat?post=10496"},{"taxonomy":"product_tag","embeddable":true,"href":"https:\/\/whitelip.com\/fr\/wp-json\/wp\/v2\/product_tag?post=10496"},{"taxonomy":"flavours","embeddable":true,"href":"https:\/\/whitelip.com\/fr\/wp-json\/wp\/v2\/flavours?post=10496"},{"taxonomy":"format","embeddable":true,"href":"https:\/\/whitelip.com\/fr\/wp-json\/wp\/v2\/format?post=10496"},{"taxonomy":"nicotine","embeddable":true,"href":"https:\/\/whitelip.com\/fr\/wp-json\/wp\/v2\/nicotine?post=10496"}],"curies":[{"name":"wp","href":"https:\/\/api.w.org\/{rel}","templated":true}]}}