{"id":10426,"date":"2025-04-16T12:50:07","date_gmt":"2025-04-16T12:50:07","guid":{"rendered":"https:\/\/whitelip.com\/pablo-exclusive-strawberry-watermelon-50mg\/"},"modified":"2026-05-17T10:11:03","modified_gmt":"2026-05-17T10:11:03","slug":"pablo-exclusive-strawberry-watermelon-50mg","status":"publish","type":"product","link":"https:\/\/whitelip.com\/fr\/pablo\/pablo-exclusive-strawberry-watermelon-50mg\/","title":{"rendered":"PABLO Exclusive Fraise Past\u00e8que 50mg"},"content":{"rendered":"<h2><strong>PABLO Exclusive Fraise Past\u00e8que 50mg<\/strong><\/h2>\n<p class=\"\" data-start=\"100\" data-end=\"587\">Les sachets de nicotine PABLO Exclusive Strawberry Watermelon 50mg offrent un m\u00e9lange juteux de fraises sucr\u00e9es et de melon d'eau rafra\u00eechissant, associ\u00e9 \u00e0 une nicotine ultra forte. Con\u00e7us pour les utilisateurs exp\u00e9riment\u00e9s, ces sachets minces et sans tabac combinent une saveur fruit\u00e9e avec une intensit\u00e9 brute pour une exp\u00e9rience audacieuse et satisfaisante. Discret et confortable sous la l\u00e8vre, PABLO Strawberry Watermelon associe un go\u00fbt vibrant et une force extr\u00eame dans chaque sachet - sans fum\u00e9e, juste une saveur intense.<\/p>\n<table>\n<tbody>\n<tr>\n<td><b>Attribut<\/b><\/td>\n<td><b>D\u00e9tails<\/b><\/td>\n<\/tr>\n<tr>\n<td><b>Contenu par bo\u00eete<\/b><\/td>\n<td><span style=\"font-weight: 400;\">15g (20 sachets)<\/span><\/td>\n<\/tr>\n<tr>\n<td><b>Teneur en nicotine<\/b><\/td>\n<td><span style=\"font-weight: 400;\">50 mg\/g (30 mg par sachet)<\/span><\/td>\n<\/tr>\n<tr>\n<td><b>Format de la pochette<\/b><\/td>\n<td><span style=\"font-weight: 400;\">Mince<\/span><\/td>\n<\/tr>\n<tr>\n<td><b>Producteur<\/b><\/td>\n<td><span style=\"font-weight: 400;\">N.G.P. Empire<\/span><\/td>\n<\/tr>\n<tr>\n<td><b>Saveur<\/b><\/td>\n<td><span style=\"font-weight: 400;\">Fraise et past\u00e8que<\/span><\/td>\n<\/tr>\n<tr>\n<td><b>Taper<\/b><\/td>\n<td><span style=\"font-weight: 400;\">Pochette enti\u00e8rement blanche, sans tabac<\/span><\/td>\n<\/tr>\n<\/tbody>\n<\/table>","protected":false},"excerpt":{"rendered":"<p>Les sachets de nicotine PABLO Exclusive Strawberry Watermelon 50mg offrent un go\u00fbt juteux. <strong data-start=\"76\" data-end=\"101\">Past\u00e8que \u00e0 la fraise<\/strong> avec une intensit\u00e9 tr\u00e8s forte. <strong data-start=\"138\" data-end=\"146\">Mince<\/strong>, Le format sans tabac permet une utilisation discr\u00e8te et confortable ainsi qu'une lib\u00e9ration propre et satisfaisante. Chaque sachet contient <strong>30 mg de nicotine<\/strong>.<\/p>","protected":false},"featured_media":3387,"comment_status":"open","ping_status":"closed","template":"","format":[206],"meta":{"_acf_changed":false},"product_brand":[],"product_cat":[44],"product_tag":[16605],"flavours":[196],"nicotine":[226,233],"class_list":{"0":"post-10426","1":"product","2":"type-product","3":"status-publish","4":"has-post-thumbnail","6":"product_cat-pablo","7":"product_tag-30-mg-pouch","8":"pa_quantity-1-pack","9":"pa_quantity-10-pack","10":"pa_quantity-3-pack","11":"pa_quantity-30-pack","12":"pa_quantity-5-pack","13":"pa_quantity-60-pack","14":"flavours-fruits-berries","15":"format-slim","16":"nicotine-50-mg-g","17":"nicotine-extreme","19":"first","20":"outofstock","21":"taxable","22":"shipping-taxable","23":"purchasable","24":"product-type-variable"},"acf":[],"_links":{"self":[{"href":"https:\/\/whitelip.com\/fr\/wp-json\/wp\/v2\/product\/10426","targetHints":{"allow":["GET"]}}],"collection":[{"href":"https:\/\/whitelip.com\/fr\/wp-json\/wp\/v2\/product"}],"about":[{"href":"https:\/\/whitelip.com\/fr\/wp-json\/wp\/v2\/types\/product"}],"replies":[{"embeddable":true,"href":"https:\/\/whitelip.com\/fr\/wp-json\/wp\/v2\/comments?post=10426"}],"wp:featuredmedia":[{"embeddable":true,"href":"https:\/\/whitelip.com\/fr\/wp-json\/wp\/v2\/media\/3387"}],"wp:attachment":[{"href":"https:\/\/whitelip.com\/fr\/wp-json\/wp\/v2\/media?parent=10426"}],"wp:term":[{"taxonomy":"product_brand","embeddable":true,"href":"https:\/\/whitelip.com\/fr\/wp-json\/wp\/v2\/product_brand?post=10426"},{"taxonomy":"product_cat","embeddable":true,"href":"https:\/\/whitelip.com\/fr\/wp-json\/wp\/v2\/product_cat?post=10426"},{"taxonomy":"product_tag","embeddable":true,"href":"https:\/\/whitelip.com\/fr\/wp-json\/wp\/v2\/product_tag?post=10426"},{"taxonomy":"flavours","embeddable":true,"href":"https:\/\/whitelip.com\/fr\/wp-json\/wp\/v2\/flavours?post=10426"},{"taxonomy":"format","embeddable":true,"href":"https:\/\/whitelip.com\/fr\/wp-json\/wp\/v2\/format?post=10426"},{"taxonomy":"nicotine","embeddable":true,"href":"https:\/\/whitelip.com\/fr\/wp-json\/wp\/v2\/nicotine?post=10426"}],"curies":[{"name":"wp","href":"https:\/\/api.w.org\/{rel}","templated":true}]}}