{"id":10421,"date":"2025-04-16T12:47:14","date_gmt":"2025-04-16T12:47:14","guid":{"rendered":"https:\/\/whitelip.com\/pablo-exclusive-glogg-50mg\/"},"modified":"2026-03-10T09:11:33","modified_gmt":"2026-03-10T09:11:33","slug":"pablo-exclusive-glogg-50mg","status":"publish","type":"product","link":"https:\/\/whitelip.com\/fr\/pablo\/pablo-exclusive-glogg-50mg\/","title":{"rendered":"PABLO Exclusive Gl\u00f6gg 50mg"},"content":{"rendered":"<h2><strong>PABLO Exclusive Gl\u00f6gg 50mg<\/strong><\/h2>\n<p class=\"\" data-start=\"100\" data-end=\"587\">Les sachets de nicotine PABLO Exclusive Gl\u00f6gg 50mg capturent l'essence audacieuse et festive du vin chaud scandinave traditionnel avec un puissant punch de nicotine. Infus\u00e9 de notes chaudes de baies, d'\u00e9pices et d'un soup\u00e7on de douceur, cet ar\u00f4me unique est parfait pour les utilisateurs qui ont envie de quelque chose de saisonnier et de fort. Avec un taux de nicotine de 50 mg\/g, ces sachets minces et sans tabac sont con\u00e7us pour les utilisateurs exp\u00e9riment\u00e9s \u00e0 la recherche d'une exp\u00e9rience nicotinique intense, savoureuse et discr\u00e8te.<\/p>\n<table>\n<tbody>\n<tr>\n<td><b>Attribut<\/b><\/td>\n<td><b>D\u00e9tails<\/b><\/td>\n<\/tr>\n<tr>\n<td><b>Contenu par bo\u00eete<\/b><\/td>\n<td><span style=\"font-weight: 400;\">15g (20 sachets)<\/span><\/td>\n<\/tr>\n<tr>\n<td><b>Teneur en nicotine<\/b><\/td>\n<td><span style=\"font-weight: 400;\">50 mg\/g (30 mg par sachet)<\/span><\/td>\n<\/tr>\n<tr>\n<td><b>Format de la pochette<\/b><\/td>\n<td><span style=\"font-weight: 400;\">Mince<\/span><\/td>\n<\/tr>\n<tr>\n<td><b>Producteur<\/b><\/td>\n<td><span style=\"font-weight: 400;\">N.G.P. Empire<\/span><\/td>\n<\/tr>\n<tr>\n<td><b>Saveur<\/b><\/td>\n<td><span style=\"font-weight: 400;\">Gl\u00f6gg (vin chaud et \u00e9pices)<\/span><\/td>\n<\/tr>\n<tr>\n<td><b>Taper<\/b><\/td>\n<td><span style=\"font-weight: 400;\">Pochette enti\u00e8rement blanche, sans tabac<\/span><\/td>\n<\/tr>\n<\/tbody>\n<\/table>","protected":false},"excerpt":{"rendered":"<p>Les sachets de nicotine Gl\u00f6gg 50mg de PABLO Exclusive offrent un go\u00fbt audacieux et festif. <strong data-start=\"68\" data-end=\"77\">Gl\u00f6gg<\/strong> avec des notes de baies et d'\u00e9pices. <strong data-start=\"121\" data-end=\"129\">Mince<\/strong>, Le format sans tabac permet une utilisation discr\u00e8te et confortable. Chaque sachet contient <strong>30 mg de nicotine<\/strong>. Con\u00e7u pour les utilisateurs exp\u00e9riment\u00e9s \u00e0 la recherche d'un profil intense et saisonnier.<\/p>","protected":false},"featured_media":3386,"comment_status":"open","ping_status":"closed","template":"","format":[206],"meta":{"_acf_changed":false},"product_brand":[],"product_cat":[44],"product_tag":[16605],"flavours":[200],"nicotine":[226,233],"class_list":{"0":"post-10421","1":"product","2":"type-product","3":"status-publish","4":"has-post-thumbnail","6":"product_cat-pablo","7":"product_tag-30-mg-pouch","8":"pa_quantity-1-pack","9":"pa_quantity-10-pack","10":"pa_quantity-3-pack","11":"pa_quantity-30-pack","12":"pa_quantity-5-pack","13":"pa_quantity-60-pack","14":"flavours-spices","15":"format-slim","16":"nicotine-50-mg-g","17":"nicotine-extreme","19":"first","20":"outofstock","21":"taxable","22":"shipping-taxable","23":"purchasable","24":"product-type-variable"},"acf":[],"_links":{"self":[{"href":"https:\/\/whitelip.com\/fr\/wp-json\/wp\/v2\/product\/10421","targetHints":{"allow":["GET"]}}],"collection":[{"href":"https:\/\/whitelip.com\/fr\/wp-json\/wp\/v2\/product"}],"about":[{"href":"https:\/\/whitelip.com\/fr\/wp-json\/wp\/v2\/types\/product"}],"replies":[{"embeddable":true,"href":"https:\/\/whitelip.com\/fr\/wp-json\/wp\/v2\/comments?post=10421"}],"wp:featuredmedia":[{"embeddable":true,"href":"https:\/\/whitelip.com\/fr\/wp-json\/wp\/v2\/media\/3386"}],"wp:attachment":[{"href":"https:\/\/whitelip.com\/fr\/wp-json\/wp\/v2\/media?parent=10421"}],"wp:term":[{"taxonomy":"product_brand","embeddable":true,"href":"https:\/\/whitelip.com\/fr\/wp-json\/wp\/v2\/product_brand?post=10421"},{"taxonomy":"product_cat","embeddable":true,"href":"https:\/\/whitelip.com\/fr\/wp-json\/wp\/v2\/product_cat?post=10421"},{"taxonomy":"product_tag","embeddable":true,"href":"https:\/\/whitelip.com\/fr\/wp-json\/wp\/v2\/product_tag?post=10421"},{"taxonomy":"flavours","embeddable":true,"href":"https:\/\/whitelip.com\/fr\/wp-json\/wp\/v2\/flavours?post=10421"},{"taxonomy":"format","embeddable":true,"href":"https:\/\/whitelip.com\/fr\/wp-json\/wp\/v2\/format?post=10421"},{"taxonomy":"nicotine","embeddable":true,"href":"https:\/\/whitelip.com\/fr\/wp-json\/wp\/v2\/nicotine?post=10421"}],"curies":[{"name":"wp","href":"https:\/\/api.w.org\/{rel}","templated":true}]}}