{"id":10386,"date":"2025-04-16T12:25:41","date_gmt":"2025-04-16T12:25:41","guid":{"rendered":"https:\/\/whitelip.com\/killa-mocca\/"},"modified":"2026-04-29T10:11:17","modified_gmt":"2026-04-29T10:11:17","slug":"killa-mocca","status":"publish","type":"product","link":"https:\/\/whitelip.com\/fr\/killa\/killa-mocca\/","title":{"rendered":"KILLA Mocca"},"content":{"rendered":"<h2><strong>KILLA Mocca<\/strong><\/h2>\n<p class=\"\" data-start=\"100\" data-end=\"587\">Les sachets de nicotine KILLA Mocca offrent un go\u00fbt profond et riche de moka qui m\u00eale des notes de caf\u00e9 douces \u00e0 un soup\u00e7on de douceur chocolat\u00e9e. Con\u00e7us pour ceux qui appr\u00e9cient un go\u00fbt audacieux mais \u00e9quilibr\u00e9, ces sachets sans tabac procurent une forte dose de nicotine dans un format discret et fin. Que vous commenciez votre journ\u00e9e ou que vous fassiez une pause, KILLA Mocca vous offre un moyen satisfaisant et savoureux de profiter de la nicotine, sans fum\u00e9e, et d'un pur plaisir de moka.<\/p>\n<table>\n<tbody>\n<tr>\n<td><b>Attribut<\/b><\/td>\n<td><b>D\u00e9tails<\/b><\/td>\n<\/tr>\n<tr>\n<td><b>Contenu par bo\u00eete<\/b><\/td>\n<td><span style=\"font-weight: 400;\">16g (20 sachets)<\/span><\/td>\n<\/tr>\n<tr>\n<td><b>Teneur en nicotine<\/b><\/td>\n<td><span style=\"font-weight: 400;\">16 mg\/g (12,8 mg par sachet)<\/span><\/td>\n<\/tr>\n<tr>\n<td><b>Format de la pochette<\/b><\/td>\n<td><span style=\"font-weight: 400;\">Mince<\/span><\/td>\n<\/tr>\n<tr>\n<td><b>Producteur<\/b><\/td>\n<td><span style=\"font-weight: 400;\">NGP Empire<\/span><\/td>\n<\/tr>\n<tr>\n<td><b>Saveur<\/b><\/td>\n<td><span style=\"font-weight: 400;\">Mocca (caf\u00e9 et chocolat)<\/span><\/td>\n<\/tr>\n<tr>\n<td><b>Taper<\/b><\/td>\n<td><span style=\"font-weight: 400;\">Pochette enti\u00e8rement blanche, sans tabac<\/span><\/td>\n<\/tr>\n<\/tbody>\n<\/table>","protected":false},"excerpt":{"rendered":"<p>Profonde, riche <strong data-start=\"11\" data-end=\"20\">mocca<\/strong> avec un caf\u00e9 doux et un soup\u00e7on de douceur chocolat\u00e9e. <strong data-start=\"76\" data-end=\"84\">Mince<\/strong>, Les sachets sans tabac s'ins\u00e8rent discr\u00e8tement sous la l\u00e8vre et procurent une sensation forte et satisfaisante. Chaque sachet contient <strong data-start=\"186\" data-end=\"206\">12,8 mg de nicotine<\/strong> pour une d\u00e9gustation audacieuse et \u00e9quilibr\u00e9e.<\/p>","protected":false},"featured_media":10387,"comment_status":"open","ping_status":"closed","template":"","format":[206],"meta":{"_acf_changed":false},"product_brand":[],"product_cat":[64],"product_tag":[16676],"flavours":[188,192],"nicotine":[213,232],"class_list":{"0":"post-10386","1":"product","2":"type-product","3":"status-publish","4":"has-post-thumbnail","6":"product_cat-killa","7":"product_tag-12-8-mg-pouch","8":"pa_quantity-1-pack","9":"pa_quantity-10-pack","10":"pa_quantity-3-pack","11":"pa_quantity-30-pack","12":"pa_quantity-5-pack","13":"pa_quantity-60-pack","14":"flavours-chocolate","15":"flavours-coffee","16":"format-slim","17":"nicotine-16-mg-g","18":"nicotine-extra-strong","20":"first","21":"outofstock","22":"taxable","23":"shipping-taxable","24":"purchasable","25":"product-type-variable","26":"has-default-attributes"},"acf":[],"_links":{"self":[{"href":"https:\/\/whitelip.com\/fr\/wp-json\/wp\/v2\/product\/10386","targetHints":{"allow":["GET"]}}],"collection":[{"href":"https:\/\/whitelip.com\/fr\/wp-json\/wp\/v2\/product"}],"about":[{"href":"https:\/\/whitelip.com\/fr\/wp-json\/wp\/v2\/types\/product"}],"replies":[{"embeddable":true,"href":"https:\/\/whitelip.com\/fr\/wp-json\/wp\/v2\/comments?post=10386"}],"wp:featuredmedia":[{"embeddable":true,"href":"https:\/\/whitelip.com\/fr\/wp-json\/wp\/v2\/media\/10387"}],"wp:attachment":[{"href":"https:\/\/whitelip.com\/fr\/wp-json\/wp\/v2\/media?parent=10386"}],"wp:term":[{"taxonomy":"product_brand","embeddable":true,"href":"https:\/\/whitelip.com\/fr\/wp-json\/wp\/v2\/product_brand?post=10386"},{"taxonomy":"product_cat","embeddable":true,"href":"https:\/\/whitelip.com\/fr\/wp-json\/wp\/v2\/product_cat?post=10386"},{"taxonomy":"product_tag","embeddable":true,"href":"https:\/\/whitelip.com\/fr\/wp-json\/wp\/v2\/product_tag?post=10386"},{"taxonomy":"flavours","embeddable":true,"href":"https:\/\/whitelip.com\/fr\/wp-json\/wp\/v2\/flavours?post=10386"},{"taxonomy":"format","embeddable":true,"href":"https:\/\/whitelip.com\/fr\/wp-json\/wp\/v2\/format?post=10386"},{"taxonomy":"nicotine","embeddable":true,"href":"https:\/\/whitelip.com\/fr\/wp-json\/wp\/v2\/nicotine?post=10386"}],"curies":[{"name":"wp","href":"https:\/\/api.w.org\/{rel}","templated":true}]}}