{"id":10381,"date":"2025-04-16T12:25:42","date_gmt":"2025-04-16T12:25:42","guid":{"rendered":"https:\/\/whitelip.com\/killa-double-mint-large-portion-xxl\/"},"modified":"2026-04-28T10:11:26","modified_gmt":"2026-04-28T10:11:26","slug":"killa-double-mint-large-portion-xxl","status":"publish","type":"product","link":"https:\/\/whitelip.com\/fr\/killa\/killa-double-mint-large-portion-xxl\/","title":{"rendered":"KILLA Double Menthe Grande Portion XXL"},"content":{"rendered":"<h2><strong>KILLA Double Menthe Grande Portion XXL<\/strong><\/h2>\n<p class=\"\" data-start=\"100\" data-end=\"587\">KILLA Double Mint Large Portion XXL offre une fusion audacieuse et glac\u00e9e de menthe poivr\u00e9e et de menthe verte, offrant deux fois plus de menthe pour deux fois plus de rafra\u00eechissement. Con\u00e7us pour les utilisateurs exp\u00e9riment\u00e9s, ces sachets sans tabac procurent une forte dose de nicotine dans un format de grande portion s\u00e8che qui am\u00e9liore la lib\u00e9ration des ar\u00f4mes et prolonge la dur\u00e9e de conservation. Avec 30 sachets par bo\u00eete, cette version XXL garantit une satisfaction durable \u00e0 ceux qui ont envie d'une saveur de menthe intense et d'une performance puissante dans chaque sachet.<\/p>\n<table>\n<tbody>\n<tr>\n<td><b>Attribut<\/b><\/td>\n<td><b>D\u00e9tails<\/b><\/td>\n<\/tr>\n<tr>\n<td><b>Contenu par bo\u00eete<\/b><\/td>\n<td><span style=\"font-weight: 400;\">24g (30 sachets)<\/span><\/td>\n<\/tr>\n<tr>\n<td><b>Teneur en nicotine<\/b><\/td>\n<td><span style=\"font-weight: 400;\">16 mg\/g (12,8 mg par sachet)<\/span><\/td>\n<\/tr>\n<tr>\n<td><b>Format de la pochette<\/b><\/td>\n<td><span style=\"font-weight: 400;\">Grande portion s\u00e8che<\/span><\/td>\n<\/tr>\n<tr>\n<td><b>Producteur<\/b><\/td>\n<td><span style=\"font-weight: 400;\">Empire N.G.P.<\/span><\/td>\n<\/tr>\n<tr>\n<td><b>Saveur<\/b><\/td>\n<td><span style=\"font-weight: 400;\">Double menthe (menthe poivr\u00e9e et menthe verte)<\/span><\/td>\n<\/tr>\n<tr>\n<td><b>Taper<\/b><\/td>\n<td><span style=\"font-weight: 400;\">Pochette enti\u00e8rement blanche, sans tabac<\/span><\/td>\n<\/tr>\n<\/tbody>\n<\/table>","protected":false},"excerpt":{"rendered":"<p>Tranchant, glacial <strong data-start=\"16\" data-end=\"31\">Double Mint<\/strong> avec une touche audacieuse de menthe et de menthol. <strong data-start=\"67\" data-end=\"88\">Grande portion XXL<\/strong>, Les sachets sans tabac s'ins\u00e8rent discr\u00e8tement sous la l\u00e8vre pour une intensit\u00e9 longue dur\u00e9e ; <strong data-start=\"168\" data-end=\"190\">30 sachets par bo\u00eete<\/strong>. Chaque sachet contient <strong data-start=\"212\" data-end=\"232\">12,8 mg de nicotine<\/strong>, Le r\u00e9sultat est un coup de poing puissant et satisfaisant.<\/p>","protected":false},"featured_media":10382,"comment_status":"open","ping_status":"closed","template":"","format":[204],"meta":{"_acf_changed":false},"product_brand":[],"product_cat":[64],"product_tag":[16676],"flavours":[199],"nicotine":[213,232],"class_list":{"0":"post-10381","1":"product","2":"type-product","3":"status-publish","4":"has-post-thumbnail","6":"product_cat-killa","7":"product_tag-12-8-mg-pouch","8":"pa_quantity-1-pack","9":"pa_quantity-10-pack","10":"pa_quantity-3-pack","11":"pa_quantity-30-pack","12":"pa_quantity-5-pack","13":"pa_quantity-60-pack","14":"flavours-mint","15":"format-large","16":"nicotine-16-mg-g","17":"nicotine-extra-strong","19":"first","20":"outofstock","21":"taxable","22":"shipping-taxable","23":"purchasable","24":"product-type-variable","25":"has-default-attributes"},"acf":[],"_links":{"self":[{"href":"https:\/\/whitelip.com\/fr\/wp-json\/wp\/v2\/product\/10381","targetHints":{"allow":["GET"]}}],"collection":[{"href":"https:\/\/whitelip.com\/fr\/wp-json\/wp\/v2\/product"}],"about":[{"href":"https:\/\/whitelip.com\/fr\/wp-json\/wp\/v2\/types\/product"}],"replies":[{"embeddable":true,"href":"https:\/\/whitelip.com\/fr\/wp-json\/wp\/v2\/comments?post=10381"}],"wp:featuredmedia":[{"embeddable":true,"href":"https:\/\/whitelip.com\/fr\/wp-json\/wp\/v2\/media\/10382"}],"wp:attachment":[{"href":"https:\/\/whitelip.com\/fr\/wp-json\/wp\/v2\/media?parent=10381"}],"wp:term":[{"taxonomy":"product_brand","embeddable":true,"href":"https:\/\/whitelip.com\/fr\/wp-json\/wp\/v2\/product_brand?post=10381"},{"taxonomy":"product_cat","embeddable":true,"href":"https:\/\/whitelip.com\/fr\/wp-json\/wp\/v2\/product_cat?post=10381"},{"taxonomy":"product_tag","embeddable":true,"href":"https:\/\/whitelip.com\/fr\/wp-json\/wp\/v2\/product_tag?post=10381"},{"taxonomy":"flavours","embeddable":true,"href":"https:\/\/whitelip.com\/fr\/wp-json\/wp\/v2\/flavours?post=10381"},{"taxonomy":"format","embeddable":true,"href":"https:\/\/whitelip.com\/fr\/wp-json\/wp\/v2\/format?post=10381"},{"taxonomy":"nicotine","embeddable":true,"href":"https:\/\/whitelip.com\/fr\/wp-json\/wp\/v2\/nicotine?post=10381"}],"curies":[{"name":"wp","href":"https:\/\/api.w.org\/{rel}","templated":true}]}}