{"id":10320,"date":"2025-04-08T11:45:07","date_gmt":"2025-04-08T11:45:07","guid":{"rendered":"https:\/\/whitelip.com\/apres-tangerine-spritz-mini\/"},"modified":"2026-04-28T10:11:25","modified_gmt":"2026-04-28T10:11:25","slug":"apres-tangerine-spritz-mini","status":"publish","type":"product","link":"https:\/\/whitelip.com\/fr\/apres\/apres-tangerine-spritz-mini\/","title":{"rendered":"APR\u00c8S Tangerine Spritz Mini"},"content":{"rendered":"<h2><strong>APR\u00c8S Tangerine Spritz Mini<\/strong><\/h2>\n<p><span style=\"font-weight: 400;\">Les mini-sachets de nicotine APR\u00c8S Tangerine Spritz capturent l'essence vibrante du jus de mandarine fra\u00eechement press\u00e9, offrant un profil d'ar\u00f4me naturel et fruit\u00e9. Chaque mini sachet blanc contient 3,2<\/span><span style=\"font-weight: 400;\">\u00a0mg de nicotine, offrant une exp\u00e9rience douce pour ceux qui recherchent un effet nicotinique doux. Le design discret assure une tenue confortable sous la l\u00e8vre, permettant une utilisation \u00e0 tout moment sans tacher les dents. Produits par APR\u00c8S Nicotine AB, ces sachets sans tabac illustrent des normes de haute qualit\u00e9 et des combinaisons de saveurs innovantes.<\/span><\/p>\n<table>\n<tbody>\n<tr>\n<td><b>Attribut<\/b><\/td>\n<td><b>D\u00e9tails<\/b><\/td>\n<\/tr>\n<tr>\n<td><b>Contenu par bo\u00eete<\/b><\/td>\n<td><span style=\"font-weight: 400;\">11g (20 sachets)<\/span><\/td>\n<\/tr>\n<tr>\n<td><b>Teneur en nicotine<\/b><\/td>\n<td><span style=\"font-weight: 400;\">8 mg\/g (3,2 mg par sachet)<\/span><\/td>\n<\/tr>\n<tr>\n<td><b>Format de la pochette<\/b><\/td>\n<td><span style=\"font-weight: 400;\">Mini<\/span><\/td>\n<\/tr>\n<tr>\n<td><b>Producteur<\/b><\/td>\n<td><span style=\"font-weight: 400;\">APR\u00c8S Nicotine AB<\/span><\/td>\n<\/tr>\n<tr>\n<td><b>Saveur<\/b><\/td>\n<td><span style=\"font-weight: 400;\">Mandarin<\/span><\/td>\n<\/tr>\n<tr>\n<td><b>Taper<\/b><\/td>\n<td><span style=\"font-weight: 400;\">Pochette toute blanche<\/span><\/td>\n<\/tr>\n<\/tbody>\n<\/table>","protected":false},"excerpt":{"rendered":"<p>Lumineux, naturel <strong data-start=\"16\" data-end=\"38\">mandarine\/mandarine<\/strong> avec une note fruit\u00e9e fra\u00eechement press\u00e9e. Les <strong data-start=\"81\" data-end=\"100\">mini, <\/strong>Les sachets enti\u00e8rement blancs se placent discr\u00e8tement et confortablement sous la l\u00e8vre pour une utilisation propre, \u00e0 tout moment. Chaque pochette contient <strong data-start=\"199\" data-end=\"218\">3,2 mg de nicotine<\/strong>, APR\u00c8S Nicotine AB offre une exp\u00e9rience douce et facile \u00e0 vivre.<\/p>","protected":false},"featured_media":10321,"comment_status":"open","ping_status":"closed","template":"","format":[205],"meta":{"_acf_changed":false},"product_brand":[],"product_cat":[41],"product_tag":[16555],"flavours":[190],"nicotine":[230,236],"class_list":{"0":"post-10320","1":"product","2":"type-product","3":"status-publish","4":"has-post-thumbnail","6":"product_cat-apres","7":"product_tag-3-2-mg-pouch","8":"pa_quantity-1-pack","9":"pa_quantity-10-pack","10":"pa_quantity-3-pack","11":"pa_quantity-30-pack","12":"pa_quantity-5-pack","13":"pa_quantity-60-pack","14":"flavours-citrus","15":"format-mini","16":"nicotine-8-mg-g","17":"nicotine-strong","19":"first","20":"instock","21":"taxable","22":"shipping-taxable","23":"purchasable","24":"product-type-variable"},"acf":[],"_links":{"self":[{"href":"https:\/\/whitelip.com\/fr\/wp-json\/wp\/v2\/product\/10320","targetHints":{"allow":["GET"]}}],"collection":[{"href":"https:\/\/whitelip.com\/fr\/wp-json\/wp\/v2\/product"}],"about":[{"href":"https:\/\/whitelip.com\/fr\/wp-json\/wp\/v2\/types\/product"}],"replies":[{"embeddable":true,"href":"https:\/\/whitelip.com\/fr\/wp-json\/wp\/v2\/comments?post=10320"}],"wp:featuredmedia":[{"embeddable":true,"href":"https:\/\/whitelip.com\/fr\/wp-json\/wp\/v2\/media\/10321"}],"wp:attachment":[{"href":"https:\/\/whitelip.com\/fr\/wp-json\/wp\/v2\/media?parent=10320"}],"wp:term":[{"taxonomy":"product_brand","embeddable":true,"href":"https:\/\/whitelip.com\/fr\/wp-json\/wp\/v2\/product_brand?post=10320"},{"taxonomy":"product_cat","embeddable":true,"href":"https:\/\/whitelip.com\/fr\/wp-json\/wp\/v2\/product_cat?post=10320"},{"taxonomy":"product_tag","embeddable":true,"href":"https:\/\/whitelip.com\/fr\/wp-json\/wp\/v2\/product_tag?post=10320"},{"taxonomy":"flavours","embeddable":true,"href":"https:\/\/whitelip.com\/fr\/wp-json\/wp\/v2\/flavours?post=10320"},{"taxonomy":"format","embeddable":true,"href":"https:\/\/whitelip.com\/fr\/wp-json\/wp\/v2\/format?post=10320"},{"taxonomy":"nicotine","embeddable":true,"href":"https:\/\/whitelip.com\/fr\/wp-json\/wp\/v2\/nicotine?post=10320"}],"curies":[{"name":"wp","href":"https:\/\/api.w.org\/{rel}","templated":true}]}}