{"id":10310,"date":"2025-04-08T11:35:24","date_gmt":"2025-04-08T11:35:24","guid":{"rendered":"https:\/\/whitelip.com\/apres-ice-tea-peach-hyper-strong\/"},"modified":"2026-04-30T10:11:03","modified_gmt":"2026-04-30T10:11:03","slug":"apres-ice-tea-peach-hyper-strong","status":"publish","type":"product","link":"https:\/\/whitelip.com\/fr\/apres\/apres-ice-tea-peach-hyper-strong\/","title":{"rendered":"APR\u00c8S Th\u00e9 glac\u00e9 P\u00eache Hyp\u00e8r Fort"},"content":{"rendered":"<h2><strong>APR\u00c8S Th\u00e9 glac\u00e9 P\u00eache Hyp\u00e8r Fort<\/strong><\/h2>\n<p><span style=\"font-weight: 400;\">Les sachets de nicotine APR\u00c8S Ice Tea Peach Hyp\u00e8r Strong offrent une douce saveur de p\u00eache compl\u00e9t\u00e9e par des notes de th\u00e9 noir, pour une exp\u00e9rience gustative rafra\u00eechissante. Chaque sachet fin, enti\u00e8rement blanc, contient 11 mg de nicotine, ce qui procure une sensation de robustesse adapt\u00e9e aux utilisateurs exp\u00e9riment\u00e9s. Le design discret assure une tenue confortable sous la l\u00e8vre, permettant une utilisation \u00e0 tout moment sans tacher les dents. Produits par APR\u00c8S Nicotine AB, ces sachets sans tabac illustrent des normes de haute qualit\u00e9 et des combinaisons de saveurs innovantes.<\/span><\/p>\n<table>\n<tbody>\n<tr>\n<td><b>Attribut<\/b><\/td>\n<td><b>D\u00e9tails<\/b><\/td>\n<\/tr>\n<tr>\n<td><b>Contenu par bo\u00eete<\/b><\/td>\n<td><span style=\"font-weight: 400;\">11g (20 sachets)<\/span><\/td>\n<\/tr>\n<tr>\n<td><b>Teneur en nicotine<\/b><\/td>\n<td><span style=\"font-weight: 400;\">20 mg\/g (11 mg par sachet)<\/span><\/td>\n<\/tr>\n<tr>\n<td><b>Format de la pochette<\/b><\/td>\n<td><span style=\"font-weight: 400;\">Mince<\/span><\/td>\n<\/tr>\n<tr>\n<td><b>Producteur<\/b><\/td>\n<td><span style=\"font-weight: 400;\">APR\u00c8S Nicotine AB<\/span><\/td>\n<\/tr>\n<tr>\n<td><b>Saveur<\/b><\/td>\n<td><span style=\"font-weight: 400;\">P\u00eache et Th\u00e9 Noir<\/span><\/td>\n<\/tr>\n<tr>\n<td><b>Taper<\/b><\/td>\n<td><span style=\"font-weight: 400;\">Pochette toute blanche<\/span><\/td>\n<\/tr>\n<\/tbody>\n<\/table>\n<p>\u00a0<\/p>","protected":false},"excerpt":{"rendered":"<p>Douceur <strong data-start=\"6\" data-end=\"30\">p\u00eache au th\u00e9 noir<\/strong> pour un th\u00e9 glac\u00e9 frais. Les <strong data-start=\"62\" data-end=\"81\">mince, <\/strong>Les sachets enti\u00e8rement blancs se placent discr\u00e8tement et confortablement sous la l\u00e8vre pour une utilisation propre, \u00e0 tout moment. Chaque sachet contient <strong data-start=\"179\" data-end=\"197\">11 mg de nicotine<\/strong>, La nouvelle version de l'Hyp\u00e8r Strong d'APR\u00c8S Nicotine AB permet de b\u00e9n\u00e9ficier d'une exp\u00e9rience robuste.<\/p>","protected":false},"featured_media":10311,"comment_status":"open","ping_status":"closed","template":"","format":[206],"meta":{"_acf_changed":false},"product_brand":[],"product_cat":[41],"product_tag":[16551],"flavours":[196],"nicotine":[218,232],"class_list":{"0":"post-10310","1":"product","2":"type-product","3":"status-publish","4":"has-post-thumbnail","6":"product_cat-apres","7":"product_tag-11-mg-pouch","8":"pa_quantity-1-pack","9":"pa_quantity-10-pack","10":"pa_quantity-3-pack","11":"pa_quantity-30-pack","12":"pa_quantity-5-pack","13":"pa_quantity-60-pack","14":"flavours-fruits-berries","15":"format-slim","16":"nicotine-20-mg-g","17":"nicotine-extra-strong","19":"first","20":"outofstock","21":"taxable","22":"shipping-taxable","23":"purchasable","24":"product-type-variable","25":"has-default-attributes"},"acf":[],"_links":{"self":[{"href":"https:\/\/whitelip.com\/fr\/wp-json\/wp\/v2\/product\/10310","targetHints":{"allow":["GET"]}}],"collection":[{"href":"https:\/\/whitelip.com\/fr\/wp-json\/wp\/v2\/product"}],"about":[{"href":"https:\/\/whitelip.com\/fr\/wp-json\/wp\/v2\/types\/product"}],"replies":[{"embeddable":true,"href":"https:\/\/whitelip.com\/fr\/wp-json\/wp\/v2\/comments?post=10310"}],"wp:featuredmedia":[{"embeddable":true,"href":"https:\/\/whitelip.com\/fr\/wp-json\/wp\/v2\/media\/10311"}],"wp:attachment":[{"href":"https:\/\/whitelip.com\/fr\/wp-json\/wp\/v2\/media?parent=10310"}],"wp:term":[{"taxonomy":"product_brand","embeddable":true,"href":"https:\/\/whitelip.com\/fr\/wp-json\/wp\/v2\/product_brand?post=10310"},{"taxonomy":"product_cat","embeddable":true,"href":"https:\/\/whitelip.com\/fr\/wp-json\/wp\/v2\/product_cat?post=10310"},{"taxonomy":"product_tag","embeddable":true,"href":"https:\/\/whitelip.com\/fr\/wp-json\/wp\/v2\/product_tag?post=10310"},{"taxonomy":"flavours","embeddable":true,"href":"https:\/\/whitelip.com\/fr\/wp-json\/wp\/v2\/flavours?post=10310"},{"taxonomy":"format","embeddable":true,"href":"https:\/\/whitelip.com\/fr\/wp-json\/wp\/v2\/format?post=10310"},{"taxonomy":"nicotine","embeddable":true,"href":"https:\/\/whitelip.com\/fr\/wp-json\/wp\/v2\/nicotine?post=10310"}],"curies":[{"name":"wp","href":"https:\/\/api.w.org\/{rel}","templated":true}]}}