{"id":10275,"date":"2025-04-08T10:01:36","date_gmt":"2025-04-08T10:01:36","guid":{"rendered":"https:\/\/whitelip.com\/chainpop-cherry-chili\/"},"modified":"2026-03-09T17:49:34","modified_gmt":"2026-03-09T17:49:34","slug":"chainpop-cherry-chili","status":"publish","type":"product","link":"https:\/\/whitelip.com\/fr\/chainpop\/chainpop-cherry-chili\/","title":{"rendered":"CHAINPOP Cerise et Chili"},"content":{"rendered":"<h2><strong>CHAINPOP Cerise et Chili<\/strong><\/h2>\n<p class=\"\" data-start=\"112\" data-end=\"592\">La saveur audacieuse de la cerise rencontre un coup de piment \u00e9pic\u00e9 dans ce sachet de nicotine riche et audacieux. La combinaison sucr\u00e9e et \u00e9pic\u00e9e cr\u00e9e un go\u00fbt profond et cors\u00e9 qui persiste sans envahir. Chaque sachet est doux, confortable sous la l\u00e8vre et offre une saveur durable sans couler. Fabriqu\u00e9 en Su\u00e8de avec des ingr\u00e9dients de haute qualit\u00e9, c'est le choix parfait pour ceux qui ont envie de quelque chose d'audacieux, d'\u00e9quilibr\u00e9 et d'un peu inattendu. Une chaleur douce, une fabrication experte pour une exp\u00e9rience vraiment unique.<\/p>\n<table>\n<tbody>\n<tr>\n<td><b>Attribut<\/b><\/td>\n<td><b>D\u00e9tails<\/b><\/td>\n<\/tr>\n<tr>\n<td><b>Contenu par bo\u00eete<\/b><\/td>\n<td><span style=\"font-weight: 400;\">10g (20 sachets)<\/span><\/td>\n<\/tr>\n<tr>\n<td><b>Teneur en nicotine<\/b><\/td>\n<td><span style=\"font-weight: 400;\">15 mg\/g (9 mg par sachet)<\/span><\/td>\n<\/tr>\n<tr>\n<td><b>Format de la pochette<\/b><\/td>\n<td><span style=\"font-weight: 400;\">Mince<\/span><\/td>\n<\/tr>\n<tr>\n<td><b>Producteur<\/b><\/td>\n<td><span style=\"font-weight: 400;\">Chainpop AB<\/span><\/td>\n<\/tr>\n<tr>\n<td><b>Saveur<\/b><\/td>\n<td><span style=\"font-weight: 400;\">Cerise et chili<\/span><\/td>\n<\/tr>\n<tr>\n<td><b>Taper<\/b><\/td>\n<td><span style=\"font-weight: 400;\">Pochette toute blanche<\/span><\/td>\n<\/tr>\n<\/tbody>\n<\/table>","protected":false},"excerpt":{"rendered":"<p>Gras <strong data-start=\"5\" data-end=\"32\">cerise <\/strong>avec du chili \u00e9pic\u00e9 pour un profil de chaleur douce qui persiste sans envahir. Le sachet souple \u00e0 faible \u00e9coulement se place confortablement sous la l\u00e8vre et lib\u00e8re la saveur en douceur. Chaque sachet contient <strong data-start=\"203\" data-end=\"230\">9 mg de nicotine par sachet<\/strong>, La fabrication su\u00e9doise offre une exp\u00e9rience audacieuse, mais \u00e9quilibr\u00e9e et de longue dur\u00e9e.<\/p>","protected":false},"featured_media":3356,"comment_status":"open","ping_status":"closed","template":"","format":[206],"meta":{"_acf_changed":false},"product_brand":[],"product_cat":[106],"product_tag":[16563],"flavours":[187,196],"nicotine":[212,232],"class_list":{"0":"post-10275","1":"product","2":"type-product","3":"status-publish","4":"has-post-thumbnail","6":"product_cat-chainpop","7":"product_tag-9-mg-pouch","8":"pa_quantity-1-pack","9":"pa_quantity-10-pack","10":"pa_quantity-3-pack","11":"pa_quantity-30-pack","12":"pa_quantity-5-pack","13":"pa_quantity-60-pack","14":"flavours-chili","15":"flavours-fruits-berries","16":"format-slim","17":"nicotine-15-mg-g","18":"nicotine-extra-strong","20":"first","21":"outofstock","22":"taxable","23":"shipping-taxable","24":"purchasable","25":"product-type-variable"},"acf":[],"_links":{"self":[{"href":"https:\/\/whitelip.com\/fr\/wp-json\/wp\/v2\/product\/10275","targetHints":{"allow":["GET"]}}],"collection":[{"href":"https:\/\/whitelip.com\/fr\/wp-json\/wp\/v2\/product"}],"about":[{"href":"https:\/\/whitelip.com\/fr\/wp-json\/wp\/v2\/types\/product"}],"replies":[{"embeddable":true,"href":"https:\/\/whitelip.com\/fr\/wp-json\/wp\/v2\/comments?post=10275"}],"wp:featuredmedia":[{"embeddable":true,"href":"https:\/\/whitelip.com\/fr\/wp-json\/wp\/v2\/media\/3356"}],"wp:attachment":[{"href":"https:\/\/whitelip.com\/fr\/wp-json\/wp\/v2\/media?parent=10275"}],"wp:term":[{"taxonomy":"product_brand","embeddable":true,"href":"https:\/\/whitelip.com\/fr\/wp-json\/wp\/v2\/product_brand?post=10275"},{"taxonomy":"product_cat","embeddable":true,"href":"https:\/\/whitelip.com\/fr\/wp-json\/wp\/v2\/product_cat?post=10275"},{"taxonomy":"product_tag","embeddable":true,"href":"https:\/\/whitelip.com\/fr\/wp-json\/wp\/v2\/product_tag?post=10275"},{"taxonomy":"flavours","embeddable":true,"href":"https:\/\/whitelip.com\/fr\/wp-json\/wp\/v2\/flavours?post=10275"},{"taxonomy":"format","embeddable":true,"href":"https:\/\/whitelip.com\/fr\/wp-json\/wp\/v2\/format?post=10275"},{"taxonomy":"nicotine","embeddable":true,"href":"https:\/\/whitelip.com\/fr\/wp-json\/wp\/v2\/nicotine?post=10275"}],"curies":[{"name":"wp","href":"https:\/\/api.w.org\/{rel}","templated":true}]}}