{"id":10270,"date":"2025-04-08T09:56:05","date_gmt":"2025-04-08T09:56:05","guid":{"rendered":"https:\/\/whitelip.com\/chainpop-peach-honey\/"},"modified":"2026-03-09T17:50:15","modified_gmt":"2026-03-09T17:50:15","slug":"chainpop-peach-honey","status":"publish","type":"product","link":"https:\/\/whitelip.com\/fr\/chainpop\/chainpop-peach-honey\/","title":{"rendered":"CHAINPOP P\u00eache et miel"},"content":{"rendered":"<h2><strong>CHAINPOP P\u00eache et miel<\/strong><\/h2>\n<p class=\"\" data-start=\"110\" data-end=\"559\">Des p\u00eaches m\u00fbries au soleil se m\u00e9langent \u00e0 un miel doux et dor\u00e9 dans ce sachet de nicotine chaleureux et r\u00e9confortant. Le r\u00e9sultat est une saveur douce et moelleuse, riche, durable et satisfaisante d\u00e8s le premier instant. Le sachet est doux et discret, con\u00e7u pour se placer confortablement sous la l\u00e8vre sans aucune piq\u00fbre. Fabriqu\u00e9 en Su\u00e8de avec des ingr\u00e9dients de premi\u00e8re qualit\u00e9, c'est le choix parfait pour ceux qui aiment les saveurs douces et fruit\u00e9es avec une douceur naturelle et une touche de chaleur.<\/p>\n<table>\n<tbody>\n<tr>\n<td><b>Attribut<\/b><\/td>\n<td><b>D\u00e9tails<\/b><\/td>\n<\/tr>\n<tr>\n<td><b>Contenu par bo\u00eete<\/b><\/td>\n<td><span style=\"font-weight: 400;\">10g (20 sachets)<\/span><\/td>\n<\/tr>\n<tr>\n<td><b>Teneur en nicotine<\/b><\/td>\n<td><span style=\"font-weight: 400;\">15 mg\/g (9 mg par sachet)<\/span><\/td>\n<\/tr>\n<tr>\n<td><b>Format de la pochette<\/b><\/td>\n<td><span style=\"font-weight: 400;\">Mince<\/span><\/td>\n<\/tr>\n<tr>\n<td><b>Producteur<\/b><\/td>\n<td><span style=\"font-weight: 400;\">Chainpop AB<\/span><\/td>\n<\/tr>\n<tr>\n<td><b>Saveur<\/b><\/td>\n<td><span style=\"font-weight: 400;\">P\u00eache et miel<\/span><\/td>\n<\/tr>\n<tr>\n<td><b>Taper<\/b><\/td>\n<td><span style=\"font-weight: 400;\">Pochette toute blanche<\/span><\/td>\n<\/tr>\n<\/tbody>\n<\/table>","protected":false},"excerpt":{"rendered":"<p>Doux, moelleux <strong data-start=\"14\" data-end=\"41\">p\u00eache et miel<\/strong> pour un go\u00fbt chaud et r\u00e9confortant. Le sachet doux et discret se place confortablement sous la l\u00e8vre, sans piquer, et lib\u00e8re l'ar\u00f4me en douceur. Chaque sachet contient <strong data-start=\"196\" data-end=\"223\">9 mg de nicotine par sachet<\/strong>, Le sucre de canne est fabriqu\u00e9 en Su\u00e8de pour une exp\u00e9rience douce, durable et naturellement sucr\u00e9e.<\/p>","protected":false},"featured_media":3355,"comment_status":"open","ping_status":"closed","template":"","format":[206],"meta":{"_acf_changed":false},"product_brand":[],"product_cat":[106],"product_tag":[16563],"flavours":[196],"nicotine":[212,232],"class_list":{"0":"post-10270","1":"product","2":"type-product","3":"status-publish","4":"has-post-thumbnail","6":"product_cat-chainpop","7":"product_tag-9-mg-pouch","8":"pa_quantity-1-pack","9":"pa_quantity-10-pack","10":"pa_quantity-3-pack","11":"pa_quantity-30-pack","12":"pa_quantity-5-pack","13":"pa_quantity-60-pack","14":"flavours-fruits-berries","15":"format-slim","16":"nicotine-15-mg-g","17":"nicotine-extra-strong","19":"first","20":"outofstock","21":"taxable","22":"shipping-taxable","23":"purchasable","24":"product-type-variable","25":"has-default-attributes"},"acf":[],"_links":{"self":[{"href":"https:\/\/whitelip.com\/fr\/wp-json\/wp\/v2\/product\/10270","targetHints":{"allow":["GET"]}}],"collection":[{"href":"https:\/\/whitelip.com\/fr\/wp-json\/wp\/v2\/product"}],"about":[{"href":"https:\/\/whitelip.com\/fr\/wp-json\/wp\/v2\/types\/product"}],"replies":[{"embeddable":true,"href":"https:\/\/whitelip.com\/fr\/wp-json\/wp\/v2\/comments?post=10270"}],"wp:featuredmedia":[{"embeddable":true,"href":"https:\/\/whitelip.com\/fr\/wp-json\/wp\/v2\/media\/3355"}],"wp:attachment":[{"href":"https:\/\/whitelip.com\/fr\/wp-json\/wp\/v2\/media?parent=10270"}],"wp:term":[{"taxonomy":"product_brand","embeddable":true,"href":"https:\/\/whitelip.com\/fr\/wp-json\/wp\/v2\/product_brand?post=10270"},{"taxonomy":"product_cat","embeddable":true,"href":"https:\/\/whitelip.com\/fr\/wp-json\/wp\/v2\/product_cat?post=10270"},{"taxonomy":"product_tag","embeddable":true,"href":"https:\/\/whitelip.com\/fr\/wp-json\/wp\/v2\/product_tag?post=10270"},{"taxonomy":"flavours","embeddable":true,"href":"https:\/\/whitelip.com\/fr\/wp-json\/wp\/v2\/flavours?post=10270"},{"taxonomy":"format","embeddable":true,"href":"https:\/\/whitelip.com\/fr\/wp-json\/wp\/v2\/format?post=10270"},{"taxonomy":"nicotine","embeddable":true,"href":"https:\/\/whitelip.com\/fr\/wp-json\/wp\/v2\/nicotine?post=10270"}],"curies":[{"name":"wp","href":"https:\/\/api.w.org\/{rel}","templated":true}]}}