{"id":10235,"date":"2025-04-02T12:06:04","date_gmt":"2025-04-02T12:06:04","guid":{"rendered":"https:\/\/whitelip.com\/shogun-gualove\/"},"modified":"2026-03-10T09:29:02","modified_gmt":"2026-03-10T09:29:02","slug":"shogun-gualove","status":"publish","type":"product","link":"https:\/\/whitelip.com\/fr\/shogun\/shogun-gualove\/","title":{"rendered":"SHOGUN Gualove"},"content":{"rendered":"<h2><strong>SHOGUN Gualove<\/strong><\/h2>\n<div class=\"x_elementToProof\" data-ogsc=\"rgb(0, 0, 0)\" data-olk-copy-source=\"MessageBody\">Voici Gualove, le sachet de nicotine qui apporte de pures vibrations tropicales ! Avec la douceur juteuse de la goyave m\u00fbre et une touche de fra\u00eecheur rafra\u00eechissante, c'est comme une brise tropicale dans un sachet. Con\u00e7u dans un format mince et humide de 0,6 g, il offre une exp\u00e9rience douce et savoureuse. Avec 10 mg\/g de nicotine (6 mg par sachet), c'est l'\u00e9quilibre parfait entre saveur et dynamisme. Si vous aimez les saveurs fruit\u00e9es avec une touche de fra\u00eecheur, Gualove est votre nouveau choix.<\/div>\n<table>\n<tbody>\n<tr>\n<td><b>Attribut<\/b><\/td>\n<td><b>D\u00e9tails<\/b><\/td>\n<\/tr>\n<tr>\n<td><b>Contenu par bo\u00eete<\/b><\/td>\n<td>15g\/g (20 sachets)<\/td>\n<\/tr>\n<tr>\n<td><b>Teneur en nicotine<\/b><\/td>\n<td>10 mg\/g (6 mg par sachet)<\/td>\n<\/tr>\n<tr>\n<td><b>Format de la pochette<\/b><\/td>\n<td>Mince<\/td>\n<\/tr>\n<tr>\n<td><b>Producteur<\/b><\/td>\n<td>Wizax Sp. z o.o<\/td>\n<\/tr>\n<tr>\n<td><b>Saveur<\/b><\/td>\n<td>Goyave<\/td>\n<\/tr>\n<tr>\n<td><b>Taper<\/b><\/td>\n<td>Pochette de nicotine<\/td>\n<\/tr>\n<\/tbody>\n<\/table>","protected":false},"excerpt":{"rendered":"<p>Les sachets de nicotine Gualove offrent un go\u00fbt juteux et tropical. <strong data-start=\"51\" data-end=\"60\">Goyave<\/strong> avec une touche de fra\u00eecheur. <strong data-start=\"101\" data-end=\"109\">Mince<\/strong>, Le format humide de 0,6 g permet une utilisation douce et savoureuse. Chaque sachet contient <strong data-start=\"177\" data-end=\"194\">6 mg de nicotine<\/strong> (10 mg\/g). Un choix \u00e9quilibr\u00e9 pour les amateurs de fruits.<\/p>","protected":false},"featured_media":10236,"comment_status":"open","ping_status":"closed","template":"","format":[206],"meta":{"_acf_changed":false},"product_brand":[],"product_cat":[105],"product_tag":[16559],"flavours":[196,199],"nicotine":[207,236],"class_list":{"0":"post-10235","1":"product","2":"type-product","3":"status-publish","4":"has-post-thumbnail","6":"product_cat-shogun","7":"product_tag-6-mg-pouch","8":"pa_quantity-1-pack","9":"pa_quantity-10-pack","10":"pa_quantity-3-pack","11":"pa_quantity-30-pack","12":"pa_quantity-5-pack","13":"pa_quantity-60-pack","14":"flavours-fruits-berries","15":"flavours-mint","16":"format-slim","17":"nicotine-10-mg-g","18":"nicotine-strong","20":"first","21":"outofstock","22":"taxable","23":"shipping-taxable","24":"purchasable","25":"product-type-variable","26":"has-default-attributes"},"acf":[],"_links":{"self":[{"href":"https:\/\/whitelip.com\/fr\/wp-json\/wp\/v2\/product\/10235","targetHints":{"allow":["GET"]}}],"collection":[{"href":"https:\/\/whitelip.com\/fr\/wp-json\/wp\/v2\/product"}],"about":[{"href":"https:\/\/whitelip.com\/fr\/wp-json\/wp\/v2\/types\/product"}],"replies":[{"embeddable":true,"href":"https:\/\/whitelip.com\/fr\/wp-json\/wp\/v2\/comments?post=10235"}],"wp:featuredmedia":[{"embeddable":true,"href":"https:\/\/whitelip.com\/fr\/wp-json\/wp\/v2\/media\/10236"}],"wp:attachment":[{"href":"https:\/\/whitelip.com\/fr\/wp-json\/wp\/v2\/media?parent=10235"}],"wp:term":[{"taxonomy":"product_brand","embeddable":true,"href":"https:\/\/whitelip.com\/fr\/wp-json\/wp\/v2\/product_brand?post=10235"},{"taxonomy":"product_cat","embeddable":true,"href":"https:\/\/whitelip.com\/fr\/wp-json\/wp\/v2\/product_cat?post=10235"},{"taxonomy":"product_tag","embeddable":true,"href":"https:\/\/whitelip.com\/fr\/wp-json\/wp\/v2\/product_tag?post=10235"},{"taxonomy":"flavours","embeddable":true,"href":"https:\/\/whitelip.com\/fr\/wp-json\/wp\/v2\/flavours?post=10235"},{"taxonomy":"format","embeddable":true,"href":"https:\/\/whitelip.com\/fr\/wp-json\/wp\/v2\/format?post=10235"},{"taxonomy":"nicotine","embeddable":true,"href":"https:\/\/whitelip.com\/fr\/wp-json\/wp\/v2\/nicotine?post=10235"}],"curies":[{"name":"wp","href":"https:\/\/api.w.org\/{rel}","templated":true}]}}