{"id":10220,"date":"2025-03-31T11:40:11","date_gmt":"2025-03-31T11:40:11","guid":{"rendered":"https:\/\/whitelip.com\/iceberg-watermelon-mint-gum-medium\/"},"modified":"2026-04-15T03:02:23","modified_gmt":"2026-04-15T03:02:23","slug":"iceberg-watermelon-mint-gum-medium","status":"publish","type":"product","link":"https:\/\/whitelip.com\/fr\/iceberg\/iceberg-watermelon-mint-gum-medium\/","title":{"rendered":"ICEBERG Past\u00e8que Menthe Gomme moyenne"},"content":{"rendered":"<h2><strong>ICEBERG Past\u00e8que Menthe Gomme moyenne<\/strong><\/h2>\n<p class=\"\" data-start=\"94\" data-end=\"749\">Les sachets de nicotine de taille moyenne ICEBERG Watermelon Mint Gum combinent la douceur juteuse de la past\u00e8que avec la fra\u00eecheur de la menthe et une touche de bubblegum, cr\u00e9ant ainsi un profil de saveur rafra\u00eechissant et ludique. Avec un taux de nicotine de 20 mg par gramme, soit environ 12 mg par sachet, ces sachets de format fin sont id\u00e9aux pour les utilisateurs exp\u00e9riment\u00e9s qui recherchent une exp\u00e9rience nicotinique savoureuse mais \u00e9quilibr\u00e9e. Con\u00e7us pour \u00eatre utilis\u00e9s discr\u00e8tement sous la l\u00e8vre sans tacher les dents, ils sont parfaits pour une consommation nomade. Fabriqu\u00e9s par Neoptolem, un fabricant polonais connu pour allier techniques modernes et qualit\u00e9 traditionnelle, ces sachets sans tabac offrent un coup de fouet doux avec un c\u00f4t\u00e9 amusant et fruit\u00e9.<\/p>\n<table>\n<tbody>\n<tr>\n<td><b>Attribut<\/b><\/td>\n<td><b>D\u00e9tails<\/b><\/td>\n<\/tr>\n<tr>\n<td><b>Contenu par bo\u00eete<\/b><\/td>\n<td><span style=\"font-weight: 400;\">12g (20 sachets)<\/span><\/td>\n<\/tr>\n<tr>\n<td><b>Teneur en nicotine<\/b><\/td>\n<td><span style=\"font-weight: 400;\">20 mg\/g (12 mg par sachet)<\/span><\/td>\n<\/tr>\n<tr>\n<td><b>Format de la pochette<\/b><\/td>\n<td><span style=\"font-weight: 400;\">Mince<\/span><\/td>\n<\/tr>\n<tr>\n<td><b>Producteur<\/b><\/td>\n<td><span style=\"font-weight: 400;\">N\u00e9optol\u00e8me<\/span><\/td>\n<\/tr>\n<tr>\n<td><b>Saveur<\/b><\/td>\n<td>Past\u00e8que, menthe<\/td>\n<\/tr>\n<tr>\n<td><b>Taper<\/b><\/td>\n<td><span style=\"font-weight: 400;\">Pochette toute blanche<\/span><\/td>\n<\/tr>\n<\/tbody>\n<\/table>\n<p>\u00a0<\/p>","protected":false},"excerpt":{"rendered":"<p>ICEBERG Gomme \u00e0 la past\u00e8que et \u00e0 la menthe : <strong data-start=\"29\" data-end=\"77\">past\u00e8que juteuse, menthe fra\u00eeche, bubblegum twist<\/strong> pour un profil rafra\u00eechissant et ludique. <strong data-start=\"113\" data-end=\"121\">Mince<\/strong> Les sachets enti\u00e8rement blancs se placent discr\u00e8tement sous la l\u00e8vre sans la tacher. <strong data-start=\"187\" data-end=\"197\">Moyen<\/strong> \u00e0 20 mg\/g ; chaque sachet contient ~12 mg de nicotine. Sans tabac et id\u00e9al pour une utilisation nomade. Produit par Neoptolem en Pologne.<\/p>","protected":false},"featured_media":10221,"comment_status":"open","ping_status":"closed","template":"","format":[206],"meta":{"_acf_changed":false},"product_brand":[],"product_cat":[50],"product_tag":[16561],"flavours":[196,199],"nicotine":[218,232],"class_list":{"0":"post-10220","1":"product","2":"type-product","3":"status-publish","4":"has-post-thumbnail","6":"product_cat-iceberg","7":"product_tag-12-mg-pouch","8":"pa_quantity-1-pack","9":"pa_quantity-10-pack","10":"pa_quantity-3-pack","11":"pa_quantity-30-pack","12":"pa_quantity-5-pack","13":"pa_quantity-60-pack","14":"flavours-fruits-berries","15":"flavours-mint","16":"format-slim","17":"nicotine-20-mg-g","18":"nicotine-extra-strong","20":"first","21":"instock","22":"taxable","23":"shipping-taxable","24":"purchasable","25":"product-type-variable","26":"has-default-attributes"},"acf":[],"_links":{"self":[{"href":"https:\/\/whitelip.com\/fr\/wp-json\/wp\/v2\/product\/10220","targetHints":{"allow":["GET"]}}],"collection":[{"href":"https:\/\/whitelip.com\/fr\/wp-json\/wp\/v2\/product"}],"about":[{"href":"https:\/\/whitelip.com\/fr\/wp-json\/wp\/v2\/types\/product"}],"replies":[{"embeddable":true,"href":"https:\/\/whitelip.com\/fr\/wp-json\/wp\/v2\/comments?post=10220"}],"wp:featuredmedia":[{"embeddable":true,"href":"https:\/\/whitelip.com\/fr\/wp-json\/wp\/v2\/media\/10221"}],"wp:attachment":[{"href":"https:\/\/whitelip.com\/fr\/wp-json\/wp\/v2\/media?parent=10220"}],"wp:term":[{"taxonomy":"product_brand","embeddable":true,"href":"https:\/\/whitelip.com\/fr\/wp-json\/wp\/v2\/product_brand?post=10220"},{"taxonomy":"product_cat","embeddable":true,"href":"https:\/\/whitelip.com\/fr\/wp-json\/wp\/v2\/product_cat?post=10220"},{"taxonomy":"product_tag","embeddable":true,"href":"https:\/\/whitelip.com\/fr\/wp-json\/wp\/v2\/product_tag?post=10220"},{"taxonomy":"flavours","embeddable":true,"href":"https:\/\/whitelip.com\/fr\/wp-json\/wp\/v2\/flavours?post=10220"},{"taxonomy":"format","embeddable":true,"href":"https:\/\/whitelip.com\/fr\/wp-json\/wp\/v2\/format?post=10220"},{"taxonomy":"nicotine","embeddable":true,"href":"https:\/\/whitelip.com\/fr\/wp-json\/wp\/v2\/nicotine?post=10220"}],"curies":[{"name":"wp","href":"https:\/\/api.w.org\/{rel}","templated":true}]}}