{"id":10215,"date":"2025-03-31T11:32:48","date_gmt":"2025-03-31T11:32:48","guid":{"rendered":"https:\/\/whitelip.com\/iceberg-strawberry-mango-gum-extreme\/"},"modified":"2026-04-29T10:11:15","modified_gmt":"2026-04-29T10:11:15","slug":"iceberg-strawberry-mango-gum-extreme","status":"publish","type":"product","link":"https:\/\/whitelip.com\/fr\/iceberg\/iceberg-strawberry-mango-gum-extreme\/","title":{"rendered":"ICEBERG Gomme Fraise Mangue Extr\u00eame"},"content":{"rendered":"<h2><strong>ICEBERG Gomme Fraise Mangue Extr\u00eame<\/strong><\/h2>\n<p class=\"\" data-start=\"95\" data-end=\"773\">Les sachets de nicotine ICEBERG Strawberry Mango Gum Extreme m\u00e9langent la douceur juteuse des fraises m\u00fbres avec la mangue tropicale et une touche nostalgique de bubblegum, cr\u00e9ant une explosion de saveur vibrante et semblable \u00e0 celle d'un bonbon. Chaque sachet de format fin contient 50 mg de nicotine par gramme, soit environ 35 mg par sachet, ce qui est parfait pour les utilisateurs exp\u00e9riment\u00e9s \u00e0 la recherche d'un hit de nicotine puissant et savoureux. Con\u00e7us pour \u00eatre utilis\u00e9s discr\u00e8tement sous la l\u00e8vre sans tacher les dents, ils sont id\u00e9aux pour les moments de satisfaction en d\u00e9placement. Fabriqu\u00e9s par Neoptolem, un fabricant polonais r\u00e9put\u00e9 pour allier innovation moderne et qualit\u00e9 traditionnelle, ces sachets sans tabac offrent une puissance extr\u00eame avec une touche ludique et fruit\u00e9e.<\/p>\n<table>\n<tbody>\n<tr>\n<td><b>Attribut<\/b><\/td>\n<td><b>D\u00e9tails<\/b><\/td>\n<\/tr>\n<tr>\n<td><b>Contenu par bo\u00eete<\/b><\/td>\n<td><span style=\"font-weight: 400;\">13g (20 sachets)<\/span><\/td>\n<\/tr>\n<tr>\n<td><b>Teneur en nicotine<\/b><\/td>\n<td><span style=\"font-weight: 400;\">50 mg\/g (35 mg par sachet)<\/span><\/td>\n<\/tr>\n<tr>\n<td><b>Format de la pochette<\/b><\/td>\n<td><span style=\"font-weight: 400;\">Mince<\/span><\/td>\n<\/tr>\n<tr>\n<td><b>Producteur<\/b><\/td>\n<td><span style=\"font-weight: 400;\">N\u00e9optol\u00e8me<\/span><\/td>\n<\/tr>\n<tr>\n<td><b>Saveur<\/b><\/td>\n<td>Chewing-gum \u00e0 la fraise et \u00e0 la mangue<\/td>\n<\/tr>\n<tr>\n<td><b>Taper<\/b><\/td>\n<td><span style=\"font-weight: 400;\">Pochette toute blanche<\/span><\/td>\n<\/tr>\n<\/tbody>\n<\/table>\n<p>\u00a0<\/p>","protected":false},"excerpt":{"rendered":"<p>ICEBERG Gomme \u00e0 la fraise et \u00e0 la mangue : <strong data-start=\"30\" data-end=\"82\">fraise m\u00fbre, mangue tropicale, bubblegum twist<\/strong> pour un profil vibrant, semblable \u00e0 celui d'un bonbon. <strong data-start=\"118\" data-end=\"126\">Mince<\/strong> Les sachets enti\u00e8rement blancs se placent discr\u00e8tement sous la l\u00e8vre sans faire de taches. Extr\u00eamement puissant \u00e0 50 mg\/g ; chaque sachet contient ~<strong>35 mg de nicotine<\/strong>. Sans tabac et id\u00e9al pour une satisfaction puissante en d\u00e9placement. Produit par Neoptolem en Pologne.<\/p>","protected":false},"featured_media":10216,"comment_status":"open","ping_status":"closed","template":"","format":[206],"meta":{"_acf_changed":false},"product_brand":[],"product_cat":[50],"product_tag":[16603],"flavours":[196],"nicotine":[226,233],"class_list":{"0":"post-10215","1":"product","2":"type-product","3":"status-publish","4":"has-post-thumbnail","6":"product_cat-iceberg","7":"product_tag-35-mg-pouch","8":"pa_quantity-1-pack","9":"pa_quantity-10-pack","10":"pa_quantity-3-pack","11":"pa_quantity-30-pack","12":"pa_quantity-5-pack","13":"pa_quantity-60-pack","14":"flavours-fruits-berries","15":"format-slim","16":"nicotine-50-mg-g","17":"nicotine-extreme","19":"first","20":"instock","21":"taxable","22":"shipping-taxable","23":"purchasable","24":"product-type-variable","25":"has-default-attributes"},"acf":[],"_links":{"self":[{"href":"https:\/\/whitelip.com\/fr\/wp-json\/wp\/v2\/product\/10215","targetHints":{"allow":["GET"]}}],"collection":[{"href":"https:\/\/whitelip.com\/fr\/wp-json\/wp\/v2\/product"}],"about":[{"href":"https:\/\/whitelip.com\/fr\/wp-json\/wp\/v2\/types\/product"}],"replies":[{"embeddable":true,"href":"https:\/\/whitelip.com\/fr\/wp-json\/wp\/v2\/comments?post=10215"}],"wp:featuredmedia":[{"embeddable":true,"href":"https:\/\/whitelip.com\/fr\/wp-json\/wp\/v2\/media\/10216"}],"wp:attachment":[{"href":"https:\/\/whitelip.com\/fr\/wp-json\/wp\/v2\/media?parent=10215"}],"wp:term":[{"taxonomy":"product_brand","embeddable":true,"href":"https:\/\/whitelip.com\/fr\/wp-json\/wp\/v2\/product_brand?post=10215"},{"taxonomy":"product_cat","embeddable":true,"href":"https:\/\/whitelip.com\/fr\/wp-json\/wp\/v2\/product_cat?post=10215"},{"taxonomy":"product_tag","embeddable":true,"href":"https:\/\/whitelip.com\/fr\/wp-json\/wp\/v2\/product_tag?post=10215"},{"taxonomy":"flavours","embeddable":true,"href":"https:\/\/whitelip.com\/fr\/wp-json\/wp\/v2\/flavours?post=10215"},{"taxonomy":"format","embeddable":true,"href":"https:\/\/whitelip.com\/fr\/wp-json\/wp\/v2\/format?post=10215"},{"taxonomy":"nicotine","embeddable":true,"href":"https:\/\/whitelip.com\/fr\/wp-json\/wp\/v2\/nicotine?post=10215"}],"curies":[{"name":"wp","href":"https:\/\/api.w.org\/{rel}","templated":true}]}}