{"id":10200,"date":"2025-03-31T11:25:22","date_gmt":"2025-03-31T11:25:22","guid":{"rendered":"https:\/\/whitelip.com\/iceberg-emerald-extreme\/"},"modified":"2026-05-09T10:11:08","modified_gmt":"2026-05-09T10:11:08","slug":"iceberg-emerald-extreme","status":"publish","type":"product","link":"https:\/\/whitelip.com\/fr\/iceberg\/iceberg-emerald-extreme\/","title":{"rendered":"ICEBERG Emerald Extreme"},"content":{"rendered":"<h2><strong>ICEBERG Emerald Extreme<\/strong><\/h2>\n<p class=\"\" data-start=\"83\" data-end=\"752\">Les sachets de nicotine ICEBERG Emerald Extreme offrent une saveur vive et rafra\u00eechissante avec une essence de menthe fra\u00eeche et des nuances subtiles d'herbes, offrant une exp\u00e9rience propre et revigorante. Chaque sachet de format fin contient 50 mg de nicotine par gramme, soit environ 35 mg par sachet. Il est con\u00e7u pour les utilisateurs exp\u00e9riment\u00e9s qui recherchent un hit de nicotine fort et revitalisant. Con\u00e7us pour une utilisation discr\u00e8te sous la l\u00e8vre sans tacher les dents, ces sachets sont parfaits pour une consommation \u00e0 tout moment et en tout lieu. Fabriqu\u00e9s par Neoptolem, un fabricant polonais connu pour allier l'innovation moderne \u00e0 la qualit\u00e9 traditionnelle, ces sachets sans tabac se distinguent par leur saveur raffin\u00e9e et leur puissance extr\u00eame.<\/p>\n<table>\n<tbody>\n<tr>\n<td><b>Attribut<\/b><\/td>\n<td><b>D\u00e9tails<\/b><\/td>\n<\/tr>\n<tr>\n<td><b>Contenu par bo\u00eete<\/b><\/td>\n<td><span style=\"font-weight: 400;\">13g (20 sachets)<\/span><\/td>\n<\/tr>\n<tr>\n<td><b>Teneur en nicotine<\/b><\/td>\n<td><span style=\"font-weight: 400;\">50 mg\/g (35 mg par sachet)<\/span><\/td>\n<\/tr>\n<tr>\n<td><b>Format de la pochette<\/b><\/td>\n<td><span style=\"font-weight: 400;\">Mince<\/span><\/td>\n<\/tr>\n<tr>\n<td><b>Producteur<\/b><\/td>\n<td><span style=\"font-weight: 400;\">N\u00e9optol\u00e8me<\/span><\/td>\n<\/tr>\n<tr>\n<td><b>Saveur<\/b><\/td>\n<td>Menthe<\/td>\n<\/tr>\n<tr>\n<td><b>Taper<\/b><\/td>\n<td><span style=\"font-weight: 400;\">Pochette toute blanche<\/span><\/td>\n<\/tr>\n<\/tbody>\n<\/table>\n<p>\u00a0<\/p>","protected":false},"excerpt":{"rendered":"<p>ICEBERG \u00c9meraude croustillante,<strong data-start=\"131\" data-end=\"187\"> menthe rafra\u00eechissante <\/strong>avec des notes subtiles d'herbes pour une utilisation propre et efficace. <strong data-start=\"227\" data-end=\"235\">Mince<\/strong> Les p\u00e8res tout blancs s'assoient discr\u00e8tement sous l'eau afin d'obtenir des r\u00e9sultats. La teneur en eau est extr\u00eamement \u00e9lev\u00e9e (50 mg\/g), mais de nombreux produits en contiennent. <strong data-start=\"362\" data-end=\"381\">~35 mg de nicotine<\/strong>. Tobaksfritt. Producerat av Neoptolem i Polen.<\/p>","protected":false},"featured_media":10201,"comment_status":"open","ping_status":"closed","template":"","format":[206],"meta":{"_acf_changed":false},"product_brand":[],"product_cat":[50],"product_tag":[16603],"flavours":[199],"nicotine":[226,233],"class_list":{"0":"post-10200","1":"product","2":"type-product","3":"status-publish","4":"has-post-thumbnail","6":"product_cat-iceberg","7":"product_tag-35-mg-pouch","8":"pa_quantity-1-pack","9":"pa_quantity-10-pack","10":"pa_quantity-3-pack","11":"pa_quantity-30-pack","12":"pa_quantity-5-pack","13":"pa_quantity-60-pack","14":"flavours-mint","15":"format-slim","16":"nicotine-50-mg-g","17":"nicotine-extreme","19":"first","20":"instock","21":"taxable","22":"shipping-taxable","23":"purchasable","24":"product-type-variable","25":"has-default-attributes"},"acf":[],"_links":{"self":[{"href":"https:\/\/whitelip.com\/fr\/wp-json\/wp\/v2\/product\/10200","targetHints":{"allow":["GET"]}}],"collection":[{"href":"https:\/\/whitelip.com\/fr\/wp-json\/wp\/v2\/product"}],"about":[{"href":"https:\/\/whitelip.com\/fr\/wp-json\/wp\/v2\/types\/product"}],"replies":[{"embeddable":true,"href":"https:\/\/whitelip.com\/fr\/wp-json\/wp\/v2\/comments?post=10200"}],"wp:featuredmedia":[{"embeddable":true,"href":"https:\/\/whitelip.com\/fr\/wp-json\/wp\/v2\/media\/10201"}],"wp:attachment":[{"href":"https:\/\/whitelip.com\/fr\/wp-json\/wp\/v2\/media?parent=10200"}],"wp:term":[{"taxonomy":"product_brand","embeddable":true,"href":"https:\/\/whitelip.com\/fr\/wp-json\/wp\/v2\/product_brand?post=10200"},{"taxonomy":"product_cat","embeddable":true,"href":"https:\/\/whitelip.com\/fr\/wp-json\/wp\/v2\/product_cat?post=10200"},{"taxonomy":"product_tag","embeddable":true,"href":"https:\/\/whitelip.com\/fr\/wp-json\/wp\/v2\/product_tag?post=10200"},{"taxonomy":"flavours","embeddable":true,"href":"https:\/\/whitelip.com\/fr\/wp-json\/wp\/v2\/flavours?post=10200"},{"taxonomy":"format","embeddable":true,"href":"https:\/\/whitelip.com\/fr\/wp-json\/wp\/v2\/format?post=10200"},{"taxonomy":"nicotine","embeddable":true,"href":"https:\/\/whitelip.com\/fr\/wp-json\/wp\/v2\/nicotine?post=10200"}],"curies":[{"name":"wp","href":"https:\/\/api.w.org\/{rel}","templated":true}]}}