{"id":10190,"date":"2025-03-31T11:18:20","date_gmt":"2025-03-31T11:18:20","guid":{"rendered":"https:\/\/whitelip.com\/iceberg-crazy-mix-extreme\/"},"modified":"2026-04-29T10:11:15","modified_gmt":"2026-04-29T10:11:15","slug":"iceberg-crazy-mix-extreme","status":"publish","type":"product","link":"https:\/\/whitelip.com\/fr\/iceberg\/iceberg-crazy-mix-extreme\/","title":{"rendered":"ICEBERG Crazy Mix Extrem"},"content":{"rendered":"<h2><strong>ICEBERG Crazy Mix Extreme<\/strong><\/h2>\n<p class=\"\" data-start=\"85\" data-end=\"764\">Les sachets de nicotine ICEBERG Crazy Mix Extreme offrent une fusion sauvage et fruit\u00e9e de saveurs audacieuses, sucr\u00e9es et acidul\u00e9es, cr\u00e9ant une exp\u00e9rience gustative unique et impr\u00e9visible \u00e0 chaque sachet. Chaque sachet de format fin contient 50 mg de nicotine par gramme, soit environ 35 mg par sachet. Il est con\u00e7u pour les utilisateurs exp\u00e9riment\u00e9s \u00e0 la recherche d'un puissant coup de nicotine associ\u00e9 \u00e0 une saveur vibrante de fruits m\u00e9lang\u00e9s. Con\u00e7us pour une utilisation discr\u00e8te sous la l\u00e8vre sans tacher les dents, ils sont parfaits pour une consommation nomade. Fabriqu\u00e9s par Neoptolem, un fabricant polonais connu pour allier innovation moderne et qualit\u00e9 traditionnelle, ces sachets sans tabac repoussent les limites de la saveur tout en offrant une puissance extr\u00eame.<\/p>\n<table>\n<tbody>\n<tr>\n<td><b>Attribut<\/b><\/td>\n<td><b>D\u00e9tails<\/b><\/td>\n<\/tr>\n<tr>\n<td><b>Contenu par bo\u00eete<\/b><\/td>\n<td><span style=\"font-weight: 400;\">13g (20 sachets)<\/span><\/td>\n<\/tr>\n<tr>\n<td><b>Teneur en nicotine<\/b><\/td>\n<td><span style=\"font-weight: 400;\">50 mg\/g (35 mg par sachet)<\/span><\/td>\n<\/tr>\n<tr>\n<td><b>Format de la pochette<\/b><\/td>\n<td><span style=\"font-weight: 400;\">Mince<\/span><\/td>\n<\/tr>\n<tr>\n<td><b>Producteur<\/b><\/td>\n<td><span style=\"font-weight: 400;\">N\u00e9optol\u00e8me<\/span><\/td>\n<\/tr>\n<tr>\n<td><b>Saveur<\/b><\/td>\n<td>Fruits<\/td>\n<\/tr>\n<tr>\n<td><b>Taper<\/b><\/td>\n<td><span style=\"font-weight: 400;\">Pochette toute blanche<\/span><\/td>\n<\/tr>\n<\/tbody>\n<\/table>\n<p>\u00a0<\/p>","protected":false},"excerpt":{"rendered":"<p>ICEBERG Crazy Mix <strong data-start=\"18\" data-end=\"55\">fruits sauvages m\u00e9lang\u00e9s, <\/strong>sucr\u00e9 et acidul\u00e9 pour un go\u00fbt unique et impr\u00e9visible. <strong data-start=\"91\" data-end=\"99\">Mince<\/strong> Les sachets enti\u00e8rement blancs se placent discr\u00e8tement sous la l\u00e8vre sans la tacher. Concentration extr\u00eame 50 mg\/g ; chaque sachet contient <strong data-start=\"211\" data-end=\"230\">~35 mg de nicotine<\/strong>. Sans tabac et id\u00e9al pour une consommation nomade. Produit par Neoptolem en Pologne.<\/p>","protected":false},"featured_media":3339,"comment_status":"open","ping_status":"closed","template":"","format":[206],"meta":{"_acf_changed":false},"product_brand":[],"product_cat":[50],"product_tag":[16603],"flavours":[196],"nicotine":[226,233],"class_list":{"0":"post-10190","1":"product","2":"type-product","3":"status-publish","4":"has-post-thumbnail","6":"product_cat-iceberg","7":"product_tag-35-mg-pouch","8":"pa_quantity-1-pack","9":"pa_quantity-10-pack","10":"pa_quantity-3-pack","11":"pa_quantity-30-pack","12":"pa_quantity-5-pack","13":"pa_quantity-60-pack","14":"flavours-fruits-berries","15":"format-slim","16":"nicotine-50-mg-g","17":"nicotine-extreme","19":"first","20":"instock","21":"taxable","22":"shipping-taxable","23":"purchasable","24":"product-type-variable","25":"has-default-attributes"},"acf":[],"_links":{"self":[{"href":"https:\/\/whitelip.com\/fr\/wp-json\/wp\/v2\/product\/10190","targetHints":{"allow":["GET"]}}],"collection":[{"href":"https:\/\/whitelip.com\/fr\/wp-json\/wp\/v2\/product"}],"about":[{"href":"https:\/\/whitelip.com\/fr\/wp-json\/wp\/v2\/types\/product"}],"replies":[{"embeddable":true,"href":"https:\/\/whitelip.com\/fr\/wp-json\/wp\/v2\/comments?post=10190"}],"wp:featuredmedia":[{"embeddable":true,"href":"https:\/\/whitelip.com\/fr\/wp-json\/wp\/v2\/media\/3339"}],"wp:attachment":[{"href":"https:\/\/whitelip.com\/fr\/wp-json\/wp\/v2\/media?parent=10190"}],"wp:term":[{"taxonomy":"product_brand","embeddable":true,"href":"https:\/\/whitelip.com\/fr\/wp-json\/wp\/v2\/product_brand?post=10190"},{"taxonomy":"product_cat","embeddable":true,"href":"https:\/\/whitelip.com\/fr\/wp-json\/wp\/v2\/product_cat?post=10190"},{"taxonomy":"product_tag","embeddable":true,"href":"https:\/\/whitelip.com\/fr\/wp-json\/wp\/v2\/product_tag?post=10190"},{"taxonomy":"flavours","embeddable":true,"href":"https:\/\/whitelip.com\/fr\/wp-json\/wp\/v2\/flavours?post=10190"},{"taxonomy":"format","embeddable":true,"href":"https:\/\/whitelip.com\/fr\/wp-json\/wp\/v2\/format?post=10190"},{"taxonomy":"nicotine","embeddable":true,"href":"https:\/\/whitelip.com\/fr\/wp-json\/wp\/v2\/nicotine?post=10190"}],"curies":[{"name":"wp","href":"https:\/\/api.w.org\/{rel}","templated":true}]}}