{"id":10175,"date":"2025-03-31T11:08:36","date_gmt":"2025-03-31T11:08:36","guid":{"rendered":"https:\/\/whitelip.com\/iceberg-cocount-extreme\/"},"modified":"2026-04-29T10:11:15","modified_gmt":"2026-04-29T10:11:15","slug":"iceberg-cocount-extreme","status":"publish","type":"product","link":"https:\/\/whitelip.com\/fr\/iceberg\/iceberg-cocount-extreme\/","title":{"rendered":"ICEBERG noix de coco extr\u00eame"},"content":{"rendered":"<h2><strong>ICEBERG noix de coco extr\u00eame<\/strong><\/h2>\n<p class=\"\" data-start=\"83\" data-end=\"760\">Les sachets de nicotine ICEBERG Coconut Extreme offrent un go\u00fbt de noix de coco doux et cr\u00e9meux avec une touche tropicale, offrant une exp\u00e9rience gustative riche et moelleuse. Chaque sachet mince contient 50 mg de nicotine par gramme, soit environ 35 mg par sachet. Ces sachets sont con\u00e7us pour les utilisateurs exp\u00e9riment\u00e9s qui recherchent un puissant effet de nicotine associ\u00e9 \u00e0 une saveur exotique et sucr\u00e9e unique. Con\u00e7us pour une utilisation discr\u00e8te sans tacher les dents, ces sachets sont parfaits pour une consommation nomade. Fabriqu\u00e9s par Neoptolem, un fabricant polonais r\u00e9put\u00e9 pour allier l'innovation moderne \u00e0 la qualit\u00e9 traditionnelle, ces sachets sans tabac offrent une force audacieuse et une saveur inspir\u00e9e des \u00eeles dans une exp\u00e9rience extr\u00eame.<\/p>\n<table>\n<tbody>\n<tr>\n<td><b>Attribut<\/b><\/td>\n<td><b>D\u00e9tails<\/b><\/td>\n<\/tr>\n<tr>\n<td><b>Contenu par bo\u00eete<\/b><\/td>\n<td><span style=\"font-weight: 400;\">13g (20 sachets)<\/span><\/td>\n<\/tr>\n<tr>\n<td><b>Teneur en nicotine<\/b><\/td>\n<td><span style=\"font-weight: 400;\">50 mg\/g (35 mg par sachet)<\/span><\/td>\n<\/tr>\n<tr>\n<td><b>Format de la pochette<\/b><\/td>\n<td><span style=\"font-weight: 400;\">Mince<\/span><\/td>\n<\/tr>\n<tr>\n<td><b>Producteur<\/b><\/td>\n<td><span style=\"font-weight: 400;\">N\u00e9optol\u00e8me<\/span><\/td>\n<\/tr>\n<tr>\n<td><b>Saveur<\/b><\/td>\n<td>Noix de coco<\/td>\n<\/tr>\n<tr>\n<td><b>Taper<\/b><\/td>\n<td><span style=\"font-weight: 400;\">Pochette toute blanche<\/span><\/td>\n<\/tr>\n<\/tbody>\n<\/table>\n<p>\u00a0<\/p>","protected":false},"excerpt":{"rendered":"<p>La noix de coco ICEBERG offre une texture douce et cr\u00e9meuse. <strong data-start=\"42\" data-end=\"53\">noix de coco<\/strong> avec une touche tropicale pour un go\u00fbt riche et moelleux. <strong data-start=\"109\" data-end=\"117\">Mince<\/strong> Les sachets enti\u00e8rement blancs se placent discr\u00e8tement sous la l\u00e8vre sans la tacher. Chaque sachet contient <strong data-start=\"203\" data-end=\"221\">35 mg de nicotine<\/strong>, L'effet est puissant et satisfaisant. Sans tabac. Produit par Neoptolem en Pologne.<\/p>","protected":false},"featured_media":3336,"comment_status":"open","ping_status":"closed","template":"","format":[206],"meta":{"_acf_changed":false},"product_brand":[],"product_cat":[50],"product_tag":[16603],"flavours":[196],"nicotine":[226,233],"class_list":{"0":"post-10175","1":"product","2":"type-product","3":"status-publish","4":"has-post-thumbnail","6":"product_cat-iceberg","7":"product_tag-35-mg-pouch","8":"pa_quantity-1-pack","9":"pa_quantity-10-pack","10":"pa_quantity-3-pack","11":"pa_quantity-30-pack","12":"pa_quantity-5-pack","13":"pa_quantity-60-pack","14":"flavours-fruits-berries","15":"format-slim","16":"nicotine-50-mg-g","17":"nicotine-extreme","19":"first","20":"instock","21":"taxable","22":"shipping-taxable","23":"purchasable","24":"product-type-variable","25":"has-default-attributes"},"acf":[],"_links":{"self":[{"href":"https:\/\/whitelip.com\/fr\/wp-json\/wp\/v2\/product\/10175","targetHints":{"allow":["GET"]}}],"collection":[{"href":"https:\/\/whitelip.com\/fr\/wp-json\/wp\/v2\/product"}],"about":[{"href":"https:\/\/whitelip.com\/fr\/wp-json\/wp\/v2\/types\/product"}],"replies":[{"embeddable":true,"href":"https:\/\/whitelip.com\/fr\/wp-json\/wp\/v2\/comments?post=10175"}],"wp:featuredmedia":[{"embeddable":true,"href":"https:\/\/whitelip.com\/fr\/wp-json\/wp\/v2\/media\/3336"}],"wp:attachment":[{"href":"https:\/\/whitelip.com\/fr\/wp-json\/wp\/v2\/media?parent=10175"}],"wp:term":[{"taxonomy":"product_brand","embeddable":true,"href":"https:\/\/whitelip.com\/fr\/wp-json\/wp\/v2\/product_brand?post=10175"},{"taxonomy":"product_cat","embeddable":true,"href":"https:\/\/whitelip.com\/fr\/wp-json\/wp\/v2\/product_cat?post=10175"},{"taxonomy":"product_tag","embeddable":true,"href":"https:\/\/whitelip.com\/fr\/wp-json\/wp\/v2\/product_tag?post=10175"},{"taxonomy":"flavours","embeddable":true,"href":"https:\/\/whitelip.com\/fr\/wp-json\/wp\/v2\/flavours?post=10175"},{"taxonomy":"format","embeddable":true,"href":"https:\/\/whitelip.com\/fr\/wp-json\/wp\/v2\/format?post=10175"},{"taxonomy":"nicotine","embeddable":true,"href":"https:\/\/whitelip.com\/fr\/wp-json\/wp\/v2\/nicotine?post=10175"}],"curies":[{"name":"wp","href":"https:\/\/api.w.org\/{rel}","templated":true}]}}