{"id":10160,"date":"2025-03-31T11:00:22","date_gmt":"2025-03-31T11:00:22","guid":{"rendered":"https:\/\/whitelip.com\/iceberg-grape-gum-extreme\/"},"modified":"2026-04-14T16:28:35","modified_gmt":"2026-04-14T16:28:35","slug":"iceberg-grape-gum-extreme","status":"publish","type":"product","link":"https:\/\/whitelip.com\/fr\/iceberg\/iceberg-grape-gum-extreme\/","title":{"rendered":"ICEBERG Gomme au raisin Extr\u00eame"},"content":{"rendered":"<h2><strong>ICEBERG Gomme au raisin Extr\u00eame<\/strong><\/h2>\n<p class=\"\" data-start=\"82\" data-end=\"741\">Les sachets de nicotine ICEBERG Grape Gum Extreme offrent une saveur sucr\u00e9e et nostalgique de bubblegum au raisin avec une touche audacieuse de bonbon qui persiste \u00e0 chaque utilisation. Chaque sachet mince contient 50 mg de nicotine par gramme, soit environ 35 mg par sachet, ce qui en fait un choix puissant pour les utilisateurs exp\u00e9riment\u00e9s \u00e0 la recherche d'une exp\u00e9rience nicotinique forte et savoureuse. Con\u00e7us pour \u00eatre utilis\u00e9s discr\u00e8tement sous la l\u00e8vre sans tacher les dents, ils sont parfaits pour une consommation pratique et nomade. Fabriqu\u00e9s par Neoptolem, un fabricant polonais r\u00e9put\u00e9 pour allier innovation moderne et qualit\u00e9 traditionnelle, ces sachets sans tabac se distinguent par leur go\u00fbt unique et leur puissance intense.<\/p>\n<table>\n<tbody>\n<tr>\n<td><b>Attribut<\/b><\/td>\n<td><b>D\u00e9tails<\/b><\/td>\n<\/tr>\n<tr>\n<td><b>Contenu par bo\u00eete<\/b><\/td>\n<td><span style=\"font-weight: 400;\">13g (20 sachets)<\/span><\/td>\n<\/tr>\n<tr>\n<td><b>Teneur en nicotine<\/b><\/td>\n<td><span style=\"font-weight: 400;\">50 mg\/g (35 mg par sachet)<\/span><\/td>\n<\/tr>\n<tr>\n<td><b>Format de la pochette<\/b><\/td>\n<td><span style=\"font-weight: 400;\">Mince<\/span><\/td>\n<\/tr>\n<tr>\n<td><b>Producteur<\/b><\/td>\n<td><span style=\"font-weight: 400;\">N\u00e9optol\u00e8me<\/span><\/td>\n<\/tr>\n<tr>\n<td><b>Saveur<\/b><\/td>\n<td>Gomme de raisin<\/td>\n<\/tr>\n<tr>\n<td><b>Taper<\/b><\/td>\n<td><span style=\"font-weight: 400;\">Pochette toute blanche<\/span><\/td>\n<\/tr>\n<\/tbody>\n<\/table>\n<p>\u00a0<\/p>","protected":false},"excerpt":{"rendered":"<p>La gomme aux raisins ICEBERG offre un go\u00fbt sucr\u00e9 et nostalgique. <strong data-start=\"46\" data-end=\"59\">gomme de raisin<\/strong> avec une touche audacieuse, semblable \u00e0 celle d'un bonbon. <strong data-start=\"98\" data-end=\"106\">Mince<\/strong> Les sachets enti\u00e8rement blancs se placent discr\u00e8tement sous la l\u00e8vre sans la tacher. Chaque sachet contient <strong data-start=\"192\" data-end=\"210\">35 mg de nicotine<\/strong>, Le tabac est un produit de qualit\u00e9, qui offre un effet puissant et savoureux. Sans tabac. Produit par Neoptolem en Pologne.<\/p>","protected":false},"featured_media":10161,"comment_status":"open","ping_status":"closed","template":"","format":[206],"meta":{"_acf_changed":false},"product_brand":[],"product_cat":[50],"product_tag":[16603],"flavours":[196],"nicotine":[226,233],"class_list":{"0":"post-10160","1":"product","2":"type-product","3":"status-publish","4":"has-post-thumbnail","6":"product_cat-iceberg","7":"product_tag-35-mg-pouch","8":"pa_quantity-1-pack","9":"pa_quantity-10-pack","10":"pa_quantity-3-pack","11":"pa_quantity-30-pack","12":"pa_quantity-5-pack","13":"pa_quantity-60-pack","14":"flavours-fruits-berries","15":"format-slim","16":"nicotine-50-mg-g","17":"nicotine-extreme","19":"first","20":"instock","21":"taxable","22":"shipping-taxable","23":"purchasable","24":"product-type-variable","25":"has-default-attributes"},"acf":[],"_links":{"self":[{"href":"https:\/\/whitelip.com\/fr\/wp-json\/wp\/v2\/product\/10160","targetHints":{"allow":["GET"]}}],"collection":[{"href":"https:\/\/whitelip.com\/fr\/wp-json\/wp\/v2\/product"}],"about":[{"href":"https:\/\/whitelip.com\/fr\/wp-json\/wp\/v2\/types\/product"}],"replies":[{"embeddable":true,"href":"https:\/\/whitelip.com\/fr\/wp-json\/wp\/v2\/comments?post=10160"}],"wp:featuredmedia":[{"embeddable":true,"href":"https:\/\/whitelip.com\/fr\/wp-json\/wp\/v2\/media\/10161"}],"wp:attachment":[{"href":"https:\/\/whitelip.com\/fr\/wp-json\/wp\/v2\/media?parent=10160"}],"wp:term":[{"taxonomy":"product_brand","embeddable":true,"href":"https:\/\/whitelip.com\/fr\/wp-json\/wp\/v2\/product_brand?post=10160"},{"taxonomy":"product_cat","embeddable":true,"href":"https:\/\/whitelip.com\/fr\/wp-json\/wp\/v2\/product_cat?post=10160"},{"taxonomy":"product_tag","embeddable":true,"href":"https:\/\/whitelip.com\/fr\/wp-json\/wp\/v2\/product_tag?post=10160"},{"taxonomy":"flavours","embeddable":true,"href":"https:\/\/whitelip.com\/fr\/wp-json\/wp\/v2\/flavours?post=10160"},{"taxonomy":"format","embeddable":true,"href":"https:\/\/whitelip.com\/fr\/wp-json\/wp\/v2\/format?post=10160"},{"taxonomy":"nicotine","embeddable":true,"href":"https:\/\/whitelip.com\/fr\/wp-json\/wp\/v2\/nicotine?post=10160"}],"curies":[{"name":"wp","href":"https:\/\/api.w.org\/{rel}","templated":true}]}}