{"id":10150,"date":"2025-03-31T09:46:12","date_gmt":"2025-03-31T09:46:12","guid":{"rendered":"https:\/\/whitelip.com\/iceberg-black-currant-medium\/"},"modified":"2026-04-13T17:32:59","modified_gmt":"2026-04-13T17:32:59","slug":"iceberg-black-currant-medium","status":"publish","type":"product","link":"https:\/\/whitelip.com\/fr\/iceberg\/iceberg-black-currant-medium\/","title":{"rendered":"ICEBERG Cassis moyen"},"content":{"rendered":"<h2><strong>ICEBERG Cassis moyen<\/strong><\/h2>\n<p class=\"\" data-start=\"85\" data-end=\"743\">Les sachets de nicotine ICEBERG Black Currant Medium offrent une saveur de cassis riche et acidul\u00e9e, avec des notes de baies profondes et une pointe l\u00e9g\u00e8rement acidul\u00e9e pour une exp\u00e9rience rafra\u00eechissante et satisfaisante. Avec un taux de nicotine moyen de 20 mg par gramme, soit environ 12 mg par sachet, ces sachets de format fin sont id\u00e9aux pour les utilisateurs exp\u00e9riment\u00e9s \u00e0 la recherche d'un coup de fouet \u00e9quilibr\u00e9 et savoureux. Con\u00e7us pour une utilisation discr\u00e8te sans tacher les dents, ils sont parfaits pour une consommation quotidienne et nomade. Fabriqu\u00e9s par Neoptolem, un fabricant polonais r\u00e9put\u00e9 pour allier les techniques modernes \u00e0 la qualit\u00e9 traditionnelle, ces sachets sans tabac se distinguent par leur saveur audacieuse et leurs performances constantes.<\/p>\n<table>\n<tbody>\n<tr>\n<td><b>Attribut<\/b><\/td>\n<td><b>D\u00e9tails<\/b><\/td>\n<\/tr>\n<tr>\n<td><b>Contenu par bo\u00eete<\/b><\/td>\n<td><span style=\"font-weight: 400;\">12g (20 sachets)<\/span><\/td>\n<\/tr>\n<tr>\n<td><b>Teneur en nicotine<\/b><\/td>\n<td><span style=\"font-weight: 400;\">20 mg\/g (12 mg par sachet)<\/span><\/td>\n<\/tr>\n<tr>\n<td><b>Format de la pochette<\/b><\/td>\n<td><span style=\"font-weight: 400;\">Mince<\/span><\/td>\n<\/tr>\n<tr>\n<td><b>Producteur<\/b><\/td>\n<td><span style=\"font-weight: 400;\">N\u00e9optol\u00e8me<\/span><\/td>\n<\/tr>\n<tr>\n<td><b>Saveur<\/b><\/td>\n<td>Cassis<\/td>\n<\/tr>\n<tr>\n<td><b>Taper<\/b><\/td>\n<td><span style=\"font-weight: 400;\">Pochette toute blanche<\/span><\/td>\n<\/tr>\n<\/tbody>\n<\/table>","protected":false},"excerpt":{"rendered":"<p>ICEBERG Le cassis offre un go\u00fbt riche et acidul\u00e9. <strong data-start=\"43\" data-end=\"60\">cassis<\/strong> avec des notes de baies profondes et une pointe d'acidit\u00e9. <strong data-start=\"116\" data-end=\"124\">Mince<\/strong> Les sachets enti\u00e8rement blancs se placent discr\u00e8tement sous la l\u00e8vre sans la tacher. Chaque sachet contient <strong data-start=\"210\" data-end=\"228\">12 mg de nicotine<\/strong>, Le tabac est un produit de haute qualit\u00e9, qui procure un effet \u00e9quilibr\u00e9 et satisfaisant. Sans tabac. Produit par Neoptolem en Pologne.<\/p>","protected":false},"featured_media":10151,"comment_status":"open","ping_status":"closed","template":"","format":[206],"meta":{"_acf_changed":false},"product_brand":[],"product_cat":[50],"product_tag":[16561],"flavours":[196],"nicotine":[218,232],"class_list":{"0":"post-10150","1":"product","2":"type-product","3":"status-publish","4":"has-post-thumbnail","6":"product_cat-iceberg","7":"product_tag-12-mg-pouch","8":"pa_quantity-1-pack","9":"pa_quantity-10-pack","10":"pa_quantity-3-pack","11":"pa_quantity-30-pack","12":"pa_quantity-5-pack","13":"pa_quantity-60-pack","14":"flavours-fruits-berries","15":"format-slim","16":"nicotine-20-mg-g","17":"nicotine-extra-strong","19":"first","20":"instock","21":"taxable","22":"shipping-taxable","23":"purchasable","24":"product-type-variable"},"acf":[],"_links":{"self":[{"href":"https:\/\/whitelip.com\/fr\/wp-json\/wp\/v2\/product\/10150","targetHints":{"allow":["GET"]}}],"collection":[{"href":"https:\/\/whitelip.com\/fr\/wp-json\/wp\/v2\/product"}],"about":[{"href":"https:\/\/whitelip.com\/fr\/wp-json\/wp\/v2\/types\/product"}],"replies":[{"embeddable":true,"href":"https:\/\/whitelip.com\/fr\/wp-json\/wp\/v2\/comments?post=10150"}],"wp:featuredmedia":[{"embeddable":true,"href":"https:\/\/whitelip.com\/fr\/wp-json\/wp\/v2\/media\/10151"}],"wp:attachment":[{"href":"https:\/\/whitelip.com\/fr\/wp-json\/wp\/v2\/media?parent=10150"}],"wp:term":[{"taxonomy":"product_brand","embeddable":true,"href":"https:\/\/whitelip.com\/fr\/wp-json\/wp\/v2\/product_brand?post=10150"},{"taxonomy":"product_cat","embeddable":true,"href":"https:\/\/whitelip.com\/fr\/wp-json\/wp\/v2\/product_cat?post=10150"},{"taxonomy":"product_tag","embeddable":true,"href":"https:\/\/whitelip.com\/fr\/wp-json\/wp\/v2\/product_tag?post=10150"},{"taxonomy":"flavours","embeddable":true,"href":"https:\/\/whitelip.com\/fr\/wp-json\/wp\/v2\/flavours?post=10150"},{"taxonomy":"format","embeddable":true,"href":"https:\/\/whitelip.com\/fr\/wp-json\/wp\/v2\/format?post=10150"},{"taxonomy":"nicotine","embeddable":true,"href":"https:\/\/whitelip.com\/fr\/wp-json\/wp\/v2\/nicotine?post=10150"}],"curies":[{"name":"wp","href":"https:\/\/api.w.org\/{rel}","templated":true}]}}