{"id":10135,"date":"2025-03-31T09:36:00","date_gmt":"2025-03-31T09:36:00","guid":{"rendered":"https:\/\/whitelip.com\/iceberg-apple-lemon-pineapple-extreme\/"},"modified":"2026-04-29T10:11:14","modified_gmt":"2026-04-29T10:11:14","slug":"iceberg-apple-lemon-pineapple-extreme","status":"publish","type":"product","link":"https:\/\/whitelip.com\/fr\/iceberg\/iceberg-apple-lemon-pineapple-extreme\/","title":{"rendered":"ICEBERG Pomme Citron Ananas Extr\u00eame"},"content":{"rendered":"<h2><strong>ICEBERG Pomme Citron Ananas Extr\u00eame<\/strong><\/h2>\n<p class=\"\" data-start=\"89\" data-end=\"754\">Les sachets de nicotine ICEBERG Apple Lemon Pineapple Extreme offrent une fusion de fruits audacieuse et exotique, combinant le croquant de la pomme verte, le piquant du citron et la douceur tropicale de l'ananas. Avec une teneur \u00e9lev\u00e9e en nicotine de 50 mg par gramme, soit environ 35 mg par sachet, ces sachets au format fin sont con\u00e7us pour les utilisateurs exp\u00e9riment\u00e9s \u00e0 la recherche d'une exp\u00e9rience puissante et savoureuse. Discr\u00e8tes et confortables sous la l\u00e8vre, elles sont con\u00e7ues pour \u00e9viter de tacher les dents et sont parfaites pour une utilisation \u00e0 tout moment et en tout lieu. Fabriqu\u00e9s par Neoptolem, un fabricant polonais r\u00e9put\u00e9 pour son innovation et sa qualit\u00e9, ces sachets sans tabac repoussent les limites du go\u00fbt et de la puissance.<\/p>\n<table>\n<tbody>\n<tr>\n<td><b>Attribut<\/b><\/td>\n<td><b>D\u00e9tails<\/b><\/td>\n<\/tr>\n<tr>\n<td><b>Contenu par bo\u00eete<\/b><\/td>\n<td><span style=\"font-weight: 400;\">13g (20 sachets)<\/span><\/td>\n<\/tr>\n<tr>\n<td><b>Teneur en nicotine<\/b><\/td>\n<td><span style=\"font-weight: 400;\">50 mg\/g (35 mg par sachet)<\/span><\/td>\n<\/tr>\n<tr>\n<td><b>Format de la pochette<\/b><\/td>\n<td><span style=\"font-weight: 400;\">Mince<\/span><\/td>\n<\/tr>\n<tr>\n<td><b>Producteur<\/b><\/td>\n<td><span style=\"font-weight: 400;\">N\u00e9optol\u00e8me<\/span><\/td>\n<\/tr>\n<tr>\n<td><b>Saveur<\/b><\/td>\n<td><span style=\"font-weight: 400;\">Pomme, citron, ananas<\/span><\/td>\n<\/tr>\n<tr>\n<td><b>Taper<\/b><\/td>\n<td><span style=\"font-weight: 400;\">Pochette toute blanche<\/span><\/td>\n<\/tr>\n<\/tbody>\n<\/table>\n<p>\u00a0<\/p>","protected":false},"excerpt":{"rendered":"<p>ICEBERG Pomme Citron Ananas offre un go\u00fbt audacieux et exotique. <strong data-start=\"54\" data-end=\"79\">pomme citron ananas<\/strong> m\u00e9lange de pomme croquante, de citron piquant et d'ananas tropical. <strong data-start=\"141\" data-end=\"149\">Mince<\/strong> Les sachets enti\u00e8rement blancs se placent discr\u00e8tement sous la l\u00e8vre sans la tacher. Chaque sachet contient <strong data-start=\"235\" data-end=\"253\">35 mg de nicotine<\/strong>, Le tabac est un produit de haute qualit\u00e9, qui procure un effet puissant et savoureux. Sans tabac. Produit par Neoptolem en Pologne.<\/p>","protected":false},"featured_media":10136,"comment_status":"open","ping_status":"closed","template":"","format":[206],"meta":{"_acf_changed":false},"product_brand":[],"product_cat":[50],"product_tag":[16603],"flavours":[196],"nicotine":[226,233],"class_list":{"0":"post-10135","1":"product","2":"type-product","3":"status-publish","4":"has-post-thumbnail","6":"product_cat-iceberg","7":"product_tag-35-mg-pouch","8":"pa_quantity-1-pack","9":"pa_quantity-10-pack","10":"pa_quantity-3-pack","11":"pa_quantity-30-pack","12":"pa_quantity-5-pack","13":"pa_quantity-60-pack","14":"flavours-fruits-berries","15":"format-slim","16":"nicotine-50-mg-g","17":"nicotine-extreme","19":"first","20":"instock","21":"taxable","22":"shipping-taxable","23":"purchasable","24":"product-type-variable","25":"has-default-attributes"},"acf":[],"_links":{"self":[{"href":"https:\/\/whitelip.com\/fr\/wp-json\/wp\/v2\/product\/10135","targetHints":{"allow":["GET"]}}],"collection":[{"href":"https:\/\/whitelip.com\/fr\/wp-json\/wp\/v2\/product"}],"about":[{"href":"https:\/\/whitelip.com\/fr\/wp-json\/wp\/v2\/types\/product"}],"replies":[{"embeddable":true,"href":"https:\/\/whitelip.com\/fr\/wp-json\/wp\/v2\/comments?post=10135"}],"wp:featuredmedia":[{"embeddable":true,"href":"https:\/\/whitelip.com\/fr\/wp-json\/wp\/v2\/media\/10136"}],"wp:attachment":[{"href":"https:\/\/whitelip.com\/fr\/wp-json\/wp\/v2\/media?parent=10135"}],"wp:term":[{"taxonomy":"product_brand","embeddable":true,"href":"https:\/\/whitelip.com\/fr\/wp-json\/wp\/v2\/product_brand?post=10135"},{"taxonomy":"product_cat","embeddable":true,"href":"https:\/\/whitelip.com\/fr\/wp-json\/wp\/v2\/product_cat?post=10135"},{"taxonomy":"product_tag","embeddable":true,"href":"https:\/\/whitelip.com\/fr\/wp-json\/wp\/v2\/product_tag?post=10135"},{"taxonomy":"flavours","embeddable":true,"href":"https:\/\/whitelip.com\/fr\/wp-json\/wp\/v2\/flavours?post=10135"},{"taxonomy":"format","embeddable":true,"href":"https:\/\/whitelip.com\/fr\/wp-json\/wp\/v2\/format?post=10135"},{"taxonomy":"nicotine","embeddable":true,"href":"https:\/\/whitelip.com\/fr\/wp-json\/wp\/v2\/nicotine?post=10135"}],"curies":[{"name":"wp","href":"https:\/\/api.w.org\/{rel}","templated":true}]}}