{"id":10130,"date":"2025-03-31T09:14:02","date_gmt":"2025-03-31T09:14:02","guid":{"rendered":"https:\/\/whitelip.com\/cuba-white-ice-spearmint\/"},"modified":"2026-04-29T10:11:29","modified_gmt":"2026-04-29T10:11:29","slug":"cuba-white-ice-spearmint","status":"publish","type":"product","link":"https:\/\/whitelip.com\/fr\/cuba\/cuba-white-ice-spearmint\/","title":{"rendered":"CUBA White Ice Menthe verte"},"content":{"rendered":"<h2><strong>CUBA White Ice Menthe verte<\/strong><\/h2>\n<p class=\"\" data-start=\"82\" data-end=\"712\">Les sachets de nicotine CUBA White Ice Spearmint offrent un go\u00fbt de menthe verte vif et vivifiant avec un fini glac\u00e9 et rafra\u00eechissant, offrant une exp\u00e9rience gustative fra\u00eeche et durable. Chaque sachet fin, enti\u00e8rement blanc, contient 16 mg de nicotine, ce qui donne un coup de fouet puissant et satisfaisant pour les utilisateurs exp\u00e9riment\u00e9s. Con\u00e7us pour une utilisation discr\u00e8te et confortable sous la l\u00e8vre, ces sachets ne tacheront pas les dents et sont id\u00e9aux pour une utilisation en d\u00e9placement. Ces sachets sans tabac se distinguent par leur qualit\u00e9 sup\u00e9rieure et leur go\u00fbt rafra\u00eechissant.<\/p>\n<table>\n<tbody>\n<tr>\n<td><b>Attribut<\/b><\/td>\n<td><b>D\u00e9tails<\/b><\/td>\n<\/tr>\n<tr>\n<td><b>Contenu par bo\u00eete<\/b><\/td>\n<td><span style=\"font-weight: 400;\">13g (20 sachets)<\/span><\/td>\n<\/tr>\n<tr>\n<td><b>Teneur en nicotine<\/b><\/td>\n<td><span style=\"font-weight: 400;\">16 mg\/g (16 mg par sachet)<\/span><\/td>\n<\/tr>\n<tr>\n<td><b>Format de la pochette<\/b><\/td>\n<td><span style=\"font-weight: 400;\">Mince<\/span><\/td>\n<\/tr>\n<tr>\n<td><b>Producteur<\/b><\/td>\n<td><span style=\"font-weight: 400;\">CUBA<\/span><\/td>\n<\/tr>\n<tr>\n<td><b>Saveur<\/b><\/td>\n<td><span style=\"font-weight: 400;\">Menthe verte<\/span><\/td>\n<\/tr>\n<tr>\n<td><b>Taper<\/b><\/td>\n<td><span style=\"font-weight: 400;\">Pochette toute blanche<\/span><\/td>\n<\/tr>\n<\/tbody>\n<\/table>","protected":false},"excerpt":{"rendered":"<p>Frais, vivifiant <strong data-start=\"20\" data-end=\"52\">menthe verte <\/strong>avec un fini glac\u00e9 pour un go\u00fbt frais et durable. Les <strong data-start=\"90\" data-end=\"109\">mince, <\/strong>Les sachets enti\u00e8rement blancs se placent discr\u00e8tement et confortablement sous la l\u00e8vre pour une utilisation propre et mobile. Chaque sachet contient <strong data-start=\"209\" data-end=\"237\">16 mg de nicotine par sachet<\/strong>, CUBA est une gamme de produits de qualit\u00e9 sup\u00e9rieure, sans tabac, qui donne un coup de fouet puissant et satisfaisant.<\/p>","protected":false},"featured_media":10131,"comment_status":"open","ping_status":"closed","template":"","format":[206],"meta":{"_acf_changed":false},"product_brand":[],"product_cat":[46],"product_tag":[16569],"flavours":[199],"nicotine":[213,232],"class_list":{"0":"post-10130","1":"product","2":"type-product","3":"status-publish","4":"has-post-thumbnail","6":"product_cat-cuba","7":"product_tag-16-mg-pouch","8":"pa_quantity-1-pack","9":"pa_quantity-10-pack","10":"pa_quantity-3-pack","11":"pa_quantity-30-pack","12":"pa_quantity-5-pack","13":"pa_quantity-60-pack","14":"flavours-mint","15":"format-slim","16":"nicotine-16-mg-g","17":"nicotine-extra-strong","19":"first","20":"outofstock","21":"taxable","22":"shipping-taxable","23":"purchasable","24":"product-type-variable","25":"has-default-attributes"},"acf":[],"_links":{"self":[{"href":"https:\/\/whitelip.com\/fr\/wp-json\/wp\/v2\/product\/10130","targetHints":{"allow":["GET"]}}],"collection":[{"href":"https:\/\/whitelip.com\/fr\/wp-json\/wp\/v2\/product"}],"about":[{"href":"https:\/\/whitelip.com\/fr\/wp-json\/wp\/v2\/types\/product"}],"replies":[{"embeddable":true,"href":"https:\/\/whitelip.com\/fr\/wp-json\/wp\/v2\/comments?post=10130"}],"wp:featuredmedia":[{"embeddable":true,"href":"https:\/\/whitelip.com\/fr\/wp-json\/wp\/v2\/media\/10131"}],"wp:attachment":[{"href":"https:\/\/whitelip.com\/fr\/wp-json\/wp\/v2\/media?parent=10130"}],"wp:term":[{"taxonomy":"product_brand","embeddable":true,"href":"https:\/\/whitelip.com\/fr\/wp-json\/wp\/v2\/product_brand?post=10130"},{"taxonomy":"product_cat","embeddable":true,"href":"https:\/\/whitelip.com\/fr\/wp-json\/wp\/v2\/product_cat?post=10130"},{"taxonomy":"product_tag","embeddable":true,"href":"https:\/\/whitelip.com\/fr\/wp-json\/wp\/v2\/product_tag?post=10130"},{"taxonomy":"flavours","embeddable":true,"href":"https:\/\/whitelip.com\/fr\/wp-json\/wp\/v2\/flavours?post=10130"},{"taxonomy":"format","embeddable":true,"href":"https:\/\/whitelip.com\/fr\/wp-json\/wp\/v2\/format?post=10130"},{"taxonomy":"nicotine","embeddable":true,"href":"https:\/\/whitelip.com\/fr\/wp-json\/wp\/v2\/nicotine?post=10130"}],"curies":[{"name":"wp","href":"https:\/\/api.w.org\/{rel}","templated":true}]}}