{"id":10125,"date":"2025-03-31T09:08:55","date_gmt":"2025-03-31T09:08:55","guid":{"rendered":"https:\/\/whitelip.com\/77-ghost-original-mini\/"},"modified":"2026-04-22T10:11:52","modified_gmt":"2026-04-22T10:11:52","slug":"77-ghost-original-mini","status":"publish","type":"product","link":"https:\/\/whitelip.com\/fr\/77\/77-ghost-original-mini\/","title":{"rendered":"77 Ghost Original Mini"},"content":{"rendered":"<h2><strong>77 Ghost Original Mini<\/strong><\/h2>\n<p class=\"\" data-start=\"62\" data-end=\"607\">77 Ghost Original Mini sachets de nicotine offrent une saveur audacieuse et puissante avec un m\u00e9lange unique de menthe intense et rafra\u00eechissante et de douceur subtile. Chaque mini-pochette enti\u00e8rement blanche contient 20 mg de nicotine, offrant une exp\u00e9rience forte et satisfaisante adapt\u00e9e aux utilisateurs chevronn\u00e9s. Le design discret assure une tenue confortable sous la l\u00e8vre, permettant une utilisation facile sans risque de tacher les dents. Fabriqu\u00e9s par le Groupe 77, ces sachets sans tabac r\u00e9pondent \u00e0 des normes de haute qualit\u00e9, offrant \u00e0 la fois une saveur intense et une exp\u00e9rience propre et pratique.<\/p>\n<table>\n<tbody>\n<tr>\n<td><b>Attribut<\/b><\/td>\n<td><b>D\u00e9tails<\/b><\/td>\n<\/tr>\n<tr>\n<td><b>Contenu par bo\u00eete<\/b><\/td>\n<td><span style=\"font-weight: 400;\">13g (24 sachets)<\/span><\/td>\n<\/tr>\n<tr>\n<td><b>Teneur en nicotine<\/b><\/td>\n<td><span style=\"font-weight: 400;\">40 mg\/g (20 mg par sachet)<\/span><\/td>\n<\/tr>\n<tr>\n<td><b>Format de la pochette<\/b><\/td>\n<td><span style=\"font-weight: 400;\">Mini<\/span><\/td>\n<\/tr>\n<tr>\n<td><b>Producteur<\/b><\/td>\n<td><span style=\"font-weight: 400;\">77 Groupe<\/span><\/td>\n<\/tr>\n<tr>\n<td><b>Saveur<\/b><\/td>\n<td><span style=\"font-weight: 400;\">Menthe<\/span><\/td>\n<\/tr>\n<tr>\n<td><b>Taper<\/b><\/td>\n<td><span style=\"font-weight: 400;\">Pochette toute blanche<\/span><\/td>\n<\/tr>\n<\/tbody>\n<\/table>","protected":false},"excerpt":{"rendered":"<p>Audacieux, rafra\u00eechissant <strong data-start=\"17\" data-end=\"25\">menthe<\/strong> avec une touche de douceur. Les <strong data-start=\"57\" data-end=\"76\">mini, <\/strong>Les sachets enti\u00e8rement blancs se placent discr\u00e8tement et confortablement sous la l\u00e8vre pour une utilisation propre et sans tache. Chaque sachet contient <strong data-start=\"177\" data-end=\"195\">20 mg de nicotine<\/strong>, Les utilisateurs chevronn\u00e9s peuvent ainsi b\u00e9n\u00e9ficier d'un coup de fouet puissant et satisfaisant.<\/p>","protected":false},"featured_media":10126,"comment_status":"open","ping_status":"closed","template":"","format":[205],"meta":{"_acf_changed":false},"product_brand":[],"product_cat":[23],"product_tag":[16545],"flavours":[199],"nicotine":[225,233],"class_list":{"0":"post-10125","1":"product","2":"type-product","3":"status-publish","4":"has-post-thumbnail","6":"product_cat-23","7":"product_tag-20-mg-pouch","8":"pa_quantity-1-pack","9":"pa_quantity-10-pack","10":"pa_quantity-3-pack","11":"pa_quantity-30-pack","12":"pa_quantity-5-pack","13":"pa_quantity-60-pack","14":"flavours-mint","15":"format-mini","16":"nicotine-40-mg-g","17":"nicotine-extreme","19":"first","20":"instock","21":"taxable","22":"shipping-taxable","23":"purchasable","24":"product-type-variable","25":"has-default-attributes"},"acf":[],"_links":{"self":[{"href":"https:\/\/whitelip.com\/fr\/wp-json\/wp\/v2\/product\/10125","targetHints":{"allow":["GET"]}}],"collection":[{"href":"https:\/\/whitelip.com\/fr\/wp-json\/wp\/v2\/product"}],"about":[{"href":"https:\/\/whitelip.com\/fr\/wp-json\/wp\/v2\/types\/product"}],"replies":[{"embeddable":true,"href":"https:\/\/whitelip.com\/fr\/wp-json\/wp\/v2\/comments?post=10125"}],"wp:featuredmedia":[{"embeddable":true,"href":"https:\/\/whitelip.com\/fr\/wp-json\/wp\/v2\/media\/10126"}],"wp:attachment":[{"href":"https:\/\/whitelip.com\/fr\/wp-json\/wp\/v2\/media?parent=10125"}],"wp:term":[{"taxonomy":"product_brand","embeddable":true,"href":"https:\/\/whitelip.com\/fr\/wp-json\/wp\/v2\/product_brand?post=10125"},{"taxonomy":"product_cat","embeddable":true,"href":"https:\/\/whitelip.com\/fr\/wp-json\/wp\/v2\/product_cat?post=10125"},{"taxonomy":"product_tag","embeddable":true,"href":"https:\/\/whitelip.com\/fr\/wp-json\/wp\/v2\/product_tag?post=10125"},{"taxonomy":"flavours","embeddable":true,"href":"https:\/\/whitelip.com\/fr\/wp-json\/wp\/v2\/flavours?post=10125"},{"taxonomy":"format","embeddable":true,"href":"https:\/\/whitelip.com\/fr\/wp-json\/wp\/v2\/format?post=10125"},{"taxonomy":"nicotine","embeddable":true,"href":"https:\/\/whitelip.com\/fr\/wp-json\/wp\/v2\/nicotine?post=10125"}],"curies":[{"name":"wp","href":"https:\/\/api.w.org\/{rel}","templated":true}]}}