{"id":10120,"date":"2025-03-31T09:06:14","date_gmt":"2025-03-31T09:06:14","guid":{"rendered":"https:\/\/whitelip.com\/77-blueberry-ice-medium\/"},"modified":"2026-04-29T16:15:04","modified_gmt":"2026-04-29T16:15:04","slug":"77-blueberry-ice-medium","status":"publish","type":"product","link":"https:\/\/whitelip.com\/fr\/77\/77-blueberry-ice-medium\/","title":{"rendered":"77 Glace aux myrtilles moyenne"},"content":{"rendered":"<h2><strong>77 Glace aux myrtilles moyenne<\/strong><\/h2>\n<p class=\"\" data-start=\"76\" data-end=\"609\">77 Blueberry Ice Medium nicotine pouchs d\u00e9livrent une saveur juteuse et naturelle de myrtille, capturant l'essence sucr\u00e9e et l\u00e9g\u00e8rement acidul\u00e9e des baies fra\u00eechement cueillies. Chaque sachet fin, enti\u00e8rement blanc, contient 10,4 mg de nicotine, offrant un hit audacieux et satisfaisant con\u00e7u pour les utilisateurs exp\u00e9riment\u00e9s. Avec un ajustement discret et confortable sous la l\u00e8vre et une formule sans tache, ces sachets sont parfaits pour une utilisation \u00e0 tout moment, n'importe o\u00f9. Produites par le Groupe 77, elles t\u00e9moignent d'un engagement en faveur de la qualit\u00e9 et de l'innovation en mati\u00e8re de saveurs dans la cat\u00e9gorie des sachets de nicotine sans tabac.<\/p>\n<table>\n<tbody>\n<tr>\n<td><b>Attribut<\/b><\/td>\n<td><b>D\u00e9tails<\/b><\/td>\n<\/tr>\n<tr>\n<td><b>Contenu par bo\u00eete<\/b><\/td>\n<td><span style=\"font-weight: 400;\">13g (20 sachets)<\/span><\/td>\n<\/tr>\n<tr>\n<td><b>Teneur en nicotine<\/b><\/td>\n<td><span style=\"font-weight: 400;\">16 mg\/g (10,4 mg par sachet)<\/span><\/td>\n<\/tr>\n<tr>\n<td><b>Format de la pochette<\/b><\/td>\n<td><span style=\"font-weight: 400;\">Mince<\/span><\/td>\n<\/tr>\n<tr>\n<td><b>Producteur<\/b><\/td>\n<td><span style=\"font-weight: 400;\">77 Groupe<\/span><\/td>\n<\/tr>\n<tr>\n<td><b>Saveur<\/b><\/td>\n<td><span style=\"font-weight: 400;\">Myrtille<\/span><\/td>\n<\/tr>\n<tr>\n<td><b>Taper<\/b><\/td>\n<td><span style=\"font-weight: 400;\">Pochette toute blanche<\/span><\/td>\n<\/tr>\n<\/tbody>\n<\/table>","protected":false},"excerpt":{"rendered":"<p>Juteux, naturel <strong data-start=\"15\" data-end=\"28\">myrtille<\/strong> avec une finale froide et glac\u00e9e pour un go\u00fbt frais et l\u00e9g\u00e8rement acidul\u00e9. Le go\u00fbt est frais et l\u00e9g\u00e8rement acidul\u00e9. <strong data-start=\"90\" data-end=\"109\">mince, <\/strong>Les sachets enti\u00e8rement blancs se placent discr\u00e8tement et confortablement sous la l\u00e8vre pour une utilisation propre, \u00e0 tout moment. Chaque sachet contient <strong data-start=\"207\" data-end=\"227\">10,4 mg de nicotine<\/strong>, L'alcool est un produit de consommation courante, qui procure un coup de fouet r\u00e9gulier et de force moyenne, sans aucune trace de tabac.<\/p>","protected":false},"featured_media":10121,"comment_status":"open","ping_status":"closed","template":"","format":[206],"meta":{"_acf_changed":false},"product_brand":[],"product_cat":[23],"product_tag":[16543],"flavours":[196],"nicotine":[213,232],"class_list":{"0":"post-10120","1":"product","2":"type-product","3":"status-publish","4":"has-post-thumbnail","6":"product_cat-23","7":"product_tag-10-4-mg-pouch","8":"pa_quantity-1-pack","9":"pa_quantity-10-pack","10":"pa_quantity-3-pack","11":"pa_quantity-30-pack","12":"pa_quantity-5-pack","13":"pa_quantity-60-pack","14":"flavours-fruits-berries","15":"format-slim","16":"nicotine-16-mg-g","17":"nicotine-extra-strong","19":"first","20":"instock","21":"taxable","22":"shipping-taxable","23":"purchasable","24":"product-type-variable"},"acf":[],"_links":{"self":[{"href":"https:\/\/whitelip.com\/fr\/wp-json\/wp\/v2\/product\/10120","targetHints":{"allow":["GET"]}}],"collection":[{"href":"https:\/\/whitelip.com\/fr\/wp-json\/wp\/v2\/product"}],"about":[{"href":"https:\/\/whitelip.com\/fr\/wp-json\/wp\/v2\/types\/product"}],"replies":[{"embeddable":true,"href":"https:\/\/whitelip.com\/fr\/wp-json\/wp\/v2\/comments?post=10120"}],"wp:featuredmedia":[{"embeddable":true,"href":"https:\/\/whitelip.com\/fr\/wp-json\/wp\/v2\/media\/10121"}],"wp:attachment":[{"href":"https:\/\/whitelip.com\/fr\/wp-json\/wp\/v2\/media?parent=10120"}],"wp:term":[{"taxonomy":"product_brand","embeddable":true,"href":"https:\/\/whitelip.com\/fr\/wp-json\/wp\/v2\/product_brand?post=10120"},{"taxonomy":"product_cat","embeddable":true,"href":"https:\/\/whitelip.com\/fr\/wp-json\/wp\/v2\/product_cat?post=10120"},{"taxonomy":"product_tag","embeddable":true,"href":"https:\/\/whitelip.com\/fr\/wp-json\/wp\/v2\/product_tag?post=10120"},{"taxonomy":"flavours","embeddable":true,"href":"https:\/\/whitelip.com\/fr\/wp-json\/wp\/v2\/flavours?post=10120"},{"taxonomy":"format","embeddable":true,"href":"https:\/\/whitelip.com\/fr\/wp-json\/wp\/v2\/format?post=10120"},{"taxonomy":"nicotine","embeddable":true,"href":"https:\/\/whitelip.com\/fr\/wp-json\/wp\/v2\/nicotine?post=10120"}],"curies":[{"name":"wp","href":"https:\/\/api.w.org\/{rel}","templated":true}]}}