{"id":10115,"date":"2025-03-31T09:02:17","date_gmt":"2025-03-31T09:02:17","guid":{"rendered":"https:\/\/whitelip.com\/77-ghost-cola-ice-mini\/"},"modified":"2026-04-22T16:09:02","modified_gmt":"2026-04-22T16:09:02","slug":"77-ghost-cola-ice-mini","status":"publish","type":"product","link":"https:\/\/whitelip.com\/fr\/77\/77-ghost-cola-ice-mini\/","title":{"rendered":"77 Ghost Cola Ice Mini"},"content":{"rendered":"<h2><strong>77 Ghost Cola Ice Mini<\/strong><\/h2>\n<p class=\"\" data-start=\"89\" data-end=\"694\">77 Ghost Cola Ice Mini nicotine pouches combine le go\u00fbt audacieux et nostalgique du cola classique avec une touche de menthol glac\u00e9 pour une exp\u00e9rience rafra\u00eechissante et revigorante. Chaque mini-pochette enti\u00e8rement blanche d\u00e9livre 20 mg de nicotine, ce qui en fait une option puissante adapt\u00e9e aux utilisateurs tr\u00e8s exp\u00e9riment\u00e9s. Con\u00e7us pour une utilisation discr\u00e8te, les sachets se placent confortablement sous la l\u00e8vre sans tacher les dents, garantissant une exp\u00e9rience propre et pratique \u00e0 tout moment. Fabriqu\u00e9s par le Groupe 77, ces sachets sans tabac se distinguent par leur saveur intense et leur effet extra-fort, mettant en valeur l'innovation et la haute qualit\u00e9 de fabrication.<\/p>\n<table>\n<tbody>\n<tr>\n<td><b>Attribut<\/b><\/td>\n<td><b>D\u00e9tails<\/b><\/td>\n<\/tr>\n<tr>\n<td><b>Contenu par bo\u00eete<\/b><\/td>\n<td><span style=\"font-weight: 400;\">13g (20 sachets)<\/span><\/td>\n<\/tr>\n<tr>\n<td><b>Teneur en nicotine<\/b><\/td>\n<td><span style=\"font-weight: 400;\">40 mg\/g (20 mg par sachet)<\/span><\/td>\n<\/tr>\n<tr>\n<td><b>Format de la pochette<\/b><\/td>\n<td><span style=\"font-weight: 400;\">Mini<\/span><\/td>\n<\/tr>\n<tr>\n<td><b>Producteur<\/b><\/td>\n<td><span style=\"font-weight: 400;\">77 Groupe<\/span><\/td>\n<\/tr>\n<tr>\n<td><b>Saveur<\/b><\/td>\n<td><span style=\"font-weight: 400;\">Cola<\/span><\/td>\n<\/tr>\n<tr>\n<td><b>Taper<\/b><\/td>\n<td><span style=\"font-weight: 400;\">Pochette toute blanche<\/span><\/td>\n<\/tr>\n<\/tbody>\n<\/table>","protected":false},"excerpt":{"rendered":"<p>Audacieux, nostalgique <strong data-start=\"16\" data-end=\"41\">cola avec menthol glac\u00e9<\/strong> pour une touche de fra\u00eecheur. Les <strong data-start=\"75\" data-end=\"94\">mini,<\/strong> Les sachets enti\u00e8rement blancs se placent discr\u00e8tement sous la l\u00e8vre pour une utilisation propre, \u00e0 tout moment. Chaque sachet contient <strong data-start=\"176\" data-end=\"194\">20 mg de nicotine<\/strong>, Les utilisateurs exp\u00e9riment\u00e9s b\u00e9n\u00e9ficient d'un coup de fouet extra-fort et revigorant.<\/p>","protected":false},"featured_media":10116,"comment_status":"open","ping_status":"closed","template":"","format":[205],"meta":{"_acf_changed":false},"product_brand":[],"product_cat":[23],"product_tag":[16545],"flavours":[193,199],"nicotine":[225,233],"class_list":{"0":"post-10115","1":"product","2":"type-product","3":"status-publish","4":"has-post-thumbnail","6":"product_cat-23","7":"product_tag-20-mg-pouch","8":"pa_quantity-1-pack","9":"pa_quantity-10-pack","10":"pa_quantity-3-pack","11":"pa_quantity-30-pack","12":"pa_quantity-5-pack","13":"pa_quantity-60-pack","14":"flavours-cola","15":"flavours-mint","16":"format-mini","17":"nicotine-40-mg-g","18":"nicotine-extreme","20":"first","21":"instock","22":"taxable","23":"shipping-taxable","24":"purchasable","25":"product-type-variable","26":"has-default-attributes"},"acf":[],"_links":{"self":[{"href":"https:\/\/whitelip.com\/fr\/wp-json\/wp\/v2\/product\/10115","targetHints":{"allow":["GET"]}}],"collection":[{"href":"https:\/\/whitelip.com\/fr\/wp-json\/wp\/v2\/product"}],"about":[{"href":"https:\/\/whitelip.com\/fr\/wp-json\/wp\/v2\/types\/product"}],"replies":[{"embeddable":true,"href":"https:\/\/whitelip.com\/fr\/wp-json\/wp\/v2\/comments?post=10115"}],"wp:featuredmedia":[{"embeddable":true,"href":"https:\/\/whitelip.com\/fr\/wp-json\/wp\/v2\/media\/10116"}],"wp:attachment":[{"href":"https:\/\/whitelip.com\/fr\/wp-json\/wp\/v2\/media?parent=10115"}],"wp:term":[{"taxonomy":"product_brand","embeddable":true,"href":"https:\/\/whitelip.com\/fr\/wp-json\/wp\/v2\/product_brand?post=10115"},{"taxonomy":"product_cat","embeddable":true,"href":"https:\/\/whitelip.com\/fr\/wp-json\/wp\/v2\/product_cat?post=10115"},{"taxonomy":"product_tag","embeddable":true,"href":"https:\/\/whitelip.com\/fr\/wp-json\/wp\/v2\/product_tag?post=10115"},{"taxonomy":"flavours","embeddable":true,"href":"https:\/\/whitelip.com\/fr\/wp-json\/wp\/v2\/flavours?post=10115"},{"taxonomy":"format","embeddable":true,"href":"https:\/\/whitelip.com\/fr\/wp-json\/wp\/v2\/format?post=10115"},{"taxonomy":"nicotine","embeddable":true,"href":"https:\/\/whitelip.com\/fr\/wp-json\/wp\/v2\/nicotine?post=10115"}],"curies":[{"name":"wp","href":"https:\/\/api.w.org\/{rel}","templated":true}]}}