{"id":10047,"date":"2025-03-25T13:43:07","date_gmt":"2025-03-25T13:43:07","guid":{"rendered":"https:\/\/whitelip.com\/garant-raspberry-20mg\/"},"modified":"2026-05-06T10:11:19","modified_gmt":"2026-05-06T10:11:19","slug":"garant-raspberry-20mg","status":"publish","type":"product","link":"https:\/\/whitelip.com\/fr\/garant\/garant-raspberry-20mg\/","title":{"rendered":"Garant Framboise 20mg"},"content":{"rendered":"<h2><strong>Garant Framboise 20mg<\/strong><\/h2>\n<p>Les sachets de nicotine Garant Framboise offrent une saveur vibrante et vive, combinant des notes sucr\u00e9es et acidul\u00e9es avec un soup\u00e7on d'acidit\u00e9 pour une exp\u00e9rience fruit\u00e9e parfaitement \u00e9quilibr\u00e9e. Le go\u00fbt vif de la framboise offre une explosion rafra\u00eechissante, tandis que l'acidit\u00e9 douce ajoute de la profondeur au profil de saveur. Chaque sachet fin, enti\u00e8rement blanc, contient 10 mg de nicotine, pour un total de 20 mg de nicotine par gramme, offrant un effet puissant et durable. Con\u00e7us pour une utilisation discr\u00e8te, ces sachets sans tabac se placent confortablement sous la l\u00e8vre, offrant une exp\u00e9rience nicotinique agr\u00e9able et durable \u00e0 ceux qui appr\u00e9cient les saveurs fruit\u00e9es et audacieuses.<\/p>\n<table>\n<tbody>\n<tr>\n<td><b>Attribut<\/b><\/td>\n<td><b>D\u00e9tails<\/b><\/td>\n<\/tr>\n<tr>\n<td><span style=\"font-weight: 400;\">Contenu par bo\u00eete<\/span><\/td>\n<td>27 sachets<\/td>\n<\/tr>\n<tr>\n<td><span style=\"font-weight: 400;\">Teneur en nicotine<\/span><\/td>\n<td><span style=\"font-weight: 400;\">20 mg\/g (10 mg par sachet)<\/span><\/td>\n<\/tr>\n<tr>\n<td><span style=\"font-weight: 400;\">Format de la pochette<\/span><\/td>\n<td><span style=\"font-weight: 400;\">Mince<\/span><\/td>\n<\/tr>\n<tr>\n<td><span style=\"font-weight: 400;\">Producteur<\/span><\/td>\n<td><span style=\"font-weight: 400;\">Garant<\/span><\/td>\n<\/tr>\n<tr>\n<td><span style=\"font-weight: 400;\">Saveur<\/span><\/td>\n<td>Framboise<\/td>\n<\/tr>\n<tr>\n<td><span style=\"font-weight: 400;\">Taper<\/span><\/td>\n<td><span style=\"font-weight: 400;\">Pochette enti\u00e8rement blanche, sans tabac<\/span><\/td>\n<\/tr>\n<\/tbody>\n<\/table>","protected":false},"excerpt":{"rendered":"<p>Brillant, doux-tangr\u00e9 <strong data-start=\"20\" data-end=\"33\">framboise<\/strong> avec un soup\u00e7on d'acidit\u00e9 pour une explosion \u00e9quilibr\u00e9e et fruit\u00e9e. <strong data-start=\"88\" data-end=\"96\">Mince<\/strong>, Les sachets sans tabac, enti\u00e8rement blancs, se placent discr\u00e8tement sous la l\u00e8vre pour une utilisation confortable. Chaque sachet contient <strong data-start=\"200\" data-end=\"218\">10 mg de nicotine<\/strong> (20 mg\/g), pour un effet puissant et durable.<\/p>","protected":false},"featured_media":10048,"comment_status":"open","ping_status":"closed","template":"","format":[206],"meta":{"_acf_changed":false},"product_brand":[],"product_cat":[102],"product_tag":[16587,16510],"flavours":[196],"nicotine":[218,232],"class_list":{"0":"post-10047","1":"product","2":"type-product","3":"status-publish","4":"has-post-thumbnail","6":"product_cat-garant","7":"product_tag-10-mg-pouch","8":"product_tag-12-off","9":"pa_quantity-1-pack","10":"pa_quantity-10-pack","11":"pa_quantity-3-pack","12":"pa_quantity-30-pack","13":"pa_quantity-5-pack","14":"pa_quantity-60-pack","15":"flavours-fruits-berries","16":"format-slim","17":"nicotine-20-mg-g","18":"nicotine-extra-strong","20":"first","21":"instock","22":"sale","23":"taxable","24":"shipping-taxable","25":"purchasable","26":"product-type-variable","27":"has-default-attributes"},"acf":[],"_links":{"self":[{"href":"https:\/\/whitelip.com\/fr\/wp-json\/wp\/v2\/product\/10047","targetHints":{"allow":["GET"]}}],"collection":[{"href":"https:\/\/whitelip.com\/fr\/wp-json\/wp\/v2\/product"}],"about":[{"href":"https:\/\/whitelip.com\/fr\/wp-json\/wp\/v2\/types\/product"}],"replies":[{"embeddable":true,"href":"https:\/\/whitelip.com\/fr\/wp-json\/wp\/v2\/comments?post=10047"}],"wp:featuredmedia":[{"embeddable":true,"href":"https:\/\/whitelip.com\/fr\/wp-json\/wp\/v2\/media\/10048"}],"wp:attachment":[{"href":"https:\/\/whitelip.com\/fr\/wp-json\/wp\/v2\/media?parent=10047"}],"wp:term":[{"taxonomy":"product_brand","embeddable":true,"href":"https:\/\/whitelip.com\/fr\/wp-json\/wp\/v2\/product_brand?post=10047"},{"taxonomy":"product_cat","embeddable":true,"href":"https:\/\/whitelip.com\/fr\/wp-json\/wp\/v2\/product_cat?post=10047"},{"taxonomy":"product_tag","embeddable":true,"href":"https:\/\/whitelip.com\/fr\/wp-json\/wp\/v2\/product_tag?post=10047"},{"taxonomy":"flavours","embeddable":true,"href":"https:\/\/whitelip.com\/fr\/wp-json\/wp\/v2\/flavours?post=10047"},{"taxonomy":"format","embeddable":true,"href":"https:\/\/whitelip.com\/fr\/wp-json\/wp\/v2\/format?post=10047"},{"taxonomy":"nicotine","embeddable":true,"href":"https:\/\/whitelip.com\/fr\/wp-json\/wp\/v2\/nicotine?post=10047"}],"curies":[{"name":"wp","href":"https:\/\/api.w.org\/{rel}","templated":true}]}}